{"id":85501,"date":"2025-03-25T09:26:32","date_gmt":"2025-03-25T08:26:32","guid":{"rendered":"https:\/\/www.raschvin.com\/produkt\/champagne-michel-vallez-blanc-de-noirs-brut-75-cl\/"},"modified":"2025-03-25T09:26:32","modified_gmt":"2025-03-25T08:26:32","slug":"champagne-michel-vallez-blanc-de-noirs-brut-75-cl","status":"publish","type":"product","link":"https:\/\/www.raschvin.com\/sv\/produkt\/champagne-michel-vallez-blanc-de-noirs-brut-75-cl\/","title":{"rendered":"Champagne Michel Vallez Blanc de Noirs Brut 75 cl."},"content":{"rendered":"<p>Champagne Michel Vallez \u2013 Elegans och Friskhet<\/p>\n<p>Champagne Michel Vallez skapades av Michel Dervin, som 1983 f\u00f6rverkligade sin dr\u00f6m om att skapa egna cuv\u00e9er. Ving\u00e5rden ligger i Cuchery i hj\u00e4rtat av Marne-dalen och omfattar 7,8 hektar vinmarker d\u00e4r Meunier och Pinot Noir skapar husets signaturcuv\u00e9er: Blanc de Noirs, Ros\u00e9 och Mill\u00e9sime.<\/p>\n<p>Druvorna sk\u00f6rdas varsamt f\u00f6r hand, och j\u00e4sningen sker i temperaturkontrollerade st\u00e5ltankar f\u00f6r att s\u00e4kerst\u00e4lla finess och bevara druvornas naturliga syra. Champagnen lagras i 24-36 m\u00e5nader f\u00f6r optimal komplexitet och friskhet.<\/p>\n<p>Skickar du champagne som g\u00e5va? L\u00e4gg till ett gratis kort!<\/p>\n<p>G\u00f6r din g\u00e5va mer personlig. N\u00e4r du skickar en vara direkt till mottagaren kan du i varukorgen l\u00e4gga till ett gratis kort med en personlig h\u00e4lsning. P\u00e5 s\u00e5 s\u00e4tt f\u00e5r de inte bara en fantastisk g\u00e5va utan ocks\u00e5 din egen speciella h\u00e4lsning som g\u00f6r det extra minnesv\u00e4rt. Enkel och omt\u00e4nksam g\u00e5vogivning f\u00f6r alla tillf\u00e4llen!<\/p>\n<p>En karakt\u00e4rsfull, frisk, rund och fruktig champagne. Uttrycksfulla aromer av bakade exotiska frukter ackompanjeras av toner av grapefrukt och apelsin p\u00e5 tungan. Komplext, med en perfekt balans mellan socker och syra.<\/p>\n<p>Lagrad 24-36 m\u00e5nader i k\u00e4llaren. Dosage (socker): 10g\/L.<\/p>\n<p>Om Champagne Michel Vallez<\/p>\n<p>Champagne Michel Vallez grundades av Michel Dervin, en champagnebo som redan i unga \u00e5r dr\u00f6mde om att bli vinodlare och skapa sina egna cuv\u00e9er. 1983 blev dr\u00f6mmen verklighet n\u00e4r han skapade Champagne Michel Dervin. Han b\u00f6rjade med en liten ving\u00e5rd, som han med tiden utvecklade till en egendom p\u00e5 7,8 hektar i byn Cuchery, bel\u00e4gen vid en liten biflod till Marne med en h\u00e4nf\u00f6rande utsikt \u00f6ver kullarna.<\/p>\n<p>Cuv\u00e9erna \u00e4r ett uttryck f\u00f6r terroiren i hj\u00e4rtat av Marne-dalen, d\u00e4r den dominerande druvan \u00e4r Meunier. Husets Blanc de Noirs, Ros\u00e9 och Mill\u00e9sime f\u00e5r sin unika karakt\u00e4r fr\u00e5n en blandning som enbart best\u00e5r av m\u00f6rka druvor med vitt fruktk\u00f6tt \u2013 Pinot Noir och Meunier.<\/p>\n<p>Druvorna sk\u00f6rdas f\u00f6r hand och pressas varsamt. J\u00e4sning och stabilisering sker i rostfria st\u00e5ltankar med temperaturkontroll f\u00f6r att bevara vinets finess och aromatiska komplexitet. Ingen malolaktisk j\u00e4sning utf\u00f6rs f\u00f6r att b\u00e4st bevara druvornas naturliga syra. K\u00e4llaren h\u00e5ller en konstant temperatur och \u00e4r skyddad fr\u00e5n ljus. Champagnerna lagras l\u00e4ngre \u00e4n vad reglerna f\u00f6reskriver (cirka 36 m\u00e5nader).<\/p>\n<p>Michel Vallez st\u00e5r f\u00f6r livlig, frisk och \u00e4rlig champagne.<\/p>\n","protected":false},"excerpt":{"rendered":"<p>Champagne de France<\/p>\n","protected":false},"featured_media":85536,"template":"","meta":{"_acf_changed":false,"rs_blank_template":"","rs_page_bg_color":"","slide_template_v7":""},"product_brand":[],"product_cat":[2745,2747],"product_tag":[],"class_list":{"0":"post-85501","1":"product","2":"type-product","3":"status-publish","4":"has-post-thumbnail","6":"product_cat-champagne-sv","7":"product_cat-non-vintage-sv","8":"pa_aargang-none-vintage-nv-sv","9":"pa_champagne-type-brut-sv","10":"pa_drue-pinot-meunier-sv","11":"pa_drue-pinot-noir-sv","12":"pa_land-frankrike","13":"pa_procent-12-sv","14":"pa_producent-champagne-michel-vallez-sv","15":"pa_region-champagne-sv","16":"pa_serveringstemperatur-10-12-sv-2","17":"pa_volume-75-sv","19":"first","20":"instock","21":"taxable","22":"shipping-taxable","23":"purchasable","24":"product-type-simple"},"bundled_by":[],"bundle_stock_status":"instock","bundle_stock_quantity":null,"bundle_virtual":false,"bundle_layout":"","bundle_add_to_cart_form_location":"","bundle_editable_in_cart":false,"bundle_sold_individually_context":"","bundle_item_grouping":"","bundle_min_size":"","bundle_max_size":"","bundle_price":[],"bundled_items":[],"bundle_sell_ids":[],"acf":[],"_links":{"self":[{"href":"https:\/\/www.raschvin.com\/sv\/wp-json\/wp\/v2\/product\/85501","targetHints":{"allow":["GET"]}}],"collection":[{"href":"https:\/\/www.raschvin.com\/sv\/wp-json\/wp\/v2\/product"}],"about":[{"href":"https:\/\/www.raschvin.com\/sv\/wp-json\/wp\/v2\/types\/product"}],"wp:featuredmedia":[{"embeddable":true,"href":"https:\/\/www.raschvin.com\/sv\/wp-json\/wp\/v2\/media\/85536"}],"wp:attachment":[{"href":"https:\/\/www.raschvin.com\/sv\/wp-json\/wp\/v2\/media?parent=85501"}],"wp:term":[{"taxonomy":"product_brand","embeddable":true,"href":"https:\/\/www.raschvin.com\/sv\/wp-json\/wp\/v2\/product_brand?post=85501"},{"taxonomy":"product_cat","embeddable":true,"href":"https:\/\/www.raschvin.com\/sv\/wp-json\/wp\/v2\/product_cat?post=85501"},{"taxonomy":"product_tag","embeddable":true,"href":"https:\/\/www.raschvin.com\/sv\/wp-json\/wp\/v2\/product_tag?post=85501"}],"curies":[{"name":"wp","href":"https:\/\/api.w.org\/{rel}","templated":true}]}}