{"id":85190,"date":"2025-03-20T14:32:14","date_gmt":"2025-03-20T13:32:14","guid":{"rendered":"https:\/\/www.raschvin.com\/produkt\/corsendonk-agnus-tripel-ale-75-cl-75\/"},"modified":"2025-03-20T14:32:14","modified_gmt":"2025-03-20T13:32:14","slug":"corsendonk-agnus-tripel-ale-75-cl-75","status":"publish","type":"product","link":"https:\/\/www.raschvin.com\/sv\/produkt\/corsendonk-agnus-tripel-ale-75-cl-75\/","title":{"rendered":"Corsendonk Agnus Tripel Ale 75 cl. 7,5%"},"content":{"rendered":"<p>Corsendonk Agnus Tripel \u00e4r en belgisk kloster\u00f6l bryggd av Brouwerij Corsendonk. Denna gyllene och l\u00e4tt disiga tripel har en alkoholhalt p\u00e5 7,5 % och pryds av ett karakteristiskt frasigt och h\u00f6gt vitt skum. \u00d6len erbjuder en komplex smakprofil med maltens fina s\u00f6tma och toner av br\u00f6d och f\u00e4rskt spannm\u00e5l. Dessutom framtr\u00e4der fruktiga aromer av citrus samt torkade frukter s\u00e5som aprikos och banan. Den relativt h\u00f6ga alkoholhalten bidrar till \u00f6lets komplexitet och en behaglig munk\u00e4nsla. Avslutningsvis har \u00f6len en balanserad humlebeska som kompletterar de rika och sofistikerade smaknyanserna.<\/p>\n","protected":false},"excerpt":{"rendered":"<p>Brewed and Bottled in Belgium<\/p>\n","protected":false},"featured_media":85371,"template":"","meta":{"_acf_changed":false,"rs_blank_template":"","rs_page_bg_color":"","slide_template_v7":""},"product_brand":[],"product_cat":[2802,7193,2801],"product_tag":[],"class_list":{"0":"post-85190","1":"product","2":"type-product","3":"status-publish","4":"has-post-thumbnail","6":"product_cat-ale-sv","7":"product_cat-golden-ale-sv","8":"product_cat-oel-sv","9":"pa_champagne-type-ale-sv","10":"pa_land-belgien-sv","11":"pa_procent-7-5-sv","12":"pa_producent-corsendonk-sv","13":"pa_volume-75-sv","15":"first","16":"instock","17":"taxable","18":"shipping-taxable","19":"purchasable","20":"product-type-simple"},"bundled_by":[],"bundle_stock_status":"instock","bundle_stock_quantity":null,"bundle_virtual":false,"bundle_layout":"","bundle_add_to_cart_form_location":"","bundle_editable_in_cart":false,"bundle_sold_individually_context":"","bundle_item_grouping":"","bundle_min_size":"","bundle_max_size":"","bundle_price":[],"bundled_items":[],"bundle_sell_ids":[],"acf":[],"_links":{"self":[{"href":"https:\/\/www.raschvin.com\/sv\/wp-json\/wp\/v2\/product\/85190","targetHints":{"allow":["GET"]}}],"collection":[{"href":"https:\/\/www.raschvin.com\/sv\/wp-json\/wp\/v2\/product"}],"about":[{"href":"https:\/\/www.raschvin.com\/sv\/wp-json\/wp\/v2\/types\/product"}],"wp:featuredmedia":[{"embeddable":true,"href":"https:\/\/www.raschvin.com\/sv\/wp-json\/wp\/v2\/media\/85371"}],"wp:attachment":[{"href":"https:\/\/www.raschvin.com\/sv\/wp-json\/wp\/v2\/media?parent=85190"}],"wp:term":[{"taxonomy":"product_brand","embeddable":true,"href":"https:\/\/www.raschvin.com\/sv\/wp-json\/wp\/v2\/product_brand?post=85190"},{"taxonomy":"product_cat","embeddable":true,"href":"https:\/\/www.raschvin.com\/sv\/wp-json\/wp\/v2\/product_cat?post=85190"},{"taxonomy":"product_tag","embeddable":true,"href":"https:\/\/www.raschvin.com\/sv\/wp-json\/wp\/v2\/product_tag?post=85190"}],"curies":[{"name":"wp","href":"https:\/\/api.w.org\/{rel}","templated":true}]}}