{"id":84995,"date":"2025-03-20T08:21:35","date_gmt":"2025-03-20T07:21:35","guid":{"rendered":"https:\/\/www.raschvin.com\/produkt\/foursquare-equidem-14y-exceptional-cask-selection-70-cl-61\/"},"modified":"2026-04-01T19:48:47","modified_gmt":"2026-04-01T17:48:47","slug":"foursquare-equidem-14y-exceptional-cask-selection-70-cl-61","status":"publish","type":"product","link":"https:\/\/www.raschvin.com\/sv\/produkt\/foursquare-equidem-14y-exceptional-cask-selection-70-cl-61\/","title":{"rendered":"Foursquare Equidem 14Y Exceptional Cask Selection 70 cl. 61%"},"content":{"rendered":"<p>Foursquare Equidem, den tjugosjunde utg\u00e5van (Mark XXVII) i den prestigefyllda Exceptional Cask Selection-serien, \u00e4r ett sant m\u00e4sterverk. Denna rom lever helt upp till f\u00f6rv\u00e4ntningarna hos b\u00e5de yrkesverksamma och entusiaster som beundrar det kompromissl\u00f6sa hantverket och det innovativa arbetet fr\u00e5n teamet p\u00e5 Foursquare Rum Distillery.<\/p>\n<p>Den st\u00f6rsta attraktionen med denna utg\u00e5va \u00e4r att det \u00e4r den f\u00f6rsta buteljeringen fr\u00e5n Foursquare som inneh\u00e5ller rom lagrad i Black Muscat-fat \u2013 ett s\u00f6tt dessertvin k\u00e4nt f\u00f6r sina intensiva aromer och fruktiga komplexitet.<\/p>\n<p>Resultatet \u00e4r en unik fusion av tv\u00e5 blends:<\/p>\n<p>Rom som har lagrats i 5 \u00e5r p\u00e5 ex-bourbonfat, f\u00f6ljt av ytterligare 9 \u00e5r p\u00e5 ex-Black Muscat-fat.<br \/>\nEn rom som har lagrats i hela 14 \u00e5r p\u00e5 ett post-bourbonfat.<br \/>\nTillsammans skapar de en Single Blended Rum som kombinerar tunga och l\u00e4tta destillat fr\u00e5n b\u00e5de en koppar dubbel-retort pot still och en kontinuerlig tv\u00e5kolonnspann.<\/p>\n<p>Denna rom \u00e4r fullt ut lagrad, blandad och buteljerad p\u00e5 plats vid det legendariska Foursquare Distillery i Barbados.<\/p>\n<p>Med en alkoholhalt p\u00e5 61 %, utan kylfiltrering, tillsatser eller artificiella f\u00e4rg\u00e4mnen, \u00e4r Equidem en symbol f\u00f6r renhet och m\u00e4sterskap. Denna rom \u00e4r det perfekta valet f\u00f6r konn\u00e4ss\u00f6rer som uppskattar dess unika ursprung och komplexitet.<\/p>\n<p>Smakprofil<br \/>\nF\u00e4rg: B\u00e4rnstensf\u00e4rgad med bruna nyanser<br \/>\nDoft: Intensiv, med saftiga sultanrussin, \u00f6vermogna nektariner och plommon, syrliga citroner och clementiner med en hint av marsipan, ingef\u00e4ra och torkad gurkmeja<br \/>\nSmak: Kr\u00e4mig, mjuk, l\u00e4tt karamellig ton som utvecklas till s\u00f6ta, syltiga sommarfrukter \u2013 persikor och plommon<br \/>\nEftersmak: L\u00e5ng, bitter svart te, ingef\u00e4ra, kryddor<\/p>\n","protected":false},"excerpt":{"rendered":"<p>Single Blended Rum \u2013 Barbados<\/p>\n","protected":false},"featured_media":85362,"template":"","meta":{"_acf_changed":false,"rs_blank_template":"","rs_page_bg_color":"","slide_template_v7":""},"product_brand":[],"product_cat":[2387,4634,2391],"product_tag":[],"class_list":{"0":"post-84995","1":"product","2":"type-product","3":"status-publish","4":"has-post-thumbnail","6":"product_cat-avec-sv","7":"product_cat-premium-aged-sv","8":"product_cat-rom-sv","9":"pa_land-barbados-sv","10":"pa_procent-61-sv","11":"pa_producent-foursquare-sv","12":"pa_volume-70-sv-2","14":"first","15":"outofstock","16":"taxable","17":"shipping-taxable","18":"purchasable","19":"product-type-simple"},"bundled_by":[],"bundle_stock_status":"outofstock","bundle_stock_quantity":0,"bundle_virtual":false,"bundle_layout":"","bundle_add_to_cart_form_location":"","bundle_editable_in_cart":false,"bundle_sold_individually_context":"","bundle_item_grouping":"","bundle_min_size":"","bundle_max_size":"","bundle_price":[],"bundled_items":[],"bundle_sell_ids":[],"acf":[],"_links":{"self":[{"href":"https:\/\/www.raschvin.com\/sv\/wp-json\/wp\/v2\/product\/84995","targetHints":{"allow":["GET"]}}],"collection":[{"href":"https:\/\/www.raschvin.com\/sv\/wp-json\/wp\/v2\/product"}],"about":[{"href":"https:\/\/www.raschvin.com\/sv\/wp-json\/wp\/v2\/types\/product"}],"wp:featuredmedia":[{"embeddable":true,"href":"https:\/\/www.raschvin.com\/sv\/wp-json\/wp\/v2\/media\/85362"}],"wp:attachment":[{"href":"https:\/\/www.raschvin.com\/sv\/wp-json\/wp\/v2\/media?parent=84995"}],"wp:term":[{"taxonomy":"product_brand","embeddable":true,"href":"https:\/\/www.raschvin.com\/sv\/wp-json\/wp\/v2\/product_brand?post=84995"},{"taxonomy":"product_cat","embeddable":true,"href":"https:\/\/www.raschvin.com\/sv\/wp-json\/wp\/v2\/product_cat?post=84995"},{"taxonomy":"product_tag","embeddable":true,"href":"https:\/\/www.raschvin.com\/sv\/wp-json\/wp\/v2\/product_tag?post=84995"}],"curies":[{"name":"wp","href":"https:\/\/api.w.org\/{rel}","templated":true}]}}