{"id":84649,"date":"2025-03-15T08:12:42","date_gmt":"2025-03-15T07:12:42","guid":{"rendered":"https:\/\/www.raschvin.com\/produkt\/disaronno-velvet-liqueur-70-cl-17\/"},"modified":"2025-03-15T08:12:42","modified_gmt":"2025-03-15T07:12:42","slug":"disaronno-velvet-liqueur-70-cl-17","status":"publish","type":"product","link":"https:\/\/www.raschvin.com\/sv\/produkt\/disaronno-velvet-liqueur-70-cl-17\/","title":{"rendered":"Disaronno Velvet Liqueur 70 cl. 17%"},"content":{"rendered":"<p>Disaronno Velvet \u00e4r en italiensk gr\u00e4ddlik\u00f6r som kombinerar den karakteristiska mandelsmaken fr\u00e5n Disaronno Originale med en kr\u00e4mig och sammetslen textur. Denna harmoniska blandning resulterar i en s\u00f6t och fyllig smakupplevelse med tydliga toner av mandelmassa och gr\u00e4dde.<\/p>\n<p>Producenten bakom Disaronno Velvet \u00e4r ILLVA Saronno, ett italienskt f\u00f6retag k\u00e4nt f\u00f6r att representera &#8221;Made in Italy&#8221;-stilen och den italienska dryckeshantverkstraditionen. F\u00f6rutom Disaronno omfattar deras portf\u00f6lj \u00e4ven produkter som Tia Maria, Zucca, Isolabella, Amaro 18 och Aurum.<\/p>\n<p>Disaronno Velvet avnjuts b\u00e4st kyld \u00f6ver is, vilket framh\u00e4ver dess friska och s\u00f6ta smakprofil. Den passar ocks\u00e5 utm\u00e4rkt som en svalkande sommardrink, som en f\u00f6ljeslagare till desserter eller som avec \u00e5ret runt.<\/p>\n<p>Drinktips med Disaronno Velvet:<\/p>\n<p>Velvet Espresso Martini<br \/>\nEn somrig kaffedrink d\u00e4r Disaronno Velvet kombineras med espresso f\u00f6r en kr\u00e4mig och uppfriskande smakupplevelse.<\/p>\n<p>Disaronno Velvet Coconut<br \/>\nEn enkel och fr\u00e4sch drink d\u00e4r Disaronno Velvet blandas med kokosvatten och krossad is, vilket ger en smak av &#8221;la dolce vita&#8221;.<\/p>\n<p>Enligt legenden uppstod Disaronno redan 1525 som en k\u00e4rleksg\u00e5va fr\u00e5n en musa till ren\u00e4ssansm\u00e5laren Bernardino Luini, vilket har gett den smeknamnet &#8221;k\u00e4rlekens lik\u00f6r&#8221;. Disaronno Velvet \u00e4r en modern tolkning av denna klassiska lik\u00f6r och erbjuder en mjuk och kr\u00e4mig smakupplevelse f\u00f6r b\u00e5de nya och erfarna lik\u00f6r\u00e4lskare.<\/p>\n","protected":false},"excerpt":{"rendered":"<p>Italian Cream Liqueur with a taste of Disaronno<\/p>\n","protected":false},"featured_media":84677,"template":"","meta":{"_acf_changed":false,"rs_blank_template":"","rs_page_bg_color":"","slide_template_v7":""},"product_brand":[],"product_cat":[4716,2387,4676,4673,2390],"product_tag":[],"class_list":{"0":"post-84649","1":"product","2":"type-product","3":"status-publish","4":"has-post-thumbnail","6":"product_cat-andra-likorer","7":"product_cat-avec-sv","8":"product_cat-choklad","9":"product_cat-creme-sv","10":"product_cat-sprit","11":"pa_land-italien-sv","12":"pa_procent-17-sv","13":"pa_producent-domenico-reina-sv","14":"pa_serveringstemperatur-8-10-sv","15":"pa_volume-70-sv-2","17":"first","18":"instock","19":"taxable","20":"shipping-taxable","21":"purchasable","22":"product-type-simple"},"bundled_by":[],"bundle_stock_status":"instock","bundle_stock_quantity":null,"bundle_virtual":false,"bundle_layout":"","bundle_add_to_cart_form_location":"","bundle_editable_in_cart":false,"bundle_sold_individually_context":"","bundle_item_grouping":"","bundle_min_size":"","bundle_max_size":"","bundle_price":[],"bundled_items":[],"bundle_sell_ids":[],"acf":[],"_links":{"self":[{"href":"https:\/\/www.raschvin.com\/sv\/wp-json\/wp\/v2\/product\/84649","targetHints":{"allow":["GET"]}}],"collection":[{"href":"https:\/\/www.raschvin.com\/sv\/wp-json\/wp\/v2\/product"}],"about":[{"href":"https:\/\/www.raschvin.com\/sv\/wp-json\/wp\/v2\/types\/product"}],"wp:featuredmedia":[{"embeddable":true,"href":"https:\/\/www.raschvin.com\/sv\/wp-json\/wp\/v2\/media\/84677"}],"wp:attachment":[{"href":"https:\/\/www.raschvin.com\/sv\/wp-json\/wp\/v2\/media?parent=84649"}],"wp:term":[{"taxonomy":"product_brand","embeddable":true,"href":"https:\/\/www.raschvin.com\/sv\/wp-json\/wp\/v2\/product_brand?post=84649"},{"taxonomy":"product_cat","embeddable":true,"href":"https:\/\/www.raschvin.com\/sv\/wp-json\/wp\/v2\/product_cat?post=84649"},{"taxonomy":"product_tag","embeddable":true,"href":"https:\/\/www.raschvin.com\/sv\/wp-json\/wp\/v2\/product_tag?post=84649"}],"curies":[{"name":"wp","href":"https:\/\/api.w.org\/{rel}","templated":true}]}}