{"id":84585,"date":"2025-03-14T08:28:41","date_gmt":"2025-03-14T07:28:41","guid":{"rendered":"https:\/\/www.raschvin.com\/produkt\/plani-arche-montefalco-sagrantino-bio-75-cl\/"},"modified":"2026-03-04T11:57:52","modified_gmt":"2026-03-04T10:57:52","slug":"plani-arche-montefalco-sagrantino-bio-75-cl","status":"publish","type":"product","link":"https:\/\/www.raschvin.com\/sv\/produkt\/plani-arche-montefalco-sagrantino-bio-75-cl\/","title":{"rendered":"Plani Arche \u2013 Montefalco Sagrantino DOCG (BIO) 2020 75 cl."},"content":{"rendered":"<p>Sagrantino f\u00f6rekommer n\u00e4stan uteslutande i Umbrien och ger viner som \u00e4r rika och kraftfulla till sin natur. Detta \u00e4r ett sant och vackert uttryck f\u00f6r druvan och det land d\u00e4r den odlas. Vinet \u00e4r framst\u00e4llt av familjen DiFilippo, som odlar inhemska centralitalienska druvsorter med en ekologisk och extremt l\u00e5gingripande metod \u2013 g\u00e4ss anv\u00e4nds f\u00f6r att jaga bort r\u00e4var och skydda vinrankorna, medan arbetsh\u00e4star pl\u00f6jer jorden.<\/p>\n<p>Vinet lagras i 12 m\u00e5nader p\u00e5 ekfat, f\u00f6ljt av ytterligare 24 m\u00e5nader p\u00e5 flaska, vilket resulterar i en fyllig och l\u00e5ngvarig smakprofil med en kraftig tanninstruktur. Intensiva aromer av r\u00f6da b\u00e4r f\u00f6ljs av toner av m\u00f6rka bj\u00f6rnb\u00e4rsliknande frukter, l\u00e4der och tj\u00e4ra p\u00e5 gommen. \u00c4ven om vinet \u00e4r mycket drickv\u00e4nligt redan nu, kan det lagras i ett decennium och fortfarande visa sin fulla sk\u00f6nhet \u2013 och mer d\u00e4rtill! Perfekt till smakrika r\u00e4tter s\u00e5som kryddig korv och kr\u00e4miga ostar.<\/p>\n<p>Druva<br \/>\n100 % Sagrantino<\/p>\n<p>Jordm\u00e5n<br \/>\nLerig-kalkhaltig bergsjord<\/p>\n<p>Odlingstyp<br \/>\nGuyot och kordon<\/p>\n<p>Planter per hektar<br \/>\n5 000<\/p>\n<p>Avkastning per hektar<br \/>\n4 500 kg<\/p>\n<p>Vinifikation<br \/>\nTraditionell maceration med l\u00e5ng kontakt<\/p>\n<p>Mognad<br \/>\n12 m\u00e5nader p\u00e5 tr\u00e4fat<\/p>\n<p>Arom<br \/>\nIntensiva r\u00f6da b\u00e4r med en antydan av flinta<\/p>\n<p>Smak<br \/>\nFyllig och l\u00e5ngvarig med en sammetslen men kraftfull tanninstruktur<\/p>\n<p>F\u00e4rg<br \/>\nRubinr\u00f6d som med tiden f\u00e5r en granatr\u00f6d nyans<\/p>\n<p>Lagringspotential<br \/>\nL\u00e5ng<\/p>\n<p>Passar till<br \/>\nVilt och lagrade ostar<\/p>\n<p>Ekologisk odling<br \/>\nwww.planiarche.it<\/p>\n","protected":false},"excerpt":{"rendered":"<p>Organic Wine \u2013 Umbria \u2013 Italy<\/p>\n","protected":false},"featured_media":84598,"template":"","meta":{"_acf_changed":false,"rs_blank_template":"","rs_page_bg_color":"","slide_template_v7":""},"product_brand":[],"product_cat":[4481,2788,2798],"product_tag":[],"class_list":{"0":"post-84585","1":"product","2":"type-product","3":"status-publish","4":"has-post-thumbnail","6":"product_cat-naturvin-sv","7":"product_cat-vin-sv","8":"product_cat-roedvin-sv","9":"pa_aargang-2020-sv","10":"pa_drue-sagrantino-sv","11":"pa_land-italien-sv","12":"pa_naturlig-vin-yes-2-sv","13":"pa_oekologisk-yes-sv","14":"pa_procent-14-5-sv","15":"pa_producent-plani-arche-sv","16":"pa_region-umbria-sv","17":"pa_serveringstemperatur-18-20-sv","18":"pa_volume-75-sv","20":"first","21":"instock","22":"taxable","23":"shipping-taxable","24":"purchasable","25":"product-type-simple"},"bundled_by":["119822","120157","120628"],"bundle_stock_status":"instock","bundle_stock_quantity":null,"bundle_virtual":false,"bundle_layout":"","bundle_add_to_cart_form_location":"","bundle_editable_in_cart":false,"bundle_sold_individually_context":"","bundle_item_grouping":"","bundle_min_size":"","bundle_max_size":"","bundle_price":[],"bundled_items":[],"bundle_sell_ids":[],"acf":[],"_links":{"self":[{"href":"https:\/\/www.raschvin.com\/sv\/wp-json\/wp\/v2\/product\/84585","targetHints":{"allow":["GET"]}}],"collection":[{"href":"https:\/\/www.raschvin.com\/sv\/wp-json\/wp\/v2\/product"}],"about":[{"href":"https:\/\/www.raschvin.com\/sv\/wp-json\/wp\/v2\/types\/product"}],"wp:featuredmedia":[{"embeddable":true,"href":"https:\/\/www.raschvin.com\/sv\/wp-json\/wp\/v2\/media\/84598"}],"wp:attachment":[{"href":"https:\/\/www.raschvin.com\/sv\/wp-json\/wp\/v2\/media?parent=84585"}],"wp:term":[{"taxonomy":"product_brand","embeddable":true,"href":"https:\/\/www.raschvin.com\/sv\/wp-json\/wp\/v2\/product_brand?post=84585"},{"taxonomy":"product_cat","embeddable":true,"href":"https:\/\/www.raschvin.com\/sv\/wp-json\/wp\/v2\/product_cat?post=84585"},{"taxonomy":"product_tag","embeddable":true,"href":"https:\/\/www.raschvin.com\/sv\/wp-json\/wp\/v2\/product_tag?post=84585"}],"curies":[{"name":"wp","href":"https:\/\/api.w.org\/{rel}","templated":true}]}}