{"id":84581,"date":"2025-03-14T08:06:21","date_gmt":"2025-03-14T07:06:21","guid":{"rendered":"https:\/\/www.raschvin.com\/produkt\/opthimus-ron-giftpack-6x2-cl-3966\/"},"modified":"2025-03-14T08:06:21","modified_gmt":"2025-03-14T07:06:21","slug":"opthimus-ron-giftpack-6x2-cl-3966","status":"publish","type":"product","link":"https:\/\/www.raschvin.com\/sv\/produkt\/opthimus-ron-giftpack-6x2-cl-3966\/","title":{"rendered":"Opthimus Ron Giftpack 6&#215;2 cl. 39,66%"},"content":{"rendered":"<p>Med denna presentask har du m\u00f6jlighet att smaka p\u00e5 sex olika buteljeringar fr\u00e5n Oliver &#038; Oliver i Dominikanska republiken.<\/p>\n<p>Opthimus-serien erbjuder sprit i den klassiska spansk-kubanska stilen \u2013 kr\u00e4mig, oljig och s\u00f6t rom i olika varianter och \u00e5ldrar.<\/p>\n<p>Ge dig ut p\u00e5 en minikryssning till Karibien med detta lilla provningskit och upplev Opthimus-serien fr\u00e5n Dominikanska republiken.<\/p>\n","protected":false},"excerpt":{"rendered":"<p>Oliver &#038; Oliver \u2013 Dominican Republic<\/p>\n","protected":false},"featured_media":84592,"template":"","meta":{"_acf_changed":false,"rs_blank_template":"","rs_page_bg_color":"","slide_template_v7":""},"product_brand":[],"product_cat":[2387,4634,2391],"product_tag":[],"class_list":{"0":"post-84581","1":"product","2":"type-product","3":"status-publish","4":"has-post-thumbnail","6":"product_cat-avec-sv","7":"product_cat-premium-aged-sv","8":"product_cat-rom-sv","9":"pa_land-dominikanska-republiken","10":"pa_procent-39-66-sv","11":"pa_producent-oliver-oliver-rums-sv","12":"pa_volume-12-sv","14":"first","15":"instock","16":"taxable","17":"shipping-taxable","18":"purchasable","19":"product-type-simple"},"bundled_by":[],"bundle_stock_status":"instock","bundle_stock_quantity":null,"bundle_virtual":false,"bundle_layout":"","bundle_add_to_cart_form_location":"","bundle_editable_in_cart":false,"bundle_sold_individually_context":"","bundle_item_grouping":"","bundle_min_size":"","bundle_max_size":"","bundle_price":[],"bundled_items":[],"bundle_sell_ids":[],"acf":[],"_links":{"self":[{"href":"https:\/\/www.raschvin.com\/sv\/wp-json\/wp\/v2\/product\/84581","targetHints":{"allow":["GET"]}}],"collection":[{"href":"https:\/\/www.raschvin.com\/sv\/wp-json\/wp\/v2\/product"}],"about":[{"href":"https:\/\/www.raschvin.com\/sv\/wp-json\/wp\/v2\/types\/product"}],"wp:featuredmedia":[{"embeddable":true,"href":"https:\/\/www.raschvin.com\/sv\/wp-json\/wp\/v2\/media\/84592"}],"wp:attachment":[{"href":"https:\/\/www.raschvin.com\/sv\/wp-json\/wp\/v2\/media?parent=84581"}],"wp:term":[{"taxonomy":"product_brand","embeddable":true,"href":"https:\/\/www.raschvin.com\/sv\/wp-json\/wp\/v2\/product_brand?post=84581"},{"taxonomy":"product_cat","embeddable":true,"href":"https:\/\/www.raschvin.com\/sv\/wp-json\/wp\/v2\/product_cat?post=84581"},{"taxonomy":"product_tag","embeddable":true,"href":"https:\/\/www.raschvin.com\/sv\/wp-json\/wp\/v2\/product_tag?post=84581"}],"curies":[{"name":"wp","href":"https:\/\/api.w.org\/{rel}","templated":true}]}}