{"id":84432,"date":"2025-03-12T15:23:32","date_gmt":"2025-03-12T14:23:32","guid":{"rendered":"https:\/\/www.raschvin.com\/produkt\/clonakilla-riesling-2017-75-cl\/"},"modified":"2025-03-12T15:23:32","modified_gmt":"2025-03-12T14:23:32","slug":"clonakilla-riesling-2017-75-cl","status":"publish","type":"product","link":"https:\/\/www.raschvin.com\/sv\/produkt\/clonakilla-riesling-2017-75-cl\/","title":{"rendered":"Clonakilla Riesling 2017 75 cl."},"content":{"rendered":"<p>H\u00e4r finner du friska toner, syrliga inslag och stora uttryck. Detta \u00e4r enast\u00e5ende hantverk och en studie i Australiens vinm\u00e5ngfald.<\/p>\n<p>Att Clonakilla har lyckats skapa en s\u00e5 saftig och sublim Riesling beror p\u00e5 att de har hittat n\u00e5gra unika ving\u00e5rdar i Murrumbateman, norr om Canberra. Omr\u00e5det pr\u00e4glas av ett mycket svalt klimat, och med r\u00f6tter i den granithaltiga jorden v\u00e4xer h\u00e4r f\u00f6rtrollande Riesling-druvor fram. Resultatet \u00e4r en flaska som denna \u2013 d\u00e4r inget i smaken st\u00e4mmer \u00f6verens med de f\u00f6rutfattade meningar man kan ha.<\/p>\n","protected":false},"excerpt":{"rendered":"<p>Canberra District &#8211; Australia<\/p>\n","protected":false},"featured_media":84476,"template":"","meta":{"_acf_changed":false,"rs_blank_template":"","rs_page_bg_color":"","slide_template_v7":""},"product_brand":[],"product_cat":[2788,2792,9209],"product_tag":[],"class_list":{"0":"post-84432","1":"product","2":"type-product","3":"status-publish","4":"has-post-thumbnail","6":"product_cat-vin-sv","7":"product_cat-vitt-vin","8":"product_cat-australiskt-vitt-vin","9":"pa_aargang-2017-sv","10":"pa_drue-riesling-sv","11":"pa_land-australien-sv","12":"pa_procent-12-sv","13":"pa_producent-clonakilla-sv","14":"pa_region-canberra-sv","15":"pa_serveringstemperatur-8-10-sv","16":"pa_volume-75-sv","18":"first","19":"instock","20":"taxable","21":"shipping-taxable","22":"purchasable","23":"product-type-simple"},"bundled_by":[],"bundle_stock_status":"instock","bundle_stock_quantity":null,"bundle_virtual":false,"bundle_layout":"","bundle_add_to_cart_form_location":"","bundle_editable_in_cart":false,"bundle_sold_individually_context":"","bundle_item_grouping":"","bundle_min_size":"","bundle_max_size":"","bundle_price":[],"bundled_items":[],"bundle_sell_ids":[],"acf":[],"_links":{"self":[{"href":"https:\/\/www.raschvin.com\/sv\/wp-json\/wp\/v2\/product\/84432","targetHints":{"allow":["GET"]}}],"collection":[{"href":"https:\/\/www.raschvin.com\/sv\/wp-json\/wp\/v2\/product"}],"about":[{"href":"https:\/\/www.raschvin.com\/sv\/wp-json\/wp\/v2\/types\/product"}],"wp:featuredmedia":[{"embeddable":true,"href":"https:\/\/www.raschvin.com\/sv\/wp-json\/wp\/v2\/media\/84476"}],"wp:attachment":[{"href":"https:\/\/www.raschvin.com\/sv\/wp-json\/wp\/v2\/media?parent=84432"}],"wp:term":[{"taxonomy":"product_brand","embeddable":true,"href":"https:\/\/www.raschvin.com\/sv\/wp-json\/wp\/v2\/product_brand?post=84432"},{"taxonomy":"product_cat","embeddable":true,"href":"https:\/\/www.raschvin.com\/sv\/wp-json\/wp\/v2\/product_cat?post=84432"},{"taxonomy":"product_tag","embeddable":true,"href":"https:\/\/www.raschvin.com\/sv\/wp-json\/wp\/v2\/product_tag?post=84432"}],"curies":[{"name":"wp","href":"https:\/\/api.w.org\/{rel}","templated":true}]}}