{"id":84426,"date":"2025-03-12T14:57:05","date_gmt":"2025-03-12T13:57:05","guid":{"rendered":"https:\/\/www.raschvin.com\/produkt\/dalrymple-pipers-river-tasmania-pinot-noir-2022-75-cl\/"},"modified":"2025-03-12T14:57:05","modified_gmt":"2025-03-12T13:57:05","slug":"dalrymple-pipers-river-tasmania-pinot-noir-2022-75-cl","status":"publish","type":"product","link":"https:\/\/www.raschvin.com\/sv\/produkt\/dalrymple-pipers-river-tasmania-pinot-noir-2022-75-cl\/","title":{"rendered":"Dalrymple Pipers River Tasmania Pinot Noir 2022 75 cl."},"content":{"rendered":"<p>Friska toner av k\u00f6rsb\u00e4r kombineras med en hint av kanel och delikata charkuteritoner. I munnen \u00e4r vinet livligt och fr\u00e4scht, d\u00e4r k\u00f6rsb\u00e4rssmaken lyser igenom tillsammans med m\u00f6rka plommon och balanseras av en mjuk och inbjudande struktur.<\/p>\n<p>Om Dalrymple Vineyards<br \/>\nDen australiska ving\u00e5rden Dalrymple Vineyards grundades 1987 av Bertel och Anne Sundstrup i nord\u00f6stra Tasmanien. Paret &#8221;uppt\u00e4ckte&#8221; omr\u00e5det efter en l\u00e5ng jakt p\u00e5 den perfekta platsen f\u00f6r vinproduktion. H\u00e4r planterade de sina f\u00f6rsta vinstockar med utsikt \u00f6ver Bass Strait, sundet som skiljer Tasmanien fr\u00e5n den australiska kontinenten. Vinhuset ligger i det v\u00e4lrenommerade vinomr\u00e5det Pipers River, omgivet av rik och varierad natur samt b\u00f6ljande dalar och kullar.<\/p>\n<p>Enast\u00e5ende vin fr\u00e5n Tasmanien<br \/>\nSedan starten har Dalrymple vunnit stor erk\u00e4nsla och ber\u00f6m som ett lysande exempel p\u00e5 hur mycket kallklimatsvinproduktion Australien faktiskt kan erbjuda. Tasmanien \u00e4r svalare \u00e4n \u00f6vriga Australien och d\u00e4rf\u00f6r s\u00e4rskilt l\u00e4mpat f\u00f6r odling av andra druvsorter. Detta beror till stor del p\u00e5 Bass Strait, som f\u00f6r in svalkande vindar \u00f6ver \u00f6n och skapar optimala f\u00f6rh\u00e5llanden f\u00f6r druvor som Pinot Noir och Chardonnay. Produktionen hos Dalrymple \u00e4r liten, med endast 12,3 hektar ving\u00e5rdar. Detta g\u00f6r att vinhusets vinmakare, Peter Caldwell, kan l\u00e4gga all sin k\u00e4rlek och omsorg p\u00e5 de f\u00e5 viner som Dalrymple producerar.<\/p>\n","protected":false},"excerpt":{"rendered":"<p>Dalrymple Vineyards &#8211; Australia<\/p>\n","protected":false},"featured_media":104686,"template":"","meta":{"_acf_changed":false,"rs_blank_template":"","rs_page_bg_color":"","slide_template_v7":""},"product_brand":[],"product_cat":[7776,2788,2798],"product_tag":[],"class_list":{"0":"post-84426","1":"product","2":"type-product","3":"status-publish","4":"has-post-thumbnail","6":"product_cat-sommer-pinot-noir-sv","7":"product_cat-vin-sv","8":"product_cat-roedvin-sv","9":"pa_aargang-2022-sv","10":"pa_drue-pinot-noir-sv","11":"pa_land-australien-sv","12":"pa_procent-13-5-sv","13":"pa_producent-dalrymple-vineyards-sv","14":"pa_region-tasmanien-sv","15":"pa_serveringstemperatur-14-16-sv","16":"pa_volume-75-sv","18":"first","19":"instock","20":"sale","21":"taxable","22":"shipping-taxable","23":"purchasable","24":"product-type-simple"},"bundled_by":["119822"],"bundle_stock_status":"instock","bundle_stock_quantity":null,"bundle_virtual":false,"bundle_layout":"","bundle_add_to_cart_form_location":"","bundle_editable_in_cart":false,"bundle_sold_individually_context":"","bundle_item_grouping":"","bundle_min_size":"","bundle_max_size":"","bundle_price":[],"bundled_items":[],"bundle_sell_ids":[],"acf":[],"_links":{"self":[{"href":"https:\/\/www.raschvin.com\/sv\/wp-json\/wp\/v2\/product\/84426","targetHints":{"allow":["GET"]}}],"collection":[{"href":"https:\/\/www.raschvin.com\/sv\/wp-json\/wp\/v2\/product"}],"about":[{"href":"https:\/\/www.raschvin.com\/sv\/wp-json\/wp\/v2\/types\/product"}],"wp:featuredmedia":[{"embeddable":true,"href":"https:\/\/www.raschvin.com\/sv\/wp-json\/wp\/v2\/media\/104686"}],"wp:attachment":[{"href":"https:\/\/www.raschvin.com\/sv\/wp-json\/wp\/v2\/media?parent=84426"}],"wp:term":[{"taxonomy":"product_brand","embeddable":true,"href":"https:\/\/www.raschvin.com\/sv\/wp-json\/wp\/v2\/product_brand?post=84426"},{"taxonomy":"product_cat","embeddable":true,"href":"https:\/\/www.raschvin.com\/sv\/wp-json\/wp\/v2\/product_cat?post=84426"},{"taxonomy":"product_tag","embeddable":true,"href":"https:\/\/www.raschvin.com\/sv\/wp-json\/wp\/v2\/product_tag?post=84426"}],"curies":[{"name":"wp","href":"https:\/\/api.w.org\/{rel}","templated":true}]}}