{"id":84138,"date":"2025-03-07T09:16:31","date_gmt":"2025-03-07T08:16:31","guid":{"rendered":"https:\/\/www.raschvin.com\/produkt\/bunnahabhain-12-years-2009-smos-cask-42645-70-cl-553\/"},"modified":"2025-03-07T09:16:31","modified_gmt":"2025-03-07T08:16:31","slug":"bunnahabhain-12-years-2009-smos-cask-42645-70-cl-553","status":"publish","type":"product","link":"https:\/\/www.raschvin.com\/sv\/produkt\/bunnahabhain-12-years-2009-smos-cask-42645-70-cl-553\/","title":{"rendered":"Bunnahabhain 12 Years 2009 SMOS Cask #42645 70 cl. 55,3%"},"content":{"rendered":"<p>Att hitta premiumfat med skotsk whisky har alltid varit i fokus f\u00f6r Elixir Distillers. Sedan 2002 har den oberoende buteljeraren sl\u00e4ppt dessa under namnet The Single Malts of Scotland.<\/p>\n<p>Bel\u00e4gen i en avl\u00e4gsen vik i den norra delen av \u00f6n producerar Bunnahabhain Distillery (oftast) or\u00f6kig Islay Single Malt \u2013 s\u00e5som Bunnahabhain 2009\/2022. Detta maritima single cask tappades fr\u00e5n ett butt p\u00e5 totalt 498 flaskor.<\/p>\n<p>Smaknoter<\/p>\n<p>Doft: Rik och inbjudande med toner av salt karamell, torkade aprikoser, vaniljst\u00e5ng och en antydan av havsbris. Subtila kryddor framtr\u00e4der, ackompanjerade av rostade mandlar och honung.<\/p>\n<p>Smak: Kr\u00e4mig och v\u00e4lbalanserad. Smaker av toffee, apelsinzest och pocherade p\u00e4ron m\u00f6ts av delikat ekkrydda och en touch av mj\u00f6lkchoklad. Den maritima karakt\u00e4ren bidrar med en l\u00e4tt s\u00e4lta.<\/p>\n<p>Finish: L\u00e5ng och v\u00e4rmande. Toner av s\u00f6t malt, kanel och rostade n\u00f6tter \u00f6verg\u00e5r i nyanser av kustmineralitet och kvarvarande torkad frukt.<\/p>\n","protected":false},"excerpt":{"rendered":"<p>Single Malt Scotch Whisky<\/p>\n","protected":false},"featured_media":84147,"template":"","meta":{"_acf_changed":false,"rs_blank_template":"","rs_page_bg_color":"","slide_template_v7":""},"product_brand":[],"product_cat":[2387,4651,2392],"product_tag":[],"class_list":{"0":"post-84138","1":"product","2":"type-product","3":"status-publish","4":"has-post-thumbnail","6":"product_cat-avec-sv","7":"product_cat-single-malt-sv","8":"product_cat-whisky-sv","9":"pa_champagne-type-single-cask-sv","10":"pa_land-skottland","11":"pa_procent-55-3-sv","12":"pa_producent-bunnahabain-sv","13":"pa_region-islay-sv","14":"pa_vintage-2009-sv","15":"pa_volume-70-sv-2","17":"first","18":"instock","19":"taxable","20":"shipping-taxable","21":"purchasable","22":"product-type-simple"},"bundled_by":[],"bundle_stock_status":"instock","bundle_stock_quantity":null,"bundle_virtual":false,"bundle_layout":"","bundle_add_to_cart_form_location":"","bundle_editable_in_cart":false,"bundle_sold_individually_context":"","bundle_item_grouping":"","bundle_min_size":"","bundle_max_size":"","bundle_price":[],"bundled_items":[],"bundle_sell_ids":[],"acf":[],"_links":{"self":[{"href":"https:\/\/www.raschvin.com\/sv\/wp-json\/wp\/v2\/product\/84138","targetHints":{"allow":["GET"]}}],"collection":[{"href":"https:\/\/www.raschvin.com\/sv\/wp-json\/wp\/v2\/product"}],"about":[{"href":"https:\/\/www.raschvin.com\/sv\/wp-json\/wp\/v2\/types\/product"}],"wp:featuredmedia":[{"embeddable":true,"href":"https:\/\/www.raschvin.com\/sv\/wp-json\/wp\/v2\/media\/84147"}],"wp:attachment":[{"href":"https:\/\/www.raschvin.com\/sv\/wp-json\/wp\/v2\/media?parent=84138"}],"wp:term":[{"taxonomy":"product_brand","embeddable":true,"href":"https:\/\/www.raschvin.com\/sv\/wp-json\/wp\/v2\/product_brand?post=84138"},{"taxonomy":"product_cat","embeddable":true,"href":"https:\/\/www.raschvin.com\/sv\/wp-json\/wp\/v2\/product_cat?post=84138"},{"taxonomy":"product_tag","embeddable":true,"href":"https:\/\/www.raschvin.com\/sv\/wp-json\/wp\/v2\/product_tag?post=84138"}],"curies":[{"name":"wp","href":"https:\/\/api.w.org\/{rel}","templated":true}]}}