{"id":84129,"date":"2025-03-07T08:46:05","date_gmt":"2025-03-07T07:46:05","guid":{"rendered":"https:\/\/www.raschvin.com\/produkt\/hampden-estate-pagos-batch-3-2024-ed-100-ex-sherry-cask-70-cl-52\/"},"modified":"2025-03-07T08:48:53","modified_gmt":"2025-03-07T07:48:53","slug":"hampden-estate-pagos-batch-3-2024-ed-100-ex-sherry-cask-70-cl-52","status":"publish","type":"product","link":"https:\/\/www.raschvin.com\/sv\/produkt\/hampden-estate-pagos-batch-3-2024-ed-100-ex-sherry-cask-70-cl-52\/","title":{"rendered":"Hampden Estate \u2013 Pagos Batch 3 2024 Ed. 100% Ex-Sherry Cask 70 cl. 52%"},"content":{"rendered":"<p>Hampden Pagos-serien \u00e4r resultatet av samarbeten med Bodegas Lustau och Fundador, som \u00e4r bel\u00e4gna i Jerez, Andalusien. Dessa samarbeten leder till transporten av m\u00e5nga andalusiska fat till Jamaica.<\/p>\n<p>Batch 1 av Pagos-\u00e5rg\u00e5ngen var en blandning av rom lagrad p\u00e5 Oloroso- och Pedro Xim\u00e9nez-fat fr\u00e5n Lustau. Den andra batchen hade f\u00e5tt mogna i Oloroso-fat fr\u00e5n Bodega Fundador.<\/p>\n<p>H\u00e4r \u00e4r det \u00e5terigen Bodega Fundador som st\u00e5r i rampljuset. Den tredje batchen \u00e4r resultatet av en sammans\u00e4ttning av 16 fat, som tidigare inneh\u00e5llit Oloroso lagrat i upp till trettio \u00e5r. Den rom som lagras har m\u00e4rkningen HLCF (Hampden Light Continental Flavoured) med en esterhalt p\u00e5 374,1 g\/hlap vid slutet av destillationen.<\/p>\n<p>Doft: Rik och komplex. Doften avsl\u00f6jar toner av kryddnejlika, rostad valn\u00f6t, blodapelsin, aprikosk\u00e4rna och konjaksindr\u00e4nkt k\u00f6rsb\u00e4r. N\u00e4r den \u00f6ppnar sig framtr\u00e4der mandel, f\u00f6ljt av inslag av dadlar och en hint av kaffelik\u00f6r.<\/p>\n<p>Smak: Dj\u00e4rv och livlig. Smaken domineras av noter av r\u00f6rsocker, kastanjehonung och tropiska blommor. Vanilj och kakaob\u00f6nor f\u00f6ljer och tillf\u00f6r subtila tanniner. Eftersmaken pr\u00e4glas av toner av kamfer och geranium.<\/p>\n<p>Finish: L\u00e5ng och fyllig. Avslutningen f\u00e5r en frisk touch av kokosmj\u00f6lk och kaprifol samt inslag av fernissa. Eftersmaken bjuder p\u00e5 l\u00e4tta tobakstoner, lindblom, pepprig ros och koriander, med l\u00e5ngvariga toner av valn\u00f6t och torkade druvor.<\/p>\n","protected":false},"excerpt":{"rendered":"<p>Pure Single Jamaican Rum<\/p>\n","protected":false},"featured_media":84144,"template":"","meta":{"_acf_changed":false,"rs_blank_template":"","rs_page_bg_color":"","slide_template_v7":""},"product_brand":[],"product_cat":[2391,4634,9225],"product_tag":[],"class_list":{"0":"post-84129","1":"product","2":"type-product","3":"status-publish","4":"has-post-thumbnail","6":"product_cat-rom-sv","7":"product_cat-premium-aged-sv","8":"product_cat-alternativa-romtyper","9":"pa_aargang-2024-sv","10":"pa_land-jamaica-sv","11":"pa_procent-52-sv","12":"pa_producent-hampden-estate-sv","13":"pa_traefad-sherry-sv","14":"pa_volume-70-sv-2","16":"first","17":"instock","18":"sale","19":"taxable","20":"shipping-taxable","21":"purchasable","22":"product-type-simple"},"bundled_by":[],"bundle_stock_status":"instock","bundle_stock_quantity":null,"bundle_virtual":false,"bundle_layout":"","bundle_add_to_cart_form_location":"","bundle_editable_in_cart":false,"bundle_sold_individually_context":"","bundle_item_grouping":"","bundle_min_size":"","bundle_max_size":"","bundle_price":[],"bundled_items":[],"bundle_sell_ids":[],"acf":[],"_links":{"self":[{"href":"https:\/\/www.raschvin.com\/sv\/wp-json\/wp\/v2\/product\/84129","targetHints":{"allow":["GET"]}}],"collection":[{"href":"https:\/\/www.raschvin.com\/sv\/wp-json\/wp\/v2\/product"}],"about":[{"href":"https:\/\/www.raschvin.com\/sv\/wp-json\/wp\/v2\/types\/product"}],"wp:featuredmedia":[{"embeddable":true,"href":"https:\/\/www.raschvin.com\/sv\/wp-json\/wp\/v2\/media\/84144"}],"wp:attachment":[{"href":"https:\/\/www.raschvin.com\/sv\/wp-json\/wp\/v2\/media?parent=84129"}],"wp:term":[{"taxonomy":"product_brand","embeddable":true,"href":"https:\/\/www.raschvin.com\/sv\/wp-json\/wp\/v2\/product_brand?post=84129"},{"taxonomy":"product_cat","embeddable":true,"href":"https:\/\/www.raschvin.com\/sv\/wp-json\/wp\/v2\/product_cat?post=84129"},{"taxonomy":"product_tag","embeddable":true,"href":"https:\/\/www.raschvin.com\/sv\/wp-json\/wp\/v2\/product_tag?post=84129"}],"curies":[{"name":"wp","href":"https:\/\/api.w.org\/{rel}","templated":true}]}}