{"id":83940,"date":"2025-03-07T00:01:23","date_gmt":"2025-03-06T23:01:23","guid":{"rendered":"https:\/\/www.raschvin.com\/produkt\/providence-2021-aged-3-years-70-cl-52\/"},"modified":"2025-03-06T08:36:23","modified_gmt":"2025-03-06T07:36:23","slug":"providence-2021-aged-3-years-70-cl-52","status":"publish","type":"product","link":"https:\/\/www.raschvin.com\/sv\/produkt\/providence-2021-aged-3-years-70-cl-52\/","title":{"rendered":"Providence 2021 Aged 3 Years 70 cl. 52%"},"content":{"rendered":"<p>En unik rom \u2013 Providence 2021!<\/p>\n<p>I Haitis sockerr\u00f6rsparadis f\u00f6renades den italienska buteljeraren Velier, under ledning av rom\u00e4lskaren Luca Gargano, med La Maison du Whisky och familjen Barbancourt-Linge (\u00e4ttlingar till den ber\u00f6mda romdynastin Barbancourt) f\u00f6r att 2018 f\u00f6rverkliga dr\u00f6mmen om sitt eget destilleri. Distillerie de Port-au-Prince \u00e5terupplivar traditionella metoder och tekniker och producerar de finaste destillaten fr\u00e5n sockerr\u00f6r under varum\u00e4rket Providence \u2013 med respekt f\u00f6r jorden, jordbruket och m\u00e4nniskorna.<\/p>\n<p>Providence 2021 framst\u00e4lls av sirap fr\u00e5n den antika, aromatiska sockerr\u00f6rssorten Cristalline, som odlas ekologiskt av Michel Sajous i Saint-Michel de l\u2019Attalaye. Den intensiva aromen f\u00f6rst\u00e4rks genom j\u00e4sning med olika j\u00e4ststammar. Enligt haitisk tradition destilleras rommen tv\u00e5 g\u00e5nger i en koppar M\u00fcller pot still och lagras i tre \u00e5r i tidigare kolade och \u00e5teranv\u00e4nda fat fr\u00e5n destillerier \u2013 samt i ex-bourbonfat och fat fr\u00e5n det ikoniska \u201df\u00f6rlorade destilleriet\u201d Caroni.<\/p>\n<p>Resultatet? En livlig profil d\u00e4r rostat sockerr\u00f6r och valn\u00f6tter m\u00f6ter kanderade citrusfrukter, ingef\u00e4ra och vaniljpudding, innan allt avrundas mjukt, l\u00e5ngt och komplext.<\/p>\n<p>Flaskorna tappas vid 52 % alkohol och levereras i en elegant presentf\u00f6rpackning.<\/p>\n<p>F\u00e4rg:<br \/>\nB\u00e4rnstensf\u00e4rgad med kopparnyanser.<\/p>\n<p>Doft:<br \/>\nTropiska frukter, kanderade citrusfrukter, n\u00f6tter, vanilj, kryddor, \u00f6rter.<\/p>\n<p>Smak:<br \/>\nRen och livlig, kanderade citroner, fibriga noter av sockerr\u00f6r och riven ingef\u00e4ra, kr\u00e4miga och fruktiga toner av pudding och rostad banan.<\/p>\n<p>Eftersmak:<br \/>\nExceptionellt l\u00e5ng med toner av hallon, honung och ingef\u00e4ra<\/p>\n","protected":false},"excerpt":{"rendered":"<p>Haitian Pure Single Rum<\/p>\n","protected":false},"featured_media":84022,"template":"","meta":{"_acf_changed":false,"rs_blank_template":"","rs_page_bg_color":"","slide_template_v7":""},"product_brand":[],"product_cat":[2387,4634,2391],"product_tag":[],"class_list":{"0":"post-83940","1":"product","2":"type-product","3":"status-publish","4":"has-post-thumbnail","6":"product_cat-avec-sv","7":"product_cat-premium-aged-sv","8":"product_cat-rom-sv","9":"pa_land-haiti-sv","10":"pa_procent-52-sv","11":"pa_producent-distillerie-de-port-au-prince-sv","12":"pa_vintage-2021-sv","13":"pa_volume-70-sv-2","15":"first","16":"instock","17":"taxable","18":"shipping-taxable","19":"purchasable","20":"product-type-simple"},"bundled_by":[],"bundle_stock_status":"instock","bundle_stock_quantity":null,"bundle_virtual":false,"bundle_layout":"","bundle_add_to_cart_form_location":"","bundle_editable_in_cart":false,"bundle_sold_individually_context":"","bundle_item_grouping":"","bundle_min_size":"","bundle_max_size":"","bundle_price":[],"bundled_items":[],"bundle_sell_ids":[],"acf":[],"_links":{"self":[{"href":"https:\/\/www.raschvin.com\/sv\/wp-json\/wp\/v2\/product\/83940","targetHints":{"allow":["GET"]}}],"collection":[{"href":"https:\/\/www.raschvin.com\/sv\/wp-json\/wp\/v2\/product"}],"about":[{"href":"https:\/\/www.raschvin.com\/sv\/wp-json\/wp\/v2\/types\/product"}],"wp:featuredmedia":[{"embeddable":true,"href":"https:\/\/www.raschvin.com\/sv\/wp-json\/wp\/v2\/media\/84022"}],"wp:attachment":[{"href":"https:\/\/www.raschvin.com\/sv\/wp-json\/wp\/v2\/media?parent=83940"}],"wp:term":[{"taxonomy":"product_brand","embeddable":true,"href":"https:\/\/www.raschvin.com\/sv\/wp-json\/wp\/v2\/product_brand?post=83940"},{"taxonomy":"product_cat","embeddable":true,"href":"https:\/\/www.raschvin.com\/sv\/wp-json\/wp\/v2\/product_cat?post=83940"},{"taxonomy":"product_tag","embeddable":true,"href":"https:\/\/www.raschvin.com\/sv\/wp-json\/wp\/v2\/product_tag?post=83940"}],"curies":[{"name":"wp","href":"https:\/\/api.w.org\/{rel}","templated":true}]}}