{"id":83936,"date":"2025-03-07T00:01:06","date_gmt":"2025-03-06T23:01:06","guid":{"rendered":"https:\/\/www.raschvin.com\/?post_type=product&p=83936"},"modified":"2025-03-07T00:01:06","modified_gmt":"2025-03-06T23:01:06","slug":"providence-2020-habitation-velier-bottled-2024-70-cl-55","status":"publish","type":"product","link":"https:\/\/www.raschvin.com\/sv\/produkt\/providence-2020-habitation-velier-bottled-2024-70-cl-55\/","title":{"rendered":"Providence 2020 Habitation Velier Bottled 2024 70 cl. 55%"},"content":{"rendered":"<p>Det \u00e4r f\u00f6rsta g\u00e5ngen som Habitation Velier har buteljerat lagrad rom fr\u00e5n Port-au-Prince-distilleriet i Haiti.<br \/>\nDen absolut magnifika Providence 2020 \u00e4r gjord p\u00e5 en blandning av Cristalline-r\u00f6rsirap, fermenterad med vinasse och destillerad fr\u00e5n f\u00e4rsk sockerr\u00f6rsjuice.<br \/>\nDestillerad i en M\u00fcller pot still genomg\u00e5r rommen en f\u00f6rsta destillation med en alkoholhalt p\u00e5 mellan 25 % och 30 %, f\u00f6ljt av en andra destillation som n\u00e5r mellan 72 % och 78 % ABV.<br \/>\nDenna version \u00e4r en blandning av 14 fat som tidigare inneh\u00f6ll Caroni-rom. Efter fyra \u00e5rs lagring i Haitis tropiska klimat \u00f6verstiger angel\u2019s share 25 %.<br \/>\nKoncentrerad och fyllig, denna buteljering, reducerad till 55 % ABV, lyser med sina mycket intensiva fruktiga och kryddiga toner.<\/p>\n<p>F\u00e4rg: Djup gyllengul.<br \/>\nDoft: Rik och f\u00f6rf\u00f6risk. Kryddig (peppar, kryddnejlika), kamferartad och exotisk (mogen banan), d\u00e4r aromprofilen utvecklas mot mer vanilj och medicinala toner (arnica). Med luftning framtr\u00e4der noter av sockerr\u00f6rshonung och varm sockerr\u00f6rssaft, f\u00f6rst\u00e4rkt av en behaglig s\u00e4lta.<br \/>\nSmak: B\u00e5de livlig och kr\u00e4mig. Fina lakritstoner, honung (geranium) och vegetala inslag av sockerr\u00f6r balanseras av smaker av kanderad citron och ananas. Gradvis omfamnar s\u00f6ta kryddor (ingef\u00e4ra, kanel) och vaniljst\u00e4nger f\u00f6rsiktigt gommen.<br \/>\nEftersmak: L\u00e5ng och mjuk. B\u00e5de saftig (ananas), l\u00e4tt tanninrik (sockerr\u00f6rstr\u00e4) och berusande (irisextrakt). Smakupplevelsen blir allt mer fyllig (vaniljpudding) och exotisk (kokos, litchi). Kanderade toner (p\u00e4ron, mirabelle, ingef\u00e4ra) och \u00f6rtiga nyanser (tobaksblad) \u00e5tf\u00f6ljs av djupa aromer av \u00e4dla tr\u00e4slag (sandtr\u00e4, ceder).<\/p>\n","protected":false},"excerpt":{"rendered":"<p>Haiti Pure Single Rum<\/p>\n","protected":false},"featured_media":84028,"template":"","meta":{"_acf_changed":false,"rs_blank_template":"","rs_page_bg_color":"","slide_template_v7":""},"product_brand":[],"product_cat":[2387,4634,2391],"product_tag":[],"class_list":{"0":"post-83936","1":"product","2":"type-product","3":"status-publish","4":"has-post-thumbnail","6":"product_cat-avec-sv","7":"product_cat-premium-aged-sv","8":"product_cat-rom-sv","9":"pa_land-haiti-sv","10":"pa_procent-55-sv","11":"pa_producent-distillerie-de-port-au-prince-sv","12":"pa_vintage-2020-sv","13":"pa_volume-70-sv-2","15":"first","16":"instock","17":"taxable","18":"shipping-taxable","19":"purchasable","20":"product-type-simple"},"bundled_by":[],"bundle_stock_status":"instock","bundle_stock_quantity":null,"bundle_virtual":false,"bundle_layout":"","bundle_add_to_cart_form_location":"","bundle_editable_in_cart":false,"bundle_sold_individually_context":"","bundle_item_grouping":"","bundle_min_size":"","bundle_max_size":"","bundle_price":[],"bundled_items":[],"bundle_sell_ids":[],"acf":[],"_links":{"self":[{"href":"https:\/\/www.raschvin.com\/sv\/wp-json\/wp\/v2\/product\/83936","targetHints":{"allow":["GET"]}}],"collection":[{"href":"https:\/\/www.raschvin.com\/sv\/wp-json\/wp\/v2\/product"}],"about":[{"href":"https:\/\/www.raschvin.com\/sv\/wp-json\/wp\/v2\/types\/product"}],"wp:featuredmedia":[{"embeddable":true,"href":"https:\/\/www.raschvin.com\/sv\/wp-json\/wp\/v2\/media\/84028"}],"wp:attachment":[{"href":"https:\/\/www.raschvin.com\/sv\/wp-json\/wp\/v2\/media?parent=83936"}],"wp:term":[{"taxonomy":"product_brand","embeddable":true,"href":"https:\/\/www.raschvin.com\/sv\/wp-json\/wp\/v2\/product_brand?post=83936"},{"taxonomy":"product_cat","embeddable":true,"href":"https:\/\/www.raschvin.com\/sv\/wp-json\/wp\/v2\/product_cat?post=83936"},{"taxonomy":"product_tag","embeddable":true,"href":"https:\/\/www.raschvin.com\/sv\/wp-json\/wp\/v2\/product_tag?post=83936"}],"curies":[{"name":"wp","href":"https:\/\/api.w.org\/{rel}","templated":true}]}}