{"id":83932,"date":"2025-03-07T00:01:07","date_gmt":"2025-03-06T23:01:07","guid":{"rendered":"https:\/\/www.raschvin.com\/?post_type=product&p=83932"},"modified":"2025-03-07T00:01:07","modified_gmt":"2025-03-06T23:01:07","slug":"vieux-sajous-5-years-2019-70-cl-583","status":"publish","type":"product","link":"https:\/\/www.raschvin.com\/sv\/produkt\/vieux-sajous-5-years-2019-70-cl-583\/","title":{"rendered":"Vieux Sajous 5 Years 2019 70 cl. 58,3%"},"content":{"rendered":"<p>Le Clairin Vieux Sajous 5 ans \u00e4r en blandning av fat som tidigare inneh\u00e5llit rom fr\u00e5n Hampden, Mount Gay, Bielle och Caroni samt whisky fr\u00e5n Benriach-destilleriet och slutligen bourbon. Denna version \u00e4r skapad av Michel Sajous med sockerr\u00f6rssorten &#8221;Cristalline&#8221; i hans destilleri Chelo, bel\u00e4get i Saint-Michel de l\u2019Attalaye. Den \u00e5terger med en s\u00e4llsynt intensitet empyreumatiska aromer och smaker.<\/p>\n<p>Genom naturlig j\u00e4sning med vildj\u00e4st som varar mellan fem och \u00e5tta dagar och destillering \u00f6ver \u00f6ppen eld i en kopparpanna har denna rom lagrats i Haiti i 5 \u00e5r i k\u00e4llarna hos Distillerie de Port-au-Prince.<br \/>\nBegr\u00e4nsad upplaga.<\/p>\n<p>Doft: Fin och elegant, pr\u00e4glad av empyreumatiska toner (gummi, arabisk gummi), berikad med dofter av geranium, kiwi och f\u00e4rsk sockerr\u00f6rssaft.<\/p>\n<p>Smak: Elegant och livlig, d\u00e4r sockerr\u00f6rssaft och socker blandas med \u00f6rtiga toner och berusande inslag av geraniumhonung.<\/p>\n<p>Eftersmak: L\u00e5ng och fyllig, med choklad- och vaniljtoner, \u00f6rtinfusioner (lagerblad, salvia), jordiga r\u00f6tter och milda kryddor med en bakgrund av torkad banan.<\/p>\n","protected":false},"excerpt":{"rendered":"<p>Rum From Cristalline Suger Cane &#8211; Haiti<\/p>\n","protected":false},"featured_media":84013,"template":"","meta":{"_acf_changed":false,"rs_blank_template":"","rs_page_bg_color":"","slide_template_v7":""},"product_brand":[],"product_cat":[2387,4634,2391],"product_tag":[],"class_list":{"0":"post-83932","1":"product","2":"type-product","3":"status-publish","4":"has-post-thumbnail","6":"product_cat-avec-sv","7":"product_cat-premium-aged-sv","8":"product_cat-rom-sv","9":"pa_land-haiti-sv","10":"pa_procent-58-3-sv","11":"pa_producent-chelo-distillery-sv","12":"pa_vintage-2019-sv","13":"pa_volume-70-sv-2","15":"first","16":"instock","17":"taxable","18":"shipping-taxable","19":"purchasable","20":"product-type-simple"},"bundled_by":[],"bundle_stock_status":"instock","bundle_stock_quantity":null,"bundle_virtual":false,"bundle_layout":"","bundle_add_to_cart_form_location":"","bundle_editable_in_cart":false,"bundle_sold_individually_context":"","bundle_item_grouping":"","bundle_min_size":"","bundle_max_size":"","bundle_price":[],"bundled_items":[],"bundle_sell_ids":[],"acf":[],"_links":{"self":[{"href":"https:\/\/www.raschvin.com\/sv\/wp-json\/wp\/v2\/product\/83932","targetHints":{"allow":["GET"]}}],"collection":[{"href":"https:\/\/www.raschvin.com\/sv\/wp-json\/wp\/v2\/product"}],"about":[{"href":"https:\/\/www.raschvin.com\/sv\/wp-json\/wp\/v2\/types\/product"}],"wp:featuredmedia":[{"embeddable":true,"href":"https:\/\/www.raschvin.com\/sv\/wp-json\/wp\/v2\/media\/84013"}],"wp:attachment":[{"href":"https:\/\/www.raschvin.com\/sv\/wp-json\/wp\/v2\/media?parent=83932"}],"wp:term":[{"taxonomy":"product_brand","embeddable":true,"href":"https:\/\/www.raschvin.com\/sv\/wp-json\/wp\/v2\/product_brand?post=83932"},{"taxonomy":"product_cat","embeddable":true,"href":"https:\/\/www.raschvin.com\/sv\/wp-json\/wp\/v2\/product_cat?post=83932"},{"taxonomy":"product_tag","embeddable":true,"href":"https:\/\/www.raschvin.com\/sv\/wp-json\/wp\/v2\/product_tag?post=83932"}],"curies":[{"name":"wp","href":"https:\/\/api.w.org\/{rel}","templated":true}]}}