{"id":83660,"date":"2026-03-22T09:27:15","date_gmt":"2026-03-22T08:27:15","guid":{"rendered":"https:\/\/www.raschvin.com\/produkt\/sbs-dominican-republic-2009-bourbon-cognac-cask-70-cl-52\/"},"modified":"2025-03-03T14:24:15","modified_gmt":"2025-03-03T13:24:15","slug":"sbs-dominican-republic-2009-bourbon-cognac-cask-70-cl-52","status":"publish","type":"product","link":"https:\/\/www.raschvin.com\/sv\/produkt\/sbs-dominican-republic-2009-bourbon-cognac-cask-70-cl-52\/","title":{"rendered":"SBS Dominican Republic 2009 \u2013 Bourbon &#038; Cognac Cask 70 cl. 52%"},"content":{"rendered":"<p>Single Barrel Selection Dominican Republic 2009 \u00e4r baserad p\u00e5 sockerr\u00f6rsjuice och destillerad i en kolonnpanna \u00e5r 2009.<\/p>\n<p>Rommen har lagrats p\u00e5 ex-Bourbonfat och Cognacfat och buteljerats vid en styrka p\u00e5 52 % ABV i februari 2025.<br \/>\nDen \u00e4r inte kylfiltrerad. S.B.S Dominican Republic \u00e4r begr\u00e4nsad till endast 386 flaskor.<\/p>\n<p>Exklusivt buteljerad f\u00f6r den danska marknaden.<\/p>\n<p>Doft: Friska gr\u00f6na \u00e4pplen och saftiga druvor, lyfta av en elegant touch av ek.<br \/>\nSmak: Fylliga torkade frukter, kr\u00e4mig vanilj och mogna druvor, avslutat med en torr, fatpr\u00e4glad karakt\u00e4r.<\/p>\n<p>1423 ApS \u00e4r ett danskt f\u00f6retag k\u00e4nt f\u00f6r sin expertis inom import och distribution av h\u00f6gkvalitativ sprit, med s\u00e4rskilt fokus p\u00e5 rom. F\u00f6retaget grundades 2008 och har vuxit till ett erk\u00e4nt namn i spritv\u00e4rlden, med specialisering p\u00e5 unika, limiterade produkter och single cask-buteljeringar. Deras flaggskeppsm\u00e4rke, S.B.S (Single Barrel Selection), lyfter fram s\u00e4llsynta och noggrant utvalda fat fr\u00e5n hela v\u00e4rlden, ofta producerade i begr\u00e4nsade upplagor.<\/p>\n<p>1423 ApS \u00e4r stolta \u00f6ver att utforska nya omr\u00e5den, uppt\u00e4cka mindre k\u00e4nda destillerier och regioner och f\u00f6ra dessa dolda p\u00e4rlor till den internationella marknaden. Med ett starkt engagemang f\u00f6r kvalitet och autenticitet har f\u00f6retaget byggt upp ett rykte om att erbjuda produkter som tilltalar b\u00e5de samlare och finsmakare. Deras portf\u00f6lj inkluderar rom, whisky och andra spritsorter, som alla \u00e4r noggrant utvalda f\u00f6r att ge kunderna exklusiva och extraordin\u00e4ra upplevelser.<\/p>\n","protected":false},"excerpt":{"rendered":"<p>Single Barrel Selection \u2013 Rum By 1423 Aps<\/p>\n","protected":false},"featured_media":83699,"template":"","meta":{"_acf_changed":false,"rs_blank_template":"","rs_page_bg_color":"","slide_template_v7":""},"product_brand":[],"product_cat":[2387,4634,2391],"product_tag":[],"class_list":{"0":"post-83660","1":"product","2":"type-product","3":"status-publish","4":"has-post-thumbnail","6":"product_cat-avec-sv","7":"product_cat-premium-aged-sv","8":"product_cat-rom-sv","9":"pa_land-dominikanska-republiken","10":"pa_procent-52-sv","11":"pa_producent-1423-aps-sv","12":"pa_traefad-bourbon-sv","13":"pa_traefad-cognac-sv","14":"pa_vintage-2009-sv","15":"pa_volume-70-sv-2","17":"first","18":"instock","19":"sale","20":"taxable","21":"shipping-taxable","22":"purchasable","23":"product-type-simple"},"bundled_by":[],"bundle_stock_status":"instock","bundle_stock_quantity":null,"bundle_virtual":false,"bundle_layout":"","bundle_add_to_cart_form_location":"","bundle_editable_in_cart":false,"bundle_sold_individually_context":"","bundle_item_grouping":"","bundle_min_size":"","bundle_max_size":"","bundle_price":[],"bundled_items":[],"bundle_sell_ids":[],"acf":[],"_links":{"self":[{"href":"https:\/\/www.raschvin.com\/sv\/wp-json\/wp\/v2\/product\/83660","targetHints":{"allow":["GET"]}}],"collection":[{"href":"https:\/\/www.raschvin.com\/sv\/wp-json\/wp\/v2\/product"}],"about":[{"href":"https:\/\/www.raschvin.com\/sv\/wp-json\/wp\/v2\/types\/product"}],"wp:featuredmedia":[{"embeddable":true,"href":"https:\/\/www.raschvin.com\/sv\/wp-json\/wp\/v2\/media\/83699"}],"wp:attachment":[{"href":"https:\/\/www.raschvin.com\/sv\/wp-json\/wp\/v2\/media?parent=83660"}],"wp:term":[{"taxonomy":"product_brand","embeddable":true,"href":"https:\/\/www.raschvin.com\/sv\/wp-json\/wp\/v2\/product_brand?post=83660"},{"taxonomy":"product_cat","embeddable":true,"href":"https:\/\/www.raschvin.com\/sv\/wp-json\/wp\/v2\/product_cat?post=83660"},{"taxonomy":"product_tag","embeddable":true,"href":"https:\/\/www.raschvin.com\/sv\/wp-json\/wp\/v2\/product_tag?post=83660"}],"curies":[{"name":"wp","href":"https:\/\/api.w.org\/{rel}","templated":true}]}}