{"id":83657,"date":"2025-03-03T14:06:34","date_gmt":"2025-03-03T13:06:34","guid":{"rendered":"https:\/\/www.raschvin.com\/produkt\/sbs-fiji-2020-virgin-oak-cask-70-cl-55\/"},"modified":"2025-03-03T14:06:34","modified_gmt":"2025-03-03T13:06:34","slug":"sbs-fiji-2020-virgin-oak-cask-70-cl-55","status":"publish","type":"product","link":"https:\/\/www.raschvin.com\/sv\/produkt\/sbs-fiji-2020-virgin-oak-cask-70-cl-55\/","title":{"rendered":"SBS Fiji 2020 \u2013 Virgin Oak Cask 70 cl. 55%"},"content":{"rendered":"<p>Single Barrel Selection Fiji 2020 \u00e4r baserad p\u00e5 melass och destillerad i en pot still \u00e5r 2020.<br \/>\nRommen har lagrats p\u00e5 jungfruekfat och buteljerats vid en styrka p\u00e5 55 % ABV i februari 2025.<br \/>\nDen \u00e4r inte kylfiltrerad. S.B.S Fiji 2020 \u00e4r begr\u00e4nsad till endast 384 flaskor.<\/p>\n<p>Exklusivt buteljerad f\u00f6r den danska marknaden.<\/p>\n<p>Doft: Mogen melon och p\u00e4ron med rostade n\u00f6tter och en hint av gr\u00f6na oliver.<br \/>\nSmak: Fruktig och kryddig med fina toner av vanilj och torkad frukt.<\/p>\n<p>1423 ApS \u00e4r ett danskt f\u00f6retag k\u00e4nt f\u00f6r sin expertis inom import och distribution av h\u00f6gkvalitativ sprit, med s\u00e4rskilt fokus p\u00e5 rom. F\u00f6retaget grundades 2008 och har vuxit till ett erk\u00e4nt namn i spritv\u00e4rlden, med specialisering p\u00e5 unika, limiterade produkter och single cask-buteljeringar. Deras flaggskeppsm\u00e4rke, S.B.S (Single Barrel Selection), lyfter fram s\u00e4llsynta och noggrant utvalda fat fr\u00e5n hela v\u00e4rlden, ofta producerade i begr\u00e4nsade upplagor.<\/p>\n<p>1423 ApS \u00e4r stolta \u00f6ver att utforska nya omr\u00e5den, uppt\u00e4cka mindre k\u00e4nda destillerier och regioner och f\u00f6ra dessa dolda p\u00e4rlor till den internationella marknaden. Med ett starkt engagemang f\u00f6r kvalitet och autenticitet har f\u00f6retaget byggt upp ett rykte om att erbjuda produkter som tilltalar b\u00e5de samlare och finsmakare. Deras portf\u00f6lj inkluderar rom, whisky och andra spritsorter, som alla \u00e4r noggrant utvalda f\u00f6r att ge kunderna exklusiva och extraordin\u00e4ra upplevelser.<\/p>\n","protected":false},"excerpt":{"rendered":"<p>Single Barrel Selection \u2013 Rum By 1423 Aps<\/p>\n","protected":false},"featured_media":83693,"template":"","meta":{"_acf_changed":false,"rs_blank_template":"","rs_page_bg_color":"","slide_template_v7":""},"product_brand":[],"product_cat":[2391,4634,9225],"product_tag":[],"class_list":{"0":"post-83657","1":"product","2":"type-product","3":"status-publish","4":"has-post-thumbnail","6":"product_cat-rom-sv","7":"product_cat-premium-aged-sv","8":"product_cat-alternativa-romtyper","9":"pa_champagne-type-single-cask-sv","10":"pa_land-fiji-sv","11":"pa_procent-55-sv","12":"pa_producent-1423-aps-sv","13":"pa_traefad-virgin-oak-sv","14":"pa_vintage-2020-sv","15":"pa_volume-70-sv-2","17":"first","18":"instock","19":"sale","20":"taxable","21":"shipping-taxable","22":"purchasable","23":"product-type-simple"},"bundled_by":[],"bundle_stock_status":"instock","bundle_stock_quantity":null,"bundle_virtual":false,"bundle_layout":"","bundle_add_to_cart_form_location":"","bundle_editable_in_cart":false,"bundle_sold_individually_context":"","bundle_item_grouping":"","bundle_min_size":"","bundle_max_size":"","bundle_price":[],"bundled_items":[],"bundle_sell_ids":[],"acf":[],"_links":{"self":[{"href":"https:\/\/www.raschvin.com\/sv\/wp-json\/wp\/v2\/product\/83657","targetHints":{"allow":["GET"]}}],"collection":[{"href":"https:\/\/www.raschvin.com\/sv\/wp-json\/wp\/v2\/product"}],"about":[{"href":"https:\/\/www.raschvin.com\/sv\/wp-json\/wp\/v2\/types\/product"}],"wp:featuredmedia":[{"embeddable":true,"href":"https:\/\/www.raschvin.com\/sv\/wp-json\/wp\/v2\/media\/83693"}],"wp:attachment":[{"href":"https:\/\/www.raschvin.com\/sv\/wp-json\/wp\/v2\/media?parent=83657"}],"wp:term":[{"taxonomy":"product_brand","embeddable":true,"href":"https:\/\/www.raschvin.com\/sv\/wp-json\/wp\/v2\/product_brand?post=83657"},{"taxonomy":"product_cat","embeddable":true,"href":"https:\/\/www.raschvin.com\/sv\/wp-json\/wp\/v2\/product_cat?post=83657"},{"taxonomy":"product_tag","embeddable":true,"href":"https:\/\/www.raschvin.com\/sv\/wp-json\/wp\/v2\/product_tag?post=83657"}],"curies":[{"name":"wp","href":"https:\/\/api.w.org\/{rel}","templated":true}]}}