{"id":83639,"date":"2025-03-03T09:40:54","date_gmt":"2025-03-03T08:40:54","guid":{"rendered":"https:\/\/www.raschvin.com\/produkt\/three-chain-road-heathcote-shiraz-gin-70-cl-42\/"},"modified":"2025-03-03T09:40:54","modified_gmt":"2025-03-03T08:40:54","slug":"three-chain-road-heathcote-shiraz-gin-70-cl-42","status":"publish","type":"product","link":"https:\/\/www.raschvin.com\/sv\/produkt\/three-chain-road-heathcote-shiraz-gin-70-cl-42\/","title":{"rendered":"Three Chain Road Heathcote Shiraz Gin 70 cl. 42%"},"content":{"rendered":"<p>En lyxgin skapad med lokala Shiraz-druvor fr\u00e5n regionen och lagrad p\u00e5 ekfat. Den ger en fantastisk Gin &#038; Tonic d\u00e4r rosmarin, citron eller blodapelsin \u00e4r utm\u00e4rkta garnityralternativ.<\/p>\n<p>Rubinr\u00f6d i glaset med lila nyanser. Doften \u00e4r fylld med kryddiga toner och underliggande inslag av sommarb\u00e4r. Smaken \u00e4r varm, med toner av peppar, f\u00f6ljt av hallon, plommon och akacia.<\/p>\n<p>Med en ren basdestillat som utg\u00e5ngspunkt tills\u00e4tts l\u00e4tt pressade Shiraz-druvor, vilket ger ginen dess rubinr\u00f6da f\u00e4rg. D\u00e4refter tills\u00e4tts enb\u00e4r, kardemumma, stj\u00e4rnanis, bittra mandlar, akaciab\u00e4r och pepparb\u00e4r, vilket ger ginen dess imponerande aromatiska karakt\u00e4r och komplexitet.<\/p>\n<p>Om Buller Wines<br \/>\nSedan starten har det australiensiska vineriet R.L. Buller &#038; Son utvecklats fr\u00e5n att vara \u2013 man kan n\u00e4stan frestas att s\u00e4ga \u2013 en vanlig producent av starkvin och bordsvin till att idag ha en n\u00e4stan kultliknande status inom starkvinsv\u00e4rlden. Buller har specialiserat sig p\u00e5 en unik typ av starkvin, framst\u00e4llt enligt det gamla spanska solerasystemet f\u00f6r sherry. De f\u00e4rdiga vinerna \u00e4r oftast minst 10 \u00e5r gamla i genomsnitt, medan specialiteter som Calliope n\u00e4rmar sig ett genomsnitt p\u00e5 50 \u00e5r. Och resultaten \u00e4r enast\u00e5ende \u2013 m\u00e5nga har f\u00f6rs\u00f6kt att efterlikna Bullers hantverk, b\u00e5de i Australien och runt om i v\u00e4rlden, men hittills utan st\u00f6rre framg\u00e5ng. Som Robert Parker skriver i The Wine Advocate: &#8221;Man m\u00e5ste smaka dem f\u00f6r att tro det!!&#8221;<\/p>\n<p>Buller Wines grundades 1921 i Rutherglen i nord\u00f6stra Victoria av Reginald Langdon Buller. Fr\u00e5n en blygsam b\u00f6rjan f\u00f6r n\u00e4stan 100 \u00e5r sedan str\u00e4cker sig Buller Wines idag \u00f6ver flera vinregioner, inklusive Rutherglen, King Valley, Swan Hill och Heathcote. Visionen har alltid varit att skapa en ving\u00e5rd i v\u00e4rldsklass som uttrycker regionens unika terroir \u2013 och s\u00e5 har det blivit.<\/p>\n<p>Den 22 hektar stora Buller Wines Estate Vineyard planterades av Reginald Langdon Buller i b\u00f6rjan av 1920-talet. \u00c4n idag producerar mer \u00e4n h\u00e4lften av de ursprungliga vinrankorna fortfarande intensivt koncentrerade druvor med l\u00e5g avkastning. Rutherglen \u00e4r internationellt erk\u00e4nt som en av v\u00e4rldens fr\u00e4msta regioner f\u00f6r starkvin.<\/p>\n<p>95 PO\u00c4NG<br \/>\nMad &#038; Monopolet<br \/>\n&#8221;EN IMPONERANDE GIN!&#8221;<br \/>\nDetta \u00e4r en ganska galen kombination \u2013 en australisk gin som inneh\u00e5ller Shiraz \u2013 en r\u00f6dvinsdruva som odlas flitigt i Australien. Jag m\u00e5ste s\u00e4ga att det \u00e4r en otrolig mix som resulterar i en gin med flera lager och smaknyanser. Den bjuder p\u00e5 doft av r\u00f6da, friska b\u00e4r \u2013 hallon och jordgubbar \u2013 samt peppar, lakrits och honung. Det \u00e4r tydligt att druvorna tillf\u00f6r ett extra och v\u00e4ldigt sp\u00e4nnande element till denna gin. Den \u00e4r genial i en cocktail, exempelvis en klassisk Negroni, d\u00e4r smakerna verkligen kommer till sin r\u00e4tt. En imponerande gin!<\/p>\n<p>GULD<br \/>\nMelbourne Royal Australian Distilled Spirit Awards<br \/>\nMelbourne Royal Australian Distilled Spirit Awards 2021<\/p>\n<p>GULD<br \/>\nChina Wine &#038; Spirit Awards<br \/>\nChina Wine &#038; Spirit Awards \u2013 2021<\/p>\n","protected":false},"excerpt":{"rendered":"<p>Buller Wines \u2013 Australia<\/p>\n","protected":false},"featured_media":83663,"template":"","meta":{"_acf_changed":false,"rs_blank_template":"","rs_page_bg_color":"","slide_template_v7":""},"product_brand":[],"product_cat":[2404,4700,9479],"product_tag":[],"class_list":{"0":"post-83639","1":"product","2":"type-product","3":"status-publish","4":"has-post-thumbnail","6":"product_cat-gin-sv","7":"product_cat-flavoured-gin-sv","8":"product_cat-gintyper","9":"pa_land-australien-sv","10":"pa_procent-42-sv","11":"pa_producent-buller-wines-sv","12":"pa_volume-70-sv-2","14":"first","15":"instock","16":"taxable","17":"shipping-taxable","18":"purchasable","19":"product-type-simple"},"bundled_by":[],"bundle_stock_status":"instock","bundle_stock_quantity":null,"bundle_virtual":false,"bundle_layout":"","bundle_add_to_cart_form_location":"","bundle_editable_in_cart":false,"bundle_sold_individually_context":"","bundle_item_grouping":"","bundle_min_size":"","bundle_max_size":"","bundle_price":[],"bundled_items":[],"bundle_sell_ids":[],"acf":[],"_links":{"self":[{"href":"https:\/\/www.raschvin.com\/sv\/wp-json\/wp\/v2\/product\/83639","targetHints":{"allow":["GET"]}}],"collection":[{"href":"https:\/\/www.raschvin.com\/sv\/wp-json\/wp\/v2\/product"}],"about":[{"href":"https:\/\/www.raschvin.com\/sv\/wp-json\/wp\/v2\/types\/product"}],"wp:featuredmedia":[{"embeddable":true,"href":"https:\/\/www.raschvin.com\/sv\/wp-json\/wp\/v2\/media\/83663"}],"wp:attachment":[{"href":"https:\/\/www.raschvin.com\/sv\/wp-json\/wp\/v2\/media?parent=83639"}],"wp:term":[{"taxonomy":"product_brand","embeddable":true,"href":"https:\/\/www.raschvin.com\/sv\/wp-json\/wp\/v2\/product_brand?post=83639"},{"taxonomy":"product_cat","embeddable":true,"href":"https:\/\/www.raschvin.com\/sv\/wp-json\/wp\/v2\/product_cat?post=83639"},{"taxonomy":"product_tag","embeddable":true,"href":"https:\/\/www.raschvin.com\/sv\/wp-json\/wp\/v2\/product_tag?post=83639"}],"curies":[{"name":"wp","href":"https:\/\/api.w.org\/{rel}","templated":true}]}}