{"id":83635,"date":"2025-03-03T09:30:30","date_gmt":"2025-03-03T08:30:30","guid":{"rendered":"https:\/\/www.raschvin.com\/produkt\/three-chain-road-rare-muscat-gin-70-cl-42\/"},"modified":"2025-03-03T09:30:30","modified_gmt":"2025-03-03T08:30:30","slug":"three-chain-road-rare-muscat-gin-70-cl-42","status":"publish","type":"product","link":"https:\/\/www.raschvin.com\/sv\/produkt\/three-chain-road-rare-muscat-gin-70-cl-42\/","title":{"rendered":"Three Chain Road Rare Muscat Gin 70 cl. 42%"},"content":{"rendered":"<p>En verkligt komplex gin d\u00e4r Muscatvinet som blandas i \u00e4r dekadent, s\u00f6tt och tr\u00f6gflytande, med massor av toner av russin, rosenblad och julkaka. Drick den som den \u00e4r, on the rocks, eller i en lyxig version av en Gin &#038; Tonic.<\/p>\n<p>En kr\u00e4mig, mjuk och s\u00f6t gin med h\u00e4rliga toner av muskotn\u00f6t, kanel, russin, apelsin, vanilj och \u2013 naturligtvis \u2013 enb\u00e4r.<\/p>\n<p>Med en ren basdestillat som utg\u00e5ngspunkt tills\u00e4tts Buller Wines egen 50-\u00e5riga Muscatvin, vilket ger ginen dess gyllene f\u00e4rg och fantastiska smak. D\u00e4refter tills\u00e4tts enb\u00e4r, kanelst\u00e4nger, muskotn\u00f6t, russin, vanilj och apelsin, vilket ger ginen dess imponerande aromatiska karakt\u00e4r och otroliga komplexitet.<\/p>\n<p>Sedan starten har det australiensiska vineriet R.L. Buller &#038; Son utvecklats fr\u00e5n att vara \u2013 man kan n\u00e4stan frestas att s\u00e4ga \u2013 en vanlig producent av starkvin och bordsvin till att idag ha en n\u00e4stan kultliknande status inom starkvinsv\u00e4rlden. Buller har specialiserat sig p\u00e5 en unik typ av starkvin, framst\u00e4llt enligt det gamla spanska solerasystemet f\u00f6r sherry. De f\u00e4rdiga vinerna \u00e4r oftast minst 10 \u00e5r gamla i genomsnitt, medan specialiteter som Calliope n\u00e4rmar sig ett genomsnitt p\u00e5 50 \u00e5r. Och resultaten \u00e4r enast\u00e5ende \u2013 m\u00e5nga har f\u00f6rs\u00f6kt att efterlikna Bullers hantverk, b\u00e5de i Australien och runt om i v\u00e4rlden, men hittills utan st\u00f6rre framg\u00e5ng. Som Robert Parker skriver i The Wine Advocate: &#8221;Man m\u00e5ste smaka dem f\u00f6r att tro det!!&#8221;<\/p>\n<p>Buller Wines grundades 1921 i Rutherglen i nord\u00f6stra Victoria av Reginald Langdon Buller. Fr\u00e5n en blygsam b\u00f6rjan f\u00f6r n\u00e4stan 100 \u00e5r sedan str\u00e4cker sig Buller Wines idag \u00f6ver flera vinregioner, inklusive Rutherglen, King Valley, Swan Hill och Heathcote. Visionen har alltid varit att skapa en ving\u00e5rd i v\u00e4rldsklass som uttrycker regionens unika terroir \u2013 och s\u00e5 har det blivit.<\/p>\n<p>Den 22 hektar stora Buller Wines Estate Vineyard planterades av Reginald Langdon Buller i b\u00f6rjan av 1920-talet. \u00c4n idag producerar mer \u00e4n h\u00e4lften av de ursprungliga vinrankorna fortfarande intensivt koncentrerade druvor med l\u00e5g avkastning. Rutherglen \u00e4r internationellt erk\u00e4nt som en av v\u00e4rldens fr\u00e4msta regioner f\u00f6r starkvin.<\/p>\n<p>95 PO\u00c4NG<br \/>\nMad &#038; Monopolet<br \/>\n&#8221;S\u00c4TTER NYA STANDARDER F\u00d6R SPRIT&#8221;<br \/>\nBuller Wines s\u00e4tter nya standarder f\u00f6r sprit \u2013 de experimenterar framg\u00e5ngsrikt med att tills\u00e4tta exempelvis druvor i sin gin, vilket ger ett extra lager och djup till deras produkter. I denna gin har Muscatvin, lagrat i 50 \u00e5r (Solera-systemet), tillsatts, vilket ger aromer av plommon, russin, kanel, kryddnejlika, apelsin och naturligtvis enb\u00e4r. I munnen \u00e4r den fyllig, kr\u00e4mig och s\u00f6tare \u00e4n traditionell gin, vilket skapar en unik upplevelse. F\u00f6r en riktigt speciell smakupplevelse, prova den i en Espresso Martini.<\/p>\n<p>GULD<br \/>\nChina Wine &#038; Spirit Awards<br \/>\nChina Wine &#038; Spirit Awards \u2013 2021<\/p>\n<p>SILVER<br \/>\nMelbourne Royal Australian Distilled Spirit Awards<br \/>\nMelbourne Royal Australian Distilled Spirit Awards \u2013 2021<\/p>\n","protected":false},"excerpt":{"rendered":"<p>Buller Wines &#8211; Australia<\/p>\n","protected":false},"featured_media":83702,"template":"","meta":{"_acf_changed":false,"rs_blank_template":"","rs_page_bg_color":"","slide_template_v7":""},"product_brand":[],"product_cat":[4711,2402,2404],"product_tag":[],"class_list":{"0":"post-83635","1":"product","2":"type-product","3":"status-publish","4":"has-post-thumbnail","6":"product_cat-andra-gins","7":"product_cat-sprit-sv","8":"product_cat-gin-sv","9":"pa_drue-muscat-sv","10":"pa_land-australien-sv","11":"pa_procent-42-sv","12":"pa_producent-buller-wines-sv","13":"pa_volume-70-sv-2","15":"first","16":"instock","17":"taxable","18":"shipping-taxable","19":"purchasable","20":"product-type-simple"},"bundled_by":[],"bundle_stock_status":"instock","bundle_stock_quantity":null,"bundle_virtual":false,"bundle_layout":"","bundle_add_to_cart_form_location":"","bundle_editable_in_cart":false,"bundle_sold_individually_context":"","bundle_item_grouping":"","bundle_min_size":"","bundle_max_size":"","bundle_price":[],"bundled_items":[],"bundle_sell_ids":[],"acf":[],"_links":{"self":[{"href":"https:\/\/www.raschvin.com\/sv\/wp-json\/wp\/v2\/product\/83635","targetHints":{"allow":["GET"]}}],"collection":[{"href":"https:\/\/www.raschvin.com\/sv\/wp-json\/wp\/v2\/product"}],"about":[{"href":"https:\/\/www.raschvin.com\/sv\/wp-json\/wp\/v2\/types\/product"}],"wp:featuredmedia":[{"embeddable":true,"href":"https:\/\/www.raschvin.com\/sv\/wp-json\/wp\/v2\/media\/83702"}],"wp:attachment":[{"href":"https:\/\/www.raschvin.com\/sv\/wp-json\/wp\/v2\/media?parent=83635"}],"wp:term":[{"taxonomy":"product_brand","embeddable":true,"href":"https:\/\/www.raschvin.com\/sv\/wp-json\/wp\/v2\/product_brand?post=83635"},{"taxonomy":"product_cat","embeddable":true,"href":"https:\/\/www.raschvin.com\/sv\/wp-json\/wp\/v2\/product_cat?post=83635"},{"taxonomy":"product_tag","embeddable":true,"href":"https:\/\/www.raschvin.com\/sv\/wp-json\/wp\/v2\/product_tag?post=83635"}],"curies":[{"name":"wp","href":"https:\/\/api.w.org\/{rel}","templated":true}]}}