{"id":83453,"date":"2025-02-28T08:14:31","date_gmt":"2025-02-28T07:14:31","guid":{"rendered":"https:\/\/www.raschvin.com\/produkt\/luna-argenta-bianco-appassite-2022-75-cl\/"},"modified":"2026-01-21T09:47:18","modified_gmt":"2026-01-21T08:47:18","slug":"luna-argenta-bianco-appassite-2022-75-cl","status":"publish","type":"product","link":"https:\/\/www.raschvin.com\/sv\/produkt\/luna-argenta-bianco-appassite-2022-75-cl\/","title":{"rendered":"Luna Argenta \u2013 Bianco Appassite 2024 75 cl."},"content":{"rendered":"<p>Luna Argenta \u00e4r ett f\u00f6rtjusande vitt vin som tr\u00e4ffar mitt i hj\u00e4rtat hos vin\u00e4lskare som uppskattar fyllighet, en l\u00e4tt charmig s\u00f6tma och friskhet. Dessa element g\u00e5r s\u00f6ml\u00f6st hand i hand i detta vita vin fr\u00e5n det v\u00e4stligaste Sicilien.<\/p>\n<p>Luna Argenta \u00e4r en blandning av den lokala Catarratto-druvan tillsammans med Sauvignon Blanc, Viognier och en droppe Moscato. Precis som med de popul\u00e4ra r\u00f6da vinerna i samma serie, torkas en del av druvklasarna efter sk\u00f6rd f\u00f6r att koncentrera socker- och arom\u00e4mnen, vilket ger det f\u00e4rdiga vinet en extra \u2018vitamininjektion.\u2019<\/p>\n<p>J\u00e4sningen sker vid l\u00e5g temperatur i rostfria st\u00e5ltankar, vilket bevarar de ursprungliga druvaromerna i doftbilden.<\/p>\n<p>Doft och smak bjuder p\u00e5 inslag av persika, citrus och tropisk frukt s\u00e5som melon och mango, med subtila blommiga undertoner. Smaken \u00e4r fyllig, frisk och intensiv med en l\u00e5ng och ih\u00e5llande eftersmak.<\/p>\n<p>Luna Argenta Bianco \u00e4r perfekt som ett spontant glas vin och fungerar \u00e4ven utm\u00e4rkt som ett m\u00e5ngsidigt matvin.<\/p>\n<p>Serveras vid 8-11\u00b0C.<\/p>\n","protected":false},"excerpt":{"rendered":"<p>Terre Siciliane Rosso IGT \u2013 Italy<\/p>\n","protected":false},"featured_media":83466,"template":"","meta":{"_acf_changed":false,"rs_blank_template":"","rs_page_bg_color":"","slide_template_v7":""},"product_brand":[],"product_cat":[2788,2792],"product_tag":[],"class_list":{"0":"post-83453","1":"product","2":"type-product","3":"status-publish","4":"has-post-thumbnail","6":"product_cat-vin-sv","7":"product_cat-vitt-vin","8":"pa_aargang-2024-sv","9":"pa_drue-moscato-sv","10":"pa_drue-sauvignon-blanc-sv","11":"pa_drue-viognier-sv","12":"pa_drue-cataratto-sv","13":"pa_land-italien-sv","14":"pa_procent-13-sv","15":"pa_producent-luna-argenta-sv","16":"pa_region-sicilien-sv","17":"pa_serveringstemperatur-8-11-sv","18":"pa_volume-75-sv","20":"first","21":"instock","22":"taxable","23":"shipping-taxable","24":"purchasable","25":"product-type-simple"},"bundled_by":[],"bundle_stock_status":"instock","bundle_stock_quantity":null,"bundle_virtual":false,"bundle_layout":"","bundle_add_to_cart_form_location":"","bundle_editable_in_cart":false,"bundle_sold_individually_context":"","bundle_item_grouping":"","bundle_min_size":"","bundle_max_size":"","bundle_price":[],"bundled_items":[],"bundle_sell_ids":[],"acf":[],"_links":{"self":[{"href":"https:\/\/www.raschvin.com\/sv\/wp-json\/wp\/v2\/product\/83453","targetHints":{"allow":["GET"]}}],"collection":[{"href":"https:\/\/www.raschvin.com\/sv\/wp-json\/wp\/v2\/product"}],"about":[{"href":"https:\/\/www.raschvin.com\/sv\/wp-json\/wp\/v2\/types\/product"}],"wp:featuredmedia":[{"embeddable":true,"href":"https:\/\/www.raschvin.com\/sv\/wp-json\/wp\/v2\/media\/83466"}],"wp:attachment":[{"href":"https:\/\/www.raschvin.com\/sv\/wp-json\/wp\/v2\/media?parent=83453"}],"wp:term":[{"taxonomy":"product_brand","embeddable":true,"href":"https:\/\/www.raschvin.com\/sv\/wp-json\/wp\/v2\/product_brand?post=83453"},{"taxonomy":"product_cat","embeddable":true,"href":"https:\/\/www.raschvin.com\/sv\/wp-json\/wp\/v2\/product_cat?post=83453"},{"taxonomy":"product_tag","embeddable":true,"href":"https:\/\/www.raschvin.com\/sv\/wp-json\/wp\/v2\/product_tag?post=83453"}],"curies":[{"name":"wp","href":"https:\/\/api.w.org\/{rel}","templated":true}]}}