{"id":83378,"date":"2025-02-27T08:31:52","date_gmt":"2025-02-27T07:31:52","guid":{"rendered":"https:\/\/www.raschvin.com\/produkt\/juve-camps-brut-rose-pinot-noir-organic-eco-75-cl\/"},"modified":"2025-02-27T08:31:52","modified_gmt":"2025-02-27T07:31:52","slug":"juve-camps-brut-rose-pinot-noir-organic-eco-75-cl","status":"publish","type":"product","link":"https:\/\/www.raschvin.com\/sv\/produkt\/juve-camps-brut-rose-pinot-noir-organic-eco-75-cl\/","title":{"rendered":"Juv\u00e9 &#038; Camps \u2013 Brut Ros\u00e9 Pinot Noir Organic (ECO) 75 cl."},"content":{"rendered":"<p>Delikat smak och arom av rostat br\u00f6d, blommiga toner och en hyllning till Pinot Noirs f\u00f6rf\u00f6riska r\u00f6da fruktkarakt\u00e4r.<\/p>\n<p>En druvren Pinot Noir med en tydlig medelhavskarakt\u00e4r. Druvorna kommer fr\u00e5n Espiells, d\u00e4r jorden \u00e4r rik p\u00e5 lera och kalksten p\u00e5 upp till 250 meters h\u00f6jd. Sk\u00f6rden inleds tidigt f\u00f6r att f\u00e5nga druvornas fr\u00e4sch\u00f6r och ge vinet en charmig, ljus f\u00e4rg.<\/p>\n<p>F\u00f6rsiktig pressning och l\u00e4tt maceration s\u00e4kerst\u00e4ller en skonsam extraktion av f\u00e4rg och prim\u00e4ra aromer. Tillverkad enligt Methode Traditionelle, med en genomsnittlig lagringstid p\u00e5 12 m\u00e5nader p\u00e5 flaska. 9 g\/l dosage.<\/p>\n<p>90 PO\u00c4NG<br \/>\nRobert Parker \u2013 &#8221;UNDERBAR OCH FRISK&#8221;<br \/>\nM\u00f6rkrosa i f\u00e4rgen med en h\u00e4rlig doft av rosenblad och jordgubbar. Livlig och frisk i smaken, med krispig syra och en l\u00e5ng eftersmak. Ett utm\u00e4rkt val till smakrika r\u00e4tter eller som aperitif.<\/p>\n<p>90 PO\u00c4NG<br \/>\nWine Spectator<br \/>\nLjus och balanserad, denna saftiga variant har en livlig mousse, med fina toner av nektarin, plommonskal och gr\u00e4ddad mandel, plus en hint av passionsfrukt. Delikata inslag av f\u00e4rska \u00f6rter, vita blommor och kryddor dr\u00f6jer sig kvar i avslutet.<\/p>\n<p>90 PO\u00c4NG<br \/>\nVinbladet \u2013 &#8221;EN S\u00c4KER VINNARE&#8221;<br \/>\nHallon-jordgubbsdoft, mycket ren. Fin kr\u00e4mig fyllighet och mousse, friska b\u00e4r och en luftig eftersmak med fin frukt. Mycket elegant, harmonisk och fyllig Cava.<\/p>\n<p>Gastro \u2013 &#8221;FYLLIGHET OCH FR\u00c4SCH\u00d6R I FIN BALANS&#8221;<br \/>\nRos\u00e9champagne och liknande stilar har varit n\u00e5gra av de hetaste trenderna p\u00e5 senare \u00e5r. I denna kategori levererar lyx-Cava-producenten Juv\u00e9 y Camps en fantastisk Cava gjord p\u00e5 frirunnen must fr\u00e5n 100% Pinot Noir fr\u00e5n Feixa 1. F\u00e4rgen \u00e4r f\u00f6rf\u00f6risk, och doft och smak p\u00e5minner om jordgubbar och r\u00f6da vinb\u00e4r. H\u00e4r finns b\u00e5de fyllighet och friskhet i perfekt balans. Inte billig, men v\u00e4rd priset.<\/p>\n<p>Vinavisen \u2013 &#8221;T\u00d6RRT MED EN FIN TOUCH AV S\u00d6TMA&#8221;<br \/>\nTillverkad p\u00e5 100% Pinot Noir, vilket ger en vacker rubinr\u00f6d f\u00e4rg. Smaken \u00e4r tydligt Pinot, med en fin kryddighet. Torr, men med en l\u00e4tt s\u00f6tma. Fina bubblor i glaset och en perfekt mousse i munnen.<\/p>\n<p>Om Juv\u00e9 y Camps<br \/>\nCava \u00e4r Spaniens mousserande vin \u2013 ett utm\u00e4rkt alternativ till de mer k\u00e4nda (och ofta dyrare\u2026) franska bubblorna fr\u00e5n Champagne. Juv\u00e9 y Camps har i \u00f6ver 200 \u00e5r skapat h\u00f6gkvalitativa viner, och med sin l\u00e5nga historia \u00e4r de en ledande producent av premium-Cava. Alla druvor sk\u00f6rdas f\u00f6r hand och endast den finaste musten anv\u00e4nds, vilket ger en elegant och balanserad smakprofil.<\/p>\n<p>Med Juv\u00e9 y Camps f\u00e5r du en Cava i v\u00e4rldsklass \u2013 perfekt f\u00f6r den som uppskattar kvalitet och tradition.<\/p>\n","protected":false},"excerpt":{"rendered":"<p>Spanish Sparkling Wine \u2013 CAVA<\/p>\n","protected":false},"featured_media":83382,"template":"","meta":{"_acf_changed":false,"rs_blank_template":"","rs_page_bg_color":"","slide_template_v7":""},"product_brand":[],"product_cat":[2780,2776,2787],"product_tag":[],"class_list":{"0":"post-83378","1":"product","2":"type-product","3":"status-publish","4":"has-post-thumbnail","6":"product_cat-cava-sv","7":"product_cat-mousserende-sv","8":"product_cat-sparkling-rose-sv","9":"pa_drue-pinot-noir-sv","10":"pa_land-spanien-sv","11":"pa_oekologisk-yes-sv","12":"pa_procent-12-sv","13":"pa_producent-juve-camps-sv","14":"pa_region-pendes-sv","15":"pa_serveringstemperatur-10-12-sv-2","16":"pa_volume-75-sv","18":"first","19":"outofstock","20":"sale","21":"taxable","22":"shipping-taxable","23":"purchasable","24":"product-type-simple"},"bundled_by":[],"bundle_stock_status":"outofstock","bundle_stock_quantity":null,"bundle_virtual":false,"bundle_layout":"","bundle_add_to_cart_form_location":"","bundle_editable_in_cart":false,"bundle_sold_individually_context":"","bundle_item_grouping":"","bundle_min_size":"","bundle_max_size":"","bundle_price":[],"bundled_items":[],"bundle_sell_ids":[],"acf":[],"_links":{"self":[{"href":"https:\/\/www.raschvin.com\/sv\/wp-json\/wp\/v2\/product\/83378","targetHints":{"allow":["GET"]}}],"collection":[{"href":"https:\/\/www.raschvin.com\/sv\/wp-json\/wp\/v2\/product"}],"about":[{"href":"https:\/\/www.raschvin.com\/sv\/wp-json\/wp\/v2\/types\/product"}],"wp:featuredmedia":[{"embeddable":true,"href":"https:\/\/www.raschvin.com\/sv\/wp-json\/wp\/v2\/media\/83382"}],"wp:attachment":[{"href":"https:\/\/www.raschvin.com\/sv\/wp-json\/wp\/v2\/media?parent=83378"}],"wp:term":[{"taxonomy":"product_brand","embeddable":true,"href":"https:\/\/www.raschvin.com\/sv\/wp-json\/wp\/v2\/product_brand?post=83378"},{"taxonomy":"product_cat","embeddable":true,"href":"https:\/\/www.raschvin.com\/sv\/wp-json\/wp\/v2\/product_cat?post=83378"},{"taxonomy":"product_tag","embeddable":true,"href":"https:\/\/www.raschvin.com\/sv\/wp-json\/wp\/v2\/product_tag?post=83378"}],"curies":[{"name":"wp","href":"https:\/\/api.w.org\/{rel}","templated":true}]}}