{"id":83375,"date":"2025-02-27T08:21:52","date_gmt":"2025-02-27T07:21:52","guid":{"rendered":"https:\/\/www.raschvin.com\/produkt\/cava-nit-del-foc-brut-rose-organic-eco-75-cl\/"},"modified":"2025-02-27T08:21:52","modified_gmt":"2025-02-27T07:21:52","slug":"cava-nit-del-foc-brut-rose-organic-eco-75-cl","status":"publish","type":"product","link":"https:\/\/www.raschvin.com\/sv\/produkt\/cava-nit-del-foc-brut-rose-organic-eco-75-cl\/","title":{"rendered":"Cava Nit del Foc Brut Ros\u00e9 Organic (ECO) 75 cl."},"content":{"rendered":"<p>Mycket intensiv med stor aromatisk komplexitet. De prim\u00e4ra aromerna smeker n\u00e4san med subtila toner av viol och rosor i kombination med mogen r\u00f6d frukt. Mjuk, kr\u00e4mig, frisk och elegant p\u00e5 tungan med en l\u00e5ng eftersmak. Syran \u00e4r perfekt balanserad och h\u00e5ller cavan frisk.<\/p>\n<p>Denna cava \u00e4r gjord p\u00e5 Garnacha-druvor fr\u00e5n ekologiska ving\u00e5rdar i Valencias h\u00f6gland. En fantastisk f\u00f6ljeslagare till m\u00e5nga m\u00e5ltider \u2013 s\u00e4rskilt fisk.<\/p>\n","protected":false},"excerpt":{"rendered":"<p>Organic Spanish Sparkling Wine<\/p>\n","protected":false},"featured_media":83385,"template":"","meta":{"_acf_changed":false,"rs_blank_template":"","rs_page_bg_color":"","slide_template_v7":""},"product_brand":[],"product_cat":[2780,2776,2787],"product_tag":[],"class_list":{"0":"post-83375","1":"product","2":"type-product","3":"status-publish","4":"has-post-thumbnail","6":"product_cat-cava-sv","7":"product_cat-mousserende-sv","8":"product_cat-sparkling-rose-sv","9":"pa_drue-garnacha-sv","10":"pa_land-spanien-sv","11":"pa_oekologisk-yes-sv","12":"pa_procent-12-sv","13":"pa_producent-nit-del-foc-sv","14":"pa_region-sevilla-sv","15":"pa_serveringstemperatur-14-16-sv","16":"pa_volume-75-sv","18":"first","19":"instock","20":"taxable","21":"shipping-taxable","22":"purchasable","23":"product-type-simple"},"bundled_by":[],"bundle_stock_status":"instock","bundle_stock_quantity":null,"bundle_virtual":false,"bundle_layout":"","bundle_add_to_cart_form_location":"","bundle_editable_in_cart":false,"bundle_sold_individually_context":"","bundle_item_grouping":"","bundle_min_size":"","bundle_max_size":"","bundle_price":[],"bundled_items":[],"bundle_sell_ids":[],"acf":[],"_links":{"self":[{"href":"https:\/\/www.raschvin.com\/sv\/wp-json\/wp\/v2\/product\/83375","targetHints":{"allow":["GET"]}}],"collection":[{"href":"https:\/\/www.raschvin.com\/sv\/wp-json\/wp\/v2\/product"}],"about":[{"href":"https:\/\/www.raschvin.com\/sv\/wp-json\/wp\/v2\/types\/product"}],"wp:featuredmedia":[{"embeddable":true,"href":"https:\/\/www.raschvin.com\/sv\/wp-json\/wp\/v2\/media\/83385"}],"wp:attachment":[{"href":"https:\/\/www.raschvin.com\/sv\/wp-json\/wp\/v2\/media?parent=83375"}],"wp:term":[{"taxonomy":"product_brand","embeddable":true,"href":"https:\/\/www.raschvin.com\/sv\/wp-json\/wp\/v2\/product_brand?post=83375"},{"taxonomy":"product_cat","embeddable":true,"href":"https:\/\/www.raschvin.com\/sv\/wp-json\/wp\/v2\/product_cat?post=83375"},{"taxonomy":"product_tag","embeddable":true,"href":"https:\/\/www.raschvin.com\/sv\/wp-json\/wp\/v2\/product_tag?post=83375"}],"curies":[{"name":"wp","href":"https:\/\/api.w.org\/{rel}","templated":true}]}}