{"id":83276,"date":"2025-02-26T15:25:47","date_gmt":"2025-02-26T14:25:47","guid":{"rendered":"https:\/\/www.raschvin.com\/produkt\/errazuriz-max-reserva-chardonnay-2022-75-cl\/"},"modified":"2025-02-26T15:25:47","modified_gmt":"2025-02-26T14:25:47","slug":"errazuriz-max-reserva-chardonnay-2022-75-cl","status":"publish","type":"product","link":"https:\/\/www.raschvin.com\/sv\/produkt\/errazuriz-max-reserva-chardonnay-2022-75-cl\/","title":{"rendered":"Errazuriz MAX \u2013 Reserva Chardonnay 2022 75 cl."},"content":{"rendered":"<p>Estate-vinerna \u00e4r skapade till \u00e4ra f\u00f6r Vi\u00f1a Err\u00e1zuriz ving\u00e5rd, som har varit hem till vinf\u00f6retagets historia i sex generationer. Reserve-vinerna speglar den unika karakt\u00e4ren hos varje druvsort.<\/p>\n<p>Max Reserve Chardonnay \u00e4r lagrad i sex m\u00e5nader p\u00e5 franska ekfat och utm\u00e4rker sig f\u00f6r sin friskhet, fruktiga karakt\u00e4r och en utm\u00e4rkt balans.<\/p>\n<p>H\u00e4rligt frisk och uttrycksfull med sina fruktiga noter. Fin textur, fyllighet och djup. Verkligen en h\u00e4rlig, saftig och somrig vin med livlig syra.<\/p>\n<p>Lagras i sex m\u00e5nader p\u00e5 franska ekfat.<\/p>\n<p>91 PO\u00c4NG<br \/>\nWineWherEver<br \/>\n&#8221;CHARDONNAY MED BREDA SKULDROR&#8221;<br \/>\nEn fyllig och rik Chardonnay som fortfarande beh\u00e5ller en god m\u00e4ngd syra och friskhet, vilket f\u00e5r allt att h\u00e4nga samman. \u00c4pplen, gr\u00f6na bananer och gula blommor s\u00e4tter tonen. Det h\u00e4r \u00e4r Chardonnay med breda skuldror.<\/p>\n<p>90 PO\u00c4NG<br \/>\nDecanter World Wine Awards<br \/>\nSilver Decanter World Wine Awards<br \/>\nFin doft av lime och r\u00f6d \u00e4ppelskal, f\u00f6ljt av en livlig smak av smidig \u00e4pple och subtil krydda.<br \/>\nVinministeriet<\/p>\n<p>I doften finns citrus, gr\u00f6na \u00e4pplen, p\u00e4ron, tropiska frukter, ananas och ett sp\u00e5r av ek, men ocks\u00e5 en mineralisk frisk ton. Smaken \u00e4r fruktig och s\u00f6t med citrus, gr\u00f6na \u00e4pplen, en mineralisk ton och god syra. Det finns \u00e4ven sp\u00e5r av ek, men inget som dominerar. En klassisk Chardonnay i en n\u00e5got svalare stil. Den har en uttalad fruktighet, \u00e4r rund och mjuk, men har samtidigt en h\u00e4rlig frisk syra. En vacker Chardonnay med bra balans. Vi\u00f1a Err\u00e1zuriz \u00e4r verkligen m\u00e4stare p\u00e5 att producera viner i en frisk stil fr\u00e5n Aconcagua-dalen i Chile!<\/p>\n<p>Vi\u00f1a Err\u00e1zuriz \u2013 kanske Sydamerikas b\u00e4sta vinhus<br \/>\nSedan 1870 har Vi\u00f1a Err\u00e1zuriz varit en ledare inom chilensk vinproduktion, grundat av den vision\u00e4ra Don Maximiano Err\u00e1zuriz i Aconcagua-dalen. H\u00e4r f\u00f6renas familjearv, innovation och h\u00e5llbarhet f\u00f6r att skapa viner som begeistrar vin\u00e4lskare v\u00e4rlden \u00f6ver. Medan de flesta chilenska ving\u00e5rdar fortfarande l\u00e5g n\u00e4ra landets huvudstad, Santiago, tittade Don Maximiano Err\u00e1zuriz l\u00e4ngre norrut. Efter att ha rest 100 km till h\u00e4st under tv\u00e5 dagar, uppt\u00e4ckte han Aconcagua-dalen. D\u00e4r f\u00f6rklarade han: &#8221;Fr\u00e5n den b\u00e4sta jorden kommer det b\u00e4sta vinet.&#8221; Detta budskap lever vidare mer \u00e4n 150 \u00e5r senare.<\/p>\n<p>\u00c5r 2004 skrev chilenerna historia n\u00e4r Vi\u00f1a Err\u00e1zuriz, i en nu ber\u00f6md blindprovning, skiljde sig ut i konkurrens med de mest prestigefyllda vinerna fr\u00e5n Italien och Frankrike. Don Maximiano Founder&#8217;s Reserve och KAI s\u00e4kerst\u00e4llde toppositioner. Denna milstolpe f\u00f6ljdes av en serie p\u00e5 22 internationella provningar som visade den chilenska vinets konsekvens och utm\u00e4rkta kvalitet p\u00e5 den globala scenen.<\/p>\n<p>P\u00e5 Vi\u00f1a Err\u00e1zuriz odlas ett brett spektrum av druvsorter, var och en noggrant utvald f\u00f6r att uttrycka det unika terroiret. Fr\u00e5n kraftfull Cabernet Sauvignon, elegant Pinot Noir och fyllig Shiraz till komplex Malbec och den s\u00e4rskilda chilenska signaturdruvan Carmenere, representerar deras r\u00f6da viner exceptionell djup och karakt\u00e4r.<\/p>\n<p>Vita viner som frisk Sauvignon Blanc och harmonisk Chardonnay visar ving\u00e5rdens f\u00f6rm\u00e5ga att frambringa b\u00e5de livlighet och finess. Denna m\u00e5ngsidighet har cementerat Vi\u00f1a Err\u00e1zuriz som en av v\u00e4rldens mest erk\u00e4nda vinproducenter.<\/p>\n<p>En Vision f\u00f6r Framtiden<br \/>\nIdag \u00e4gs ving\u00e5rden av och leds av Eduardo Chadwick, en passionerad ambassad\u00f6r f\u00f6r chilensk vin, som i decennier har rest v\u00e4rlden runt f\u00f6r att fr\u00e4mja Chiles viner som n\u00e5gra av de b\u00e4sta i v\u00e4rlden. Som femte generation forts\u00e4tter Eduardo Chadwick familjearvet med sina fyra d\u00f6ttrar \u2013 Magdalena, Mar\u00eda Jos\u00e9, Alejandra och Mar\u00eda Eugenia \u2013 som representerar den sj\u00e4tte generationen. Tillsammans arbetar familjen med en stark vision f\u00f6r framtiden, d\u00e4r h\u00e5llbar utveckling \u00e4r h\u00f6rnstenen f\u00f6r att bevara Vi\u00f1a Err\u00e1zurizs position som en global referens f\u00f6r kvalitet och innovation.<\/p>\n","protected":false},"excerpt":{"rendered":"<p>Vina Errazuriz<\/p>\n","protected":false},"featured_media":83313,"template":"","meta":{"_acf_changed":false,"rs_blank_template":"","rs_page_bg_color":"","slide_template_v7":""},"product_brand":[],"product_cat":[2788,2792],"product_tag":[],"class_list":{"0":"post-83276","1":"product","2":"type-product","3":"status-publish","4":"has-post-thumbnail","6":"product_cat-vin-sv","7":"product_cat-vitt-vin","8":"pa_aargang-2022-sv","9":"pa_drue-chardonnay-sv","10":"pa_land-chile-sv","11":"pa_procent-13-sv","12":"pa_producent-vina-errazuriz-sv","13":"pa_region-aconcagua-costa-sv","14":"pa_serveringstemperatur-10-12-sv-2","15":"pa_volume-75-sv","17":"first","18":"instock","19":"taxable","20":"shipping-taxable","21":"purchasable","22":"product-type-simple"},"bundled_by":[],"bundle_stock_status":"instock","bundle_stock_quantity":null,"bundle_virtual":false,"bundle_layout":"","bundle_add_to_cart_form_location":"","bundle_editable_in_cart":false,"bundle_sold_individually_context":"","bundle_item_grouping":"","bundle_min_size":"","bundle_max_size":"","bundle_price":[],"bundled_items":[],"bundle_sell_ids":[],"acf":[],"_links":{"self":[{"href":"https:\/\/www.raschvin.com\/sv\/wp-json\/wp\/v2\/product\/83276","targetHints":{"allow":["GET"]}}],"collection":[{"href":"https:\/\/www.raschvin.com\/sv\/wp-json\/wp\/v2\/product"}],"about":[{"href":"https:\/\/www.raschvin.com\/sv\/wp-json\/wp\/v2\/types\/product"}],"wp:featuredmedia":[{"embeddable":true,"href":"https:\/\/www.raschvin.com\/sv\/wp-json\/wp\/v2\/media\/83313"}],"wp:attachment":[{"href":"https:\/\/www.raschvin.com\/sv\/wp-json\/wp\/v2\/media?parent=83276"}],"wp:term":[{"taxonomy":"product_brand","embeddable":true,"href":"https:\/\/www.raschvin.com\/sv\/wp-json\/wp\/v2\/product_brand?post=83276"},{"taxonomy":"product_cat","embeddable":true,"href":"https:\/\/www.raschvin.com\/sv\/wp-json\/wp\/v2\/product_cat?post=83276"},{"taxonomy":"product_tag","embeddable":true,"href":"https:\/\/www.raschvin.com\/sv\/wp-json\/wp\/v2\/product_tag?post=83276"}],"curies":[{"name":"wp","href":"https:\/\/api.w.org\/{rel}","templated":true}]}}