{"id":83270,"date":"2025-02-26T14:49:17","date_gmt":"2025-02-26T13:49:17","guid":{"rendered":"https:\/\/www.raschvin.com\/produkt\/g-vine-floraison-night-edition-70-cl-40\/"},"modified":"2025-02-26T14:49:17","modified_gmt":"2025-02-26T13:49:17","slug":"g-vine-floraison-night-edition-70-cl-40","status":"publish","type":"product","link":"https:\/\/www.raschvin.com\/sv\/produkt\/g-vine-floraison-night-edition-70-cl-40\/","title":{"rendered":"G Vine \u2013 Floraison Night Edition 70 cl. 40%"},"content":{"rendered":"<p>G&#8217;Vine Floraison Gin Night Edition \u00e4r en lyxig och unik gin, skapad i Cognac-regionen i Frankrike. Den \u00e4r tillverkad p\u00e5 druvsprit och infuserad med 10 aromatiska v\u00e4xter, inklusive vinblommor, vilket ger en s\u00e4llsynt blommig doft och en uts\u00f6kt blandning av \u00f6rter, kryddor och enb\u00e4r. Denna limited edition kommer i en i\u00f6gonfallande gr\u00f6n, metallisk flaska, pr\u00e4glad med varum\u00e4rkets detaljer och upplyst av en LED Light Pad, vilket f\u00f6rvandlar den till ett b\u00e5de visuellt och sensoriskt konstverk.<\/p>\n<p>G&#8217;Vine skapas av m\u00e4sterdestillat\u00f6ren Jean-S\u00e9bastien Robicquet, som omdefinierade ginproduktion genom att anv\u00e4nda druvor ist\u00e4llet f\u00f6r s\u00e4d, vilket ger en mjukare och mer harmonisk smakprofil. Perfekt f\u00f6r gin och tonic, G&#8217;Vine Floraison erbjuder en frisk bukett av botanicals och en len karakt\u00e4r som f\u00f6rkroppsligar den franska art de vivre. Sedan lanseringen 2006 har den konsekvent h\u00f6jt ribban f\u00f6r lyxgin.<\/p>\n","protected":false},"excerpt":{"rendered":"<p>French Small Batch Distilled Gin From Grapes<\/p>\n","protected":false},"featured_media":83286,"template":"","meta":{"_acf_changed":false,"rs_blank_template":"","rs_page_bg_color":"","slide_template_v7":""},"product_brand":[],"product_cat":[4711,2404,2402],"product_tag":[],"class_list":{"0":"post-83270","1":"product","2":"type-product","3":"status-publish","4":"has-post-thumbnail","6":"product_cat-andra-gins","7":"product_cat-gin-sv","8":"product_cat-sprit-sv","9":"pa_drue-chardonnay-sv","10":"pa_drue-ugni-blanc-sv","11":"pa_land-frankrike","12":"pa_procent-40-sv-2","13":"pa_producent-maison-villevert-sv","14":"pa_region-cognac-sv","15":"pa_volume-70-sv-2","17":"first","18":"instock","19":"taxable","20":"shipping-taxable","21":"purchasable","22":"product-type-simple"},"bundled_by":[],"bundle_stock_status":"instock","bundle_stock_quantity":null,"bundle_virtual":false,"bundle_layout":"","bundle_add_to_cart_form_location":"","bundle_editable_in_cart":false,"bundle_sold_individually_context":"","bundle_item_grouping":"","bundle_min_size":"","bundle_max_size":"","bundle_price":[],"bundled_items":[],"bundle_sell_ids":[],"acf":[],"_links":{"self":[{"href":"https:\/\/www.raschvin.com\/sv\/wp-json\/wp\/v2\/product\/83270","targetHints":{"allow":["GET"]}}],"collection":[{"href":"https:\/\/www.raschvin.com\/sv\/wp-json\/wp\/v2\/product"}],"about":[{"href":"https:\/\/www.raschvin.com\/sv\/wp-json\/wp\/v2\/types\/product"}],"wp:featuredmedia":[{"embeddable":true,"href":"https:\/\/www.raschvin.com\/sv\/wp-json\/wp\/v2\/media\/83286"}],"wp:attachment":[{"href":"https:\/\/www.raschvin.com\/sv\/wp-json\/wp\/v2\/media?parent=83270"}],"wp:term":[{"taxonomy":"product_brand","embeddable":true,"href":"https:\/\/www.raschvin.com\/sv\/wp-json\/wp\/v2\/product_brand?post=83270"},{"taxonomy":"product_cat","embeddable":true,"href":"https:\/\/www.raschvin.com\/sv\/wp-json\/wp\/v2\/product_cat?post=83270"},{"taxonomy":"product_tag","embeddable":true,"href":"https:\/\/www.raschvin.com\/sv\/wp-json\/wp\/v2\/product_tag?post=83270"}],"curies":[{"name":"wp","href":"https:\/\/api.w.org\/{rel}","templated":true}]}}