{"id":83266,"date":"2025-02-26T14:39:57","date_gmt":"2025-02-26T13:39:57","guid":{"rendered":"https:\/\/www.raschvin.com\/produkt\/san-leonardo-igt-dolomiti-2019-75-cl\/"},"modified":"2025-02-26T14:39:57","modified_gmt":"2025-02-26T13:39:57","slug":"san-leonardo-igt-dolomiti-2019-75-cl","status":"publish","type":"product","link":"https:\/\/www.raschvin.com\/sv\/produkt\/san-leonardo-igt-dolomiti-2019-75-cl\/","title":{"rendered":"San Leonardo IGT Dolomiti 2019 75 cl."},"content":{"rendered":"<p>San Leonardo \u00e4r Tenuta San Leonardos flaggskepp och g\u00f6rs p\u00e5 Cabernet Sauvignon (vanligtvis cirka 60%), Carmen\u00e8re (30%) och Merlot \u2013 en blandning som varierar n\u00e5got beroende p\u00e5 \u00e5rg\u00e5ngen. Vinerna fr\u00e5n de olika druvsorterna j\u00e4ser spontant och lagras separat, och endast de b\u00e4sta faten v\u00e4ljs ut till slutblandningen. Vinet lagras i tv\u00e5 \u00e5r p\u00e5 nya samt 1\u20132 \u00e5r gamla franska barriques (225 L) och f\u00e5r sedan vila i minst ett \u00e5r i k\u00e4llaren efter buteljering.<\/p>\n<p>Vinet har en intensiv, m\u00f6rkt rubinr\u00f6d f\u00e4rg. Doften \u00e4r mycket komplex och djup, med m\u00f6rka toner av vilda b\u00e4r, peppar och en hint av vanilj. Direkt efter upph\u00e4llning kan smaken upplevas som n\u00e5got sluten, men med lite luftning \u00f6ppnar sig en rik palett av smaker. Massor av kryddor, en fin sammetslen struktur och koncentrerade toner av m\u00f6rka b\u00e4r, vanilj och en touch av ek. I eftersmaken framtr\u00e4der Cabernet Sauvignons h\u00f6ga andel tydligt, med en god struktur och en mycket balanserad torrhet. Ett mycket komplext vin. Ett utm\u00e4rkt val till lamm- och viltk\u00f6tt, f\u00e5gel i r\u00f6dvinss\u00e5s, n\u00f6tk\u00f6tt samt lagrade vitm\u00f6gelostar.<\/p>\n","protected":false},"excerpt":{"rendered":"<p>Tenuta San Leonardo \u2013 Italy<\/p>\n","protected":false},"featured_media":83289,"template":"","meta":{"_acf_changed":false,"rs_blank_template":"","rs_page_bg_color":"","slide_template_v7":""},"product_brand":[],"product_cat":[2788,2798],"product_tag":[],"class_list":{"0":"post-83266","1":"product","2":"type-product","3":"status-publish","4":"has-post-thumbnail","6":"product_cat-vin-sv","7":"product_cat-roedvin-sv","8":"pa_aargang-2019-sv","9":"pa_drue-cabernet-sauvignon-sv","10":"pa_drue-carmenere-sv","11":"pa_drue-merlot-sv","12":"pa_land-italien-sv","13":"pa_procent-13-sv","14":"pa_producent-tenuta-san-leonardo-sv","15":"pa_region-dolomiti-sv","16":"pa_serveringstemperatur-18-20-sv","17":"pa_volume-75-sv","19":"first","20":"instock","21":"taxable","22":"shipping-taxable","23":"purchasable","24":"product-type-simple"},"bundled_by":[],"bundle_stock_status":"instock","bundle_stock_quantity":null,"bundle_virtual":false,"bundle_layout":"","bundle_add_to_cart_form_location":"","bundle_editable_in_cart":false,"bundle_sold_individually_context":"","bundle_item_grouping":"","bundle_min_size":"","bundle_max_size":"","bundle_price":[],"bundled_items":[],"bundle_sell_ids":[],"acf":[],"_links":{"self":[{"href":"https:\/\/www.raschvin.com\/sv\/wp-json\/wp\/v2\/product\/83266","targetHints":{"allow":["GET"]}}],"collection":[{"href":"https:\/\/www.raschvin.com\/sv\/wp-json\/wp\/v2\/product"}],"about":[{"href":"https:\/\/www.raschvin.com\/sv\/wp-json\/wp\/v2\/types\/product"}],"wp:featuredmedia":[{"embeddable":true,"href":"https:\/\/www.raschvin.com\/sv\/wp-json\/wp\/v2\/media\/83289"}],"wp:attachment":[{"href":"https:\/\/www.raschvin.com\/sv\/wp-json\/wp\/v2\/media?parent=83266"}],"wp:term":[{"taxonomy":"product_brand","embeddable":true,"href":"https:\/\/www.raschvin.com\/sv\/wp-json\/wp\/v2\/product_brand?post=83266"},{"taxonomy":"product_cat","embeddable":true,"href":"https:\/\/www.raschvin.com\/sv\/wp-json\/wp\/v2\/product_cat?post=83266"},{"taxonomy":"product_tag","embeddable":true,"href":"https:\/\/www.raschvin.com\/sv\/wp-json\/wp\/v2\/product_tag?post=83266"}],"curies":[{"name":"wp","href":"https:\/\/api.w.org\/{rel}","templated":true}]}}