{"id":83259,"date":"2025-02-26T14:09:54","date_gmt":"2025-02-26T13:09:54","guid":{"rendered":"https:\/\/www.raschvin.com\/?post_type=product&#038;p=83259"},"modified":"2025-02-26T14:15:52","modified_gmt":"2025-02-26T13:15:52","slug":"purity-vodka-34-eco-ultra-premium-100-cl-40-kopier","status":"publish","type":"product","link":"https:\/\/www.raschvin.com\/sv\/produkt\/purity-vodka-34-eco-ultra-premium-100-cl-40-kopier\/","title":{"rendered":"Purity Vodka 34 (ECO) &#8211; Ultra Premium 70 cl. 40%"},"content":{"rendered":"<p>Renhet Vodka 34 \u00e4r den ursprungliga vodka fr\u00e5n renhet, som de har spenderat mer \u00e4n ett decennium om att hitta hur m\u00e5nga destillationer som beh\u00f6ver producera dessa extraordin\u00e4ra andar.<\/p>\n<p>Renheten 34 \u00e4r perfekt balanserad och har varit mer \u00e4n 150 internationella priser och \u00e4r erk\u00e4nd f\u00f6r sin karakt\u00e4r, mjukhet och f\u00f6rm\u00e5ga att njuta av ren eller som grundl\u00e4ggande andar i din favoritcocktail.<\/p>\n<p>Renhet Vodka \u00e4r en organisk, liten sats, pottdestillerad, ofiltrerad, Ultra Premium Swedish Vodka.<\/p>\n<p>Bra vodka \u00e4r rik, med en personlighet som inte l\u00e4mnar sig. Det \u00e4r kraftfullt och sp\u00e4nnande och sp\u00e4nnande. Naturligtvis \u00e4r det ocks\u00e5 rent i smaken, eftersom varje riktigt bra destillat \u00e4r. Renhetsvodka destilleras 34 g\u00e5nger, och endast 10% av den ursprungliga v\u00e4tskan avdunstar tillr\u00e4ckligt l\u00e5ngt, f\u00f6r att f\u00e5 flaska.<\/p>\n<p>En s\u00e5dan specialiserad destillation inneb\u00e4r att det inte finns n\u00e5got behov av n\u00e5gon filtrering av vodka. Det l\u00e4mnar all smak och all andan som masteren Thomas Kuuttanen har t\u00e4nkt sprit.<\/p>\n<p>Ingen annan ande i v\u00e4rlden tar s\u00e5 mycket anstr\u00e4ngning eller tid att producera som renhet. Destillationsprocessen har tagit mer \u00e4n ett decennium att full\u00e4nda, och det tar tid att g\u00f6ra kvalitet genom den l\u00e5ngsamma multidestillationsprocessen av m\u00e4sterdestillat\u00f6r Stefan Magnusson. Processen koncentrerar hj\u00e4rtat av destillatet 17, 34 eller 51 g\u00e5nger. Resultatet \u00e4r unika produkter, unika p\u00e5 alla s\u00e4tt beroende p\u00e5 m\u00e4ngden destillering. Anledningen till att Purity \u00e4r s\u00e5 fantastiskt \u00e4r att bara hj\u00e4rtat (Head, Heart, Tail) sparas och omdestilleras, vilket tar l\u00e5ng tid, men ocks\u00e5 komplicerar processen. Purity \u00e4r v\u00e4rldsber\u00f6mt f\u00f6r att g\u00f6ra v\u00e4rldens b\u00e4sta vodka och har vunnit mer \u00e4n 200 guldmedaljer f\u00f6r v\u00e4rldens b\u00e4sta vodka, destillerare och destillerade produkt. Purity g\u00f6r inte bara uts\u00f6kt ekologisk vodka, utan ocks\u00e5 en fenomenal Spritz och ekologisk nordisk-inspirerad gin. Al Purity g\u00f6rs p\u00e5 Ellinge slott strax utanf\u00f6r Malm\u00f6.<\/p>\n","protected":false},"excerpt":{"rendered":"<p>Swedish Handcrafted Organic Premium Vodka<\/p>\n","protected":false},"featured_media":7490,"template":"","meta":{"_acf_changed":false,"rs_blank_template":"","rs_page_bg_color":"","slide_template_v7":""},"product_brand":[],"product_cat":[4609,2402,2409],"product_tag":[],"class_list":{"0":"post-83259","1":"product","2":"type-product","3":"status-publish","4":"has-post-thumbnail","6":"product_cat-plain-sv","7":"product_cat-sprit-sv","8":"product_cat-vodka-sv","9":"pa_land-sverige-sv","10":"pa_oekologisk-organisk","11":"pa_procent-43-sv","12":"pa_producent-purity-sv","13":"pa_region-skaane-sv","14":"pa_volume-70-sv-2","16":"first","17":"instock","18":"sale","19":"taxable","20":"shipping-taxable","21":"purchasable","22":"product-type-simple"},"bundled_by":[],"bundle_stock_status":"instock","bundle_stock_quantity":null,"bundle_virtual":false,"bundle_layout":"","bundle_add_to_cart_form_location":"","bundle_editable_in_cart":false,"bundle_sold_individually_context":"","bundle_item_grouping":"","bundle_min_size":"","bundle_max_size":"","bundle_price":[],"bundled_items":[],"bundle_sell_ids":[],"acf":[],"_links":{"self":[{"href":"https:\/\/www.raschvin.com\/sv\/wp-json\/wp\/v2\/product\/83259","targetHints":{"allow":["GET"]}}],"collection":[{"href":"https:\/\/www.raschvin.com\/sv\/wp-json\/wp\/v2\/product"}],"about":[{"href":"https:\/\/www.raschvin.com\/sv\/wp-json\/wp\/v2\/types\/product"}],"wp:featuredmedia":[{"embeddable":true,"href":"https:\/\/www.raschvin.com\/sv\/wp-json\/wp\/v2\/media\/7490"}],"wp:attachment":[{"href":"https:\/\/www.raschvin.com\/sv\/wp-json\/wp\/v2\/media?parent=83259"}],"wp:term":[{"taxonomy":"product_brand","embeddable":true,"href":"https:\/\/www.raschvin.com\/sv\/wp-json\/wp\/v2\/product_brand?post=83259"},{"taxonomy":"product_cat","embeddable":true,"href":"https:\/\/www.raschvin.com\/sv\/wp-json\/wp\/v2\/product_cat?post=83259"},{"taxonomy":"product_tag","embeddable":true,"href":"https:\/\/www.raschvin.com\/sv\/wp-json\/wp\/v2\/product_tag?post=83259"}],"curies":[{"name":"wp","href":"https:\/\/api.w.org\/{rel}","templated":true}]}}