{"id":83254,"date":"2025-02-26T13:37:40","date_gmt":"2025-02-26T12:37:40","guid":{"rendered":"https:\/\/www.raschvin.com\/produkt\/kamiki-intense-wood-50-cl-48\/"},"modified":"2025-02-26T13:37:40","modified_gmt":"2025-02-26T12:37:40","slug":"kamiki-intense-wood-50-cl-48","status":"publish","type":"product","link":"https:\/\/www.raschvin.com\/sv\/produkt\/kamiki-intense-wood-50-cl-48\/","title":{"rendered":"Kamiki Intense Wood 50 cl. 48%"},"content":{"rendered":"<p>Kamiki Intense Wood \u00e4r en blended malt skapad enligt samma tradition som deras ursprungliga blend, men med en l\u00e4ngre lagring i japanska cederfat. Detta ger en djupare och mer intensiv tr\u00e4profil.<\/p>\n<p>Smaken bjuder p\u00e5 kraftiga toner av cedertr\u00e4, tillsammans med jordiga inslag av tobak och te. Malt och kanelkrydda sm\u00e4lter samman med en stark tr\u00e4karakt\u00e4r, medan pepprig ceder, brunt br\u00f6d och honung ger en l\u00e5ng och kryddig avslutning.<\/p>\n<p>Kamiki Intense Wood Whisky \u00e4r en h\u00f6gt ansedd japansk blended malt med en f\u00f6rl\u00e4ngd mognadsprocess i japanska cederfat (Yoshino Sugi), vilket ger en fylligare smakupplevelse f\u00f6r dem som uppskattar intensiva och dj\u00e4rva whiskys. Kamiki \u00e4r dessutom det f\u00f6rsta whiskyvarum\u00e4rket i v\u00e4rlden som lagrar sin sprit i dessa unika fat, vilket g\u00f6r det till ett s\u00e4rskilt intressant val f\u00f6r whiskyentusiaster.<\/p>\n","protected":false},"excerpt":{"rendered":"<p>Blended Malt Japanese Whisky<\/p>\n","protected":false},"featured_media":83310,"template":"","meta":{"_acf_changed":false,"rs_blank_template":"","rs_page_bg_color":"","slide_template_v7":""},"product_brand":[],"product_cat":[2392,9263,9266],"product_tag":[],"class_list":{"0":"post-83254","1":"product","2":"type-product","3":"status-publish","4":"has-post-thumbnail","6":"product_cat-whisky-sv","7":"product_cat-world-whisky","8":"product_cat-japanese-whisky","9":"pa_land-japan-sv","10":"pa_procent-48-sv","11":"pa_producent-kamiki-whisky-sv","12":"pa_volume-50-sv","14":"first","15":"instock","16":"taxable","17":"shipping-taxable","18":"purchasable","19":"product-type-simple"},"bundled_by":[],"bundle_stock_status":"instock","bundle_stock_quantity":null,"bundle_virtual":false,"bundle_layout":"","bundle_add_to_cart_form_location":"","bundle_editable_in_cart":false,"bundle_sold_individually_context":"","bundle_item_grouping":"","bundle_min_size":"","bundle_max_size":"","bundle_price":[],"bundled_items":[],"bundle_sell_ids":[],"acf":[],"_links":{"self":[{"href":"https:\/\/www.raschvin.com\/sv\/wp-json\/wp\/v2\/product\/83254","targetHints":{"allow":["GET"]}}],"collection":[{"href":"https:\/\/www.raschvin.com\/sv\/wp-json\/wp\/v2\/product"}],"about":[{"href":"https:\/\/www.raschvin.com\/sv\/wp-json\/wp\/v2\/types\/product"}],"wp:featuredmedia":[{"embeddable":true,"href":"https:\/\/www.raschvin.com\/sv\/wp-json\/wp\/v2\/media\/83310"}],"wp:attachment":[{"href":"https:\/\/www.raschvin.com\/sv\/wp-json\/wp\/v2\/media?parent=83254"}],"wp:term":[{"taxonomy":"product_brand","embeddable":true,"href":"https:\/\/www.raschvin.com\/sv\/wp-json\/wp\/v2\/product_brand?post=83254"},{"taxonomy":"product_cat","embeddable":true,"href":"https:\/\/www.raschvin.com\/sv\/wp-json\/wp\/v2\/product_cat?post=83254"},{"taxonomy":"product_tag","embeddable":true,"href":"https:\/\/www.raschvin.com\/sv\/wp-json\/wp\/v2\/product_tag?post=83254"}],"curies":[{"name":"wp","href":"https:\/\/api.w.org\/{rel}","templated":true}]}}