{"id":83244,"date":"2025-02-26T12:19:10","date_gmt":"2025-02-26T11:19:10","guid":{"rendered":"https:\/\/www.raschvin.com\/produkt\/thornaes-1-st-release-the-uncharted-series-dk-eco-50cl-509\/"},"modified":"2025-02-26T12:19:10","modified_gmt":"2025-02-26T11:19:10","slug":"thornaes-1-st-release-the-uncharted-series-dk-eco-50cl-509","status":"publish","type":"product","link":"https:\/\/www.raschvin.com\/sv\/produkt\/thornaes-1-st-release-the-uncharted-series-dk-eco-50cl-509\/","title":{"rendered":"Thorn\u00e6s \u2013 1 st. Release \u2013 The Uncharted Series (DK) (ECO) 50cl. 50,9%"},"content":{"rendered":"<p>Som namnet antyder \u00e4r 1st Release v\u00e5r allra f\u00f6rsta utg\u00e5va av Thorn\u00e6s Single Malt Whisky. Med andra ord \u00e4r det ett litet stycke Thorn\u00e6s-historia, noggrant utvalt fr\u00e5n v\u00e5rt lager av mognande whisky.<br \/>\n1st Release \u00e4r en Double Cask som tillbringade sina f\u00f6rsta 13 m\u00e5nader p\u00e5 ny dansk ek och d\u00e4refter upp till 25 m\u00e5nader p\u00e5 ett Bourbonfat av amerikansk vitek.<br \/>\nMognaden p\u00e5 dansk ek har skett i sm\u00e5 50-litersfat, vilket har skapat grunden i whiskyn och gett den b\u00e5de rikligt med toffee och varma kryddor, men ocks\u00e5 en fin komplexitet med toner av peppar och mild tobak. D\u00e4refter har det stora 250-liters hogshead Bourbonfatet tillf\u00f6rt ytterligare mjuka toner av vanilj och karamell samt en mer avrundad och harmonisk profil.<br \/>\nAlla flaskor \u00e4r numrerade. En h\u00e5rdpappsl\u00e5da med f\u00f6nster och magnetl\u00e5s medf\u00f6ljer.<\/p>\n<p>Malt: Dansk ekologisk kornmalt<br \/>\nAlk.\/vol.: 50,9 %<br \/>\nAntal: 314 flaskor<br \/>\nVol.: 50 cl<\/p>\n<p>1st Release \u00e4r en del av v\u00e5r Uncharted Series<br \/>\nDenna whisky \u00e4r en del av v\u00e5r Uncharted Series, som speglar v\u00e5ra allra f\u00f6rsta \u00f6verv\u00e4ganden kring valet av fat och destilleringsteknik. Varje utg\u00e5va f\u00f6ljer i sp\u00e5ren av dessa val och avsl\u00f6jar hur id\u00e9er formas och blir till unika produkter med sin egen karakt\u00e4r.<\/p>\n","protected":false},"excerpt":{"rendered":"<p>Danish Single Malt Whisky<\/p>\n","protected":false},"featured_media":83328,"template":"","meta":{"_acf_changed":false,"rs_blank_template":"","rs_page_bg_color":"","slide_template_v7":""},"product_brand":[],"product_cat":[2387,4651,2392],"product_tag":[],"class_list":{"0":"post-83244","1":"product","2":"type-product","3":"status-publish","4":"has-post-thumbnail","6":"product_cat-avec-sv","7":"product_cat-single-malt-sv","8":"product_cat-whisky-sv","9":"pa_champagne-type-single-cask-sv","10":"pa_land-danmark-sv","11":"pa_oekologisk-yes-sv","12":"pa_procent-50-9-sv","13":"pa_producent-thornaes-destilleri-sv","14":"pa_region-nordsjaelland-sv","15":"pa_volume-50-sv","17":"first","18":"instock","19":"taxable","20":"shipping-taxable","21":"purchasable","22":"product-type-simple"},"bundled_by":[],"bundle_stock_status":"instock","bundle_stock_quantity":null,"bundle_virtual":false,"bundle_layout":"","bundle_add_to_cart_form_location":"","bundle_editable_in_cart":false,"bundle_sold_individually_context":"","bundle_item_grouping":"","bundle_min_size":"","bundle_max_size":"","bundle_price":[],"bundled_items":[],"bundle_sell_ids":[],"acf":[],"_links":{"self":[{"href":"https:\/\/www.raschvin.com\/sv\/wp-json\/wp\/v2\/product\/83244","targetHints":{"allow":["GET"]}}],"collection":[{"href":"https:\/\/www.raschvin.com\/sv\/wp-json\/wp\/v2\/product"}],"about":[{"href":"https:\/\/www.raschvin.com\/sv\/wp-json\/wp\/v2\/types\/product"}],"wp:featuredmedia":[{"embeddable":true,"href":"https:\/\/www.raschvin.com\/sv\/wp-json\/wp\/v2\/media\/83328"}],"wp:attachment":[{"href":"https:\/\/www.raschvin.com\/sv\/wp-json\/wp\/v2\/media?parent=83244"}],"wp:term":[{"taxonomy":"product_brand","embeddable":true,"href":"https:\/\/www.raschvin.com\/sv\/wp-json\/wp\/v2\/product_brand?post=83244"},{"taxonomy":"product_cat","embeddable":true,"href":"https:\/\/www.raschvin.com\/sv\/wp-json\/wp\/v2\/product_cat?post=83244"},{"taxonomy":"product_tag","embeddable":true,"href":"https:\/\/www.raschvin.com\/sv\/wp-json\/wp\/v2\/product_tag?post=83244"}],"curies":[{"name":"wp","href":"https:\/\/api.w.org\/{rel}","templated":true}]}}