{"id":83242,"date":"2025-02-26T12:11:34","date_gmt":"2025-02-26T11:11:34","guid":{"rendered":"https:\/\/www.raschvin.com\/produkt\/thornaes-sonoma-peat-the-uncharted-series-dk-eco-50cl-47\/"},"modified":"2025-02-26T12:11:34","modified_gmt":"2025-02-26T11:11:34","slug":"thornaes-sonoma-peat-the-uncharted-series-dk-eco-50cl-47","status":"publish","type":"product","link":"https:\/\/www.raschvin.com\/sv\/produkt\/thornaes-sonoma-peat-the-uncharted-series-dk-eco-50cl-47\/","title":{"rendered":"Thorn\u00e6s \u2013 Sonoma Peat \u2013 The Uncharted Series (DK) (ECO) 50cl. 47%"},"content":{"rendered":"<p>Thorn\u00e6s Danish Whisky &#8211; Sonoma Peat \u00e4r en r\u00f6kig single malt whisky som har lagrats p\u00e5 Bourbon &#8221;quarter casks&#8221; fr\u00e5n Sonoma i Kalifornien, USA.<br \/>\nI Bourbon-v\u00e4rlden \u00e4r quarter casks fat p\u00e5 cirka 50-55 liter, och Sonoma Peat har lagrats i \u00f6ver fyra \u00e5r p\u00e5 dessa sm\u00e5 fat. Detta har skapat en r\u00f6kig whisky med klassiska toner av vanilj, karamell och tropisk frukt, men ocks\u00e5 en whisky med en intensiv smakprofil och m\u00f6rka, kryddiga inslag.<br \/>\nPrecis under smakpaletten stiger torvr\u00f6ken upp genom lagren och l\u00e4mnar en l\u00e4tt gl\u00f6dande dimma i eftersmaken.<br \/>\nAlla flaskor \u00e4r numrerade.<\/p>\n<p>Malt: Dansk och belgisk ekologisk kornmalt<br \/>\nAlk.\/vol.: 47 %<br \/>\nAntal: 490<br \/>\nVol.: 50 cl<\/p>\n<p>Sonoma Peat \u00e4r en del av v\u00e5r Uncharted Series<br \/>\nDenna whisky \u00e4r en del av v\u00e5r Uncharted Series, som speglar v\u00e5ra allra f\u00f6rsta \u00f6verv\u00e4ganden kring valet av fat och destilleringsteknik. Varje utg\u00e5va f\u00f6ljer i sp\u00e5ren av dessa val och avsl\u00f6jar hur id\u00e9er formas och blir till unika produkter med sin egen karakt\u00e4r.<\/p>\n","protected":false},"excerpt":{"rendered":"<p>Danish Single Malt Whisky<\/p>\n","protected":false},"featured_media":83319,"template":"","meta":{"_acf_changed":false,"rs_blank_template":"","rs_page_bg_color":"","slide_template_v7":""},"product_brand":[],"product_cat":[2387,4651,2392],"product_tag":[],"class_list":{"0":"post-83242","1":"product","2":"type-product","3":"status-publish","4":"has-post-thumbnail","6":"product_cat-avec-sv","7":"product_cat-single-malt-sv","8":"product_cat-whisky-sv","9":"pa_champagne-type-single-cask-sv","10":"pa_land-danmark-sv","11":"pa_oekologisk-yes-sv","12":"pa_procent-47-sv","13":"pa_producent-thornaes-destilleri-sv","14":"pa_region-nordsjaelland-sv","15":"pa_volume-50-sv","17":"first","18":"instock","19":"taxable","20":"shipping-taxable","21":"purchasable","22":"product-type-simple"},"bundled_by":[],"bundle_stock_status":"instock","bundle_stock_quantity":null,"bundle_virtual":false,"bundle_layout":"","bundle_add_to_cart_form_location":"","bundle_editable_in_cart":false,"bundle_sold_individually_context":"","bundle_item_grouping":"","bundle_min_size":"","bundle_max_size":"","bundle_price":[],"bundled_items":[],"bundle_sell_ids":[],"acf":[],"_links":{"self":[{"href":"https:\/\/www.raschvin.com\/sv\/wp-json\/wp\/v2\/product\/83242","targetHints":{"allow":["GET"]}}],"collection":[{"href":"https:\/\/www.raschvin.com\/sv\/wp-json\/wp\/v2\/product"}],"about":[{"href":"https:\/\/www.raschvin.com\/sv\/wp-json\/wp\/v2\/types\/product"}],"wp:featuredmedia":[{"embeddable":true,"href":"https:\/\/www.raschvin.com\/sv\/wp-json\/wp\/v2\/media\/83319"}],"wp:attachment":[{"href":"https:\/\/www.raschvin.com\/sv\/wp-json\/wp\/v2\/media?parent=83242"}],"wp:term":[{"taxonomy":"product_brand","embeddable":true,"href":"https:\/\/www.raschvin.com\/sv\/wp-json\/wp\/v2\/product_brand?post=83242"},{"taxonomy":"product_cat","embeddable":true,"href":"https:\/\/www.raschvin.com\/sv\/wp-json\/wp\/v2\/product_cat?post=83242"},{"taxonomy":"product_tag","embeddable":true,"href":"https:\/\/www.raschvin.com\/sv\/wp-json\/wp\/v2\/product_tag?post=83242"}],"curies":[{"name":"wp","href":"https:\/\/api.w.org\/{rel}","templated":true}]}}