{"id":82821,"date":"2025-02-18T12:17:35","date_gmt":"2025-02-18T11:17:35","guid":{"rendered":"https:\/\/www.raschvin.com\/produkt\/yamazaki-aged-18-years-100th-anniversary-70-cl-48\/"},"modified":"2025-02-18T13:25:53","modified_gmt":"2025-02-18T12:25:53","slug":"yamazaki-aged-18-years-100th-anniversary-70-cl-48","status":"publish","type":"product","link":"https:\/\/www.raschvin.com\/sv\/produkt\/yamazaki-aged-18-years-100th-anniversary-70-cl-48\/","title":{"rendered":"Yamazaki Mizunara Aged 18 Years 100th Anniversary 70 cl. 48%"},"content":{"rendered":"<p>Denna Yamazaki Mizunara Single Malt best\u00e5r av noggrant utvalda maltwhiskyer, som alla uteslutande har lagrats p\u00e5 Mizunara-fat i minst 18 \u00e5r.<\/p>\n<p>Whiskyn skapades f\u00f6r att hedra House of Suntorys 100-\u00e5rsjubileum. Vid den f\u00f6rsta provningen noterades att den unga spriten i Mizunara-fatet hade en dominerande smak och doft. Under lagringen, som skedde genom Japans fyra distinkta \u00e5rstider i Yamazakis unika landskap, fann d\u00e5tidens engagerade blandare en balans mellan mognad och harmonisk sammans\u00e4ttning, vilket mildrade Mizunara-fatets kraftfulla karakt\u00e4r.<\/p>\n<p>Idag lagras whiskyerna tills de utvecklar den karakteristiska japanska kryddigheten och den r\u00f6kelseartade aromen av sandeltr\u00e4 och agartr\u00e4.<\/p>\n<p>Smaknoter:<\/p>\n<p>F\u00e4rg: R\u00f6daktig b\u00e4rnsten<br \/>\nDoft: Rika och eleganta toppnoter av m\u00f6rka k\u00f6rsb\u00e4r och mogen persika, med inslag av kanel och muskot<br \/>\nSmak: Subtil kryddighet med undertoner av japansk r\u00f6kelse<br \/>\nEftersmak: L\u00e5ng och ih\u00e5llande med toner av kryddnejlika, sandeltr\u00e4 och en hint av torkad kokos<br \/>\nBegr\u00e4nsad utg\u00e5va<\/p>\n","protected":false},"excerpt":{"rendered":"<p>Single Malt Japanese Whisky<\/p>\n","protected":false},"featured_media":82845,"template":"","meta":{"_acf_changed":false,"rs_blank_template":"","rs_page_bg_color":"","slide_template_v7":""},"product_brand":[],"product_cat":[2387,4651,2392,8356],"product_tag":[],"class_list":{"0":"post-82821","1":"product","2":"type-product","3":"status-publish","4":"has-post-thumbnail","6":"product_cat-avec-sv","7":"product_cat-single-malt-sv","8":"product_cat-whisky-sv","9":"product_cat-yamazaki-sv","10":"pa_land-japan-sv","11":"pa_procent-48-sv","12":"pa_producent-yamazaki-sv","13":"pa_region-osaka-sv","14":"pa_volume-70-sv-2","16":"first","17":"instock","18":"taxable","19":"shipping-taxable","20":"purchasable","21":"product-type-simple"},"bundled_by":[],"bundle_stock_status":"instock","bundle_stock_quantity":null,"bundle_virtual":false,"bundle_layout":"","bundle_add_to_cart_form_location":"","bundle_editable_in_cart":false,"bundle_sold_individually_context":"","bundle_item_grouping":"","bundle_min_size":"","bundle_max_size":"","bundle_price":[],"bundled_items":[],"bundle_sell_ids":[],"acf":[],"_links":{"self":[{"href":"https:\/\/www.raschvin.com\/sv\/wp-json\/wp\/v2\/product\/82821","targetHints":{"allow":["GET"]}}],"collection":[{"href":"https:\/\/www.raschvin.com\/sv\/wp-json\/wp\/v2\/product"}],"about":[{"href":"https:\/\/www.raschvin.com\/sv\/wp-json\/wp\/v2\/types\/product"}],"wp:featuredmedia":[{"embeddable":true,"href":"https:\/\/www.raschvin.com\/sv\/wp-json\/wp\/v2\/media\/82845"}],"wp:attachment":[{"href":"https:\/\/www.raschvin.com\/sv\/wp-json\/wp\/v2\/media?parent=82821"}],"wp:term":[{"taxonomy":"product_brand","embeddable":true,"href":"https:\/\/www.raschvin.com\/sv\/wp-json\/wp\/v2\/product_brand?post=82821"},{"taxonomy":"product_cat","embeddable":true,"href":"https:\/\/www.raschvin.com\/sv\/wp-json\/wp\/v2\/product_cat?post=82821"},{"taxonomy":"product_tag","embeddable":true,"href":"https:\/\/www.raschvin.com\/sv\/wp-json\/wp\/v2\/product_tag?post=82821"}],"curies":[{"name":"wp","href":"https:\/\/api.w.org\/{rel}","templated":true}]}}