{"id":82616,"date":"2025-02-13T16:02:16","date_gmt":"2025-02-13T15:02:16","guid":{"rendered":"https:\/\/www.raschvin.com\/produkt\/la-diablada-pisco-70-cl-43\/"},"modified":"2025-02-13T16:02:16","modified_gmt":"2025-02-13T15:02:16","slug":"la-diablada-pisco-70-cl-43","status":"publish","type":"product","link":"https:\/\/www.raschvin.com\/sv\/produkt\/la-diablada-pisco-70-cl-43\/","title":{"rendered":"La Diablada Pisco 70 cl. 43%"},"content":{"rendered":"<p>La Diablada \u00e4r en pisco fr\u00e5n det peruanska varum\u00e4rket Macchu Pisco. Namnet syftar p\u00e5 en andinsk, spirituell ritual: en dans som symboliserar kampen mellan \u00e4nglar och demoner. Denna pisco \u00e4r ett steg upp i kvalitet j\u00e4mf\u00f6rt med den redan utm\u00e4rkta Macchu Pisco.<\/p>\n<p>La Diablada \u00e4r tillverkad i acholado-stil, vilket inneb\u00e4r en blandning av aromatiska och icke-aromatiska druvsorter: Quebranta, Moscatel, Italia och Torontel. Resultatet \u00e4r en elegant och smakrik pisco med fin balans mellan frukt, kryddor och friskhet.<\/p>\n<p>F\u00e4rg: Klar.<br \/>\nDoft: Sp\u00e4nnande toner av gr\u00f6na \u00e4pplen, druvor och f\u00e4rska \u00f6rter.<br \/>\nSmaknoter: Torr, blommig och l\u00e4tt \u00f6rtig. Inslag av melon och citrus.<\/p>\n<p>Serveringsf\u00f6rslag: Enast\u00e5ende i cocktails och naturligtvis det sj\u00e4lvklara valet f\u00f6r en pisco sour!<\/p>\n","protected":false},"excerpt":{"rendered":"<p>Product of Peru<\/p>\n","protected":false},"featured_media":82627,"template":"","meta":{"_acf_changed":false,"rs_blank_template":"","rs_page_bg_color":"","slide_template_v7":""},"product_brand":[],"product_cat":[2395,6314,9344],"product_tag":[],"class_list":{"0":"post-82616","1":"product","2":"type-product","3":"status-publish","4":"has-post-thumbnail","6":"product_cat-brandy-sv","7":"product_cat-pisco-sv","8":"product_cat-andra-brandytyper","9":"pa_land-peru-sv","10":"pa_procent-43-sv","11":"pa_producent-macchu-pisco-sv","12":"pa_volume-70-sv-2","14":"first","15":"instock","16":"taxable","17":"shipping-taxable","18":"purchasable","19":"product-type-simple"},"bundled_by":[],"bundle_stock_status":"instock","bundle_stock_quantity":null,"bundle_virtual":false,"bundle_layout":"","bundle_add_to_cart_form_location":"","bundle_editable_in_cart":false,"bundle_sold_individually_context":"","bundle_item_grouping":"","bundle_min_size":"","bundle_max_size":"","bundle_price":[],"bundled_items":[],"bundle_sell_ids":[],"acf":[],"_links":{"self":[{"href":"https:\/\/www.raschvin.com\/sv\/wp-json\/wp\/v2\/product\/82616","targetHints":{"allow":["GET"]}}],"collection":[{"href":"https:\/\/www.raschvin.com\/sv\/wp-json\/wp\/v2\/product"}],"about":[{"href":"https:\/\/www.raschvin.com\/sv\/wp-json\/wp\/v2\/types\/product"}],"wp:featuredmedia":[{"embeddable":true,"href":"https:\/\/www.raschvin.com\/sv\/wp-json\/wp\/v2\/media\/82627"}],"wp:attachment":[{"href":"https:\/\/www.raschvin.com\/sv\/wp-json\/wp\/v2\/media?parent=82616"}],"wp:term":[{"taxonomy":"product_brand","embeddable":true,"href":"https:\/\/www.raschvin.com\/sv\/wp-json\/wp\/v2\/product_brand?post=82616"},{"taxonomy":"product_cat","embeddable":true,"href":"https:\/\/www.raschvin.com\/sv\/wp-json\/wp\/v2\/product_cat?post=82616"},{"taxonomy":"product_tag","embeddable":true,"href":"https:\/\/www.raschvin.com\/sv\/wp-json\/wp\/v2\/product_tag?post=82616"}],"curies":[{"name":"wp","href":"https:\/\/api.w.org\/{rel}","templated":true}]}}