{"id":82614,"date":"2025-02-13T15:56:41","date_gmt":"2025-02-13T14:56:41","guid":{"rendered":"https:\/\/www.raschvin.com\/produkt\/heron-waqar-anejado-6-anos-pisco-50-cl-40\/"},"modified":"2025-02-13T15:56:41","modified_gmt":"2025-02-13T14:56:41","slug":"heron-waqar-anejado-6-anos-pisco-50-cl-40","status":"publish","type":"product","link":"https:\/\/www.raschvin.com\/sv\/produkt\/heron-waqar-anejado-6-anos-pisco-50-cl-40\/","title":{"rendered":"Heron Waqar A\u00f1ejado 6 A\u00f1os Pisco 50 cl. 40%"},"content":{"rendered":"<p>Den \u00e4r skapad av topproducenten Waqar och buteljerad f\u00f6r att fira La Maison du Whisky&#8217;s 60-\u00e5rsjubileum \u2013 vilket naturligtvis inneb\u00e4r att det har lagts ner extra omsorg p\u00e5 varje detalj.<\/p>\n<p>Pisco lagras vanligtvis inte, men i s\u00e4llsynta fall f\u00e5r den mogna som rom eller cognac. Denna pisco har f\u00e5tt hela 6 \u00e5r p\u00e5 ekfat, vilket ger en unik och komplex smakupplevelse.<\/p>\n<p>F\u00e4rg: Ljus b\u00e4rnstensf\u00e4rgad.<br \/>\nDoft: Massor av blommor, saftiga druvor och tropisk frukt, med ett extra lager av honung och milda kryddor fr\u00e5n fatlagringen.<br \/>\nSmaknoter: Intensiv och komplex smak. Whisky\u00e4lskare kanske rynkar p\u00e5 n\u00e4san \u00e5t de \u201dendast\u201d 40 %, men h\u00e4r saknar man verkligen inte djup, med toner av vanilj, mandel och persika.<\/p>\n<p>Serveringsf\u00f6rslag: Avnjuts b\u00e4st rent \u2013 den \u00e4r n\u00e4stan f\u00f6r bra f\u00f6r att anv\u00e4ndas i en pisco sour. Men bara n\u00e4stan.<\/p>\n","protected":false},"excerpt":{"rendered":"<p>Product of Chile <\/p>\n","protected":false},"featured_media":82633,"template":"","meta":{"_acf_changed":false,"rs_blank_template":"","rs_page_bg_color":"","slide_template_v7":""},"product_brand":[],"product_cat":[2395,6314,9344],"product_tag":[],"class_list":{"0":"post-82614","1":"product","2":"type-product","3":"status-publish","4":"has-post-thumbnail","6":"product_cat-brandy-sv","7":"product_cat-pisco-sv","8":"product_cat-andra-brandytyper","9":"pa_land-chile-sv","10":"pa_procent-40-sv-2","11":"pa_producent-waqar-sv","12":"pa_region-valle-del-limari-sv","13":"pa_volume-50-sv","15":"first","16":"instock","17":"taxable","18":"shipping-taxable","19":"purchasable","20":"product-type-simple"},"bundled_by":[],"bundle_stock_status":"instock","bundle_stock_quantity":null,"bundle_virtual":false,"bundle_layout":"","bundle_add_to_cart_form_location":"","bundle_editable_in_cart":false,"bundle_sold_individually_context":"","bundle_item_grouping":"","bundle_min_size":"","bundle_max_size":"","bundle_price":[],"bundled_items":[],"bundle_sell_ids":[],"acf":[],"_links":{"self":[{"href":"https:\/\/www.raschvin.com\/sv\/wp-json\/wp\/v2\/product\/82614","targetHints":{"allow":["GET"]}}],"collection":[{"href":"https:\/\/www.raschvin.com\/sv\/wp-json\/wp\/v2\/product"}],"about":[{"href":"https:\/\/www.raschvin.com\/sv\/wp-json\/wp\/v2\/types\/product"}],"wp:featuredmedia":[{"embeddable":true,"href":"https:\/\/www.raschvin.com\/sv\/wp-json\/wp\/v2\/media\/82633"}],"wp:attachment":[{"href":"https:\/\/www.raschvin.com\/sv\/wp-json\/wp\/v2\/media?parent=82614"}],"wp:term":[{"taxonomy":"product_brand","embeddable":true,"href":"https:\/\/www.raschvin.com\/sv\/wp-json\/wp\/v2\/product_brand?post=82614"},{"taxonomy":"product_cat","embeddable":true,"href":"https:\/\/www.raschvin.com\/sv\/wp-json\/wp\/v2\/product_cat?post=82614"},{"taxonomy":"product_tag","embeddable":true,"href":"https:\/\/www.raschvin.com\/sv\/wp-json\/wp\/v2\/product_tag?post=82614"}],"curies":[{"name":"wp","href":"https:\/\/api.w.org\/{rel}","templated":true}]}}