{"id":82606,"date":"2025-02-13T15:25:20","date_gmt":"2025-02-13T14:25:20","guid":{"rendered":"https:\/\/www.raschvin.com\/produkt\/macchu-pisco-70-cl-43\/"},"modified":"2025-02-13T15:25:20","modified_gmt":"2025-02-13T14:25:20","slug":"macchu-pisco-70-cl-43","status":"publish","type":"product","link":"https:\/\/www.raschvin.com\/sv\/produkt\/macchu-pisco-70-cl-43\/","title":{"rendered":"Macchu Pisco 70 cl. 43%"},"content":{"rendered":"<p>Macchu Pisco \u00e4r en av Perus finaste piscosorter. M\u00e4rket producerar flera olika buteljeringar, och detta \u00e4r deras flaggskepp: en hantverksm\u00e4ssig pisco p\u00e5 100 % quebranta-druvor, tappad vid s\u00e5 kallad destillationsstyrka, vilket inneb\u00e4r att inget vatten har tillsatts. Detta bevarar mer smak i spriten, vilket \u00e4r otroligt h\u00e4rligt n\u00e4r den smakar s\u00e5 h\u00e4r gott!<\/p>\n<p>F\u00e4rg: Klar.<br \/>\nDoft: En intensiv doft, som bara pisco kan ha, av blommor, saftiga druvor och mogen exotisk frukt.<br \/>\nSmaknoter: Torr, fruktig och blommig smak. Mjuka citrustoner, gr\u00f6nt gr\u00e4s och mandel.<\/p>\n<p>Serveringsf\u00f6rslag: Njut den i en pisco sour s\u00e5klart!<\/p>\n","protected":false},"excerpt":{"rendered":"<p>Product of Peru<\/p>\n","protected":false},"featured_media":82630,"template":"","meta":{"_acf_changed":false,"rs_blank_template":"","rs_page_bg_color":"","slide_template_v7":""},"product_brand":[],"product_cat":[2395,6314,9344],"product_tag":[],"class_list":{"0":"post-82606","1":"product","2":"type-product","3":"status-publish","4":"has-post-thumbnail","6":"product_cat-brandy-sv","7":"product_cat-pisco-sv","8":"product_cat-andra-brandytyper","9":"pa_land-peru-sv","10":"pa_procent-43-sv","11":"pa_producent-macchu-pisco-llc-sv","12":"pa_volume-70-sv-2","14":"first","15":"instock","16":"taxable","17":"shipping-taxable","18":"purchasable","19":"product-type-simple"},"bundled_by":[],"bundle_stock_status":"instock","bundle_stock_quantity":null,"bundle_virtual":false,"bundle_layout":"","bundle_add_to_cart_form_location":"","bundle_editable_in_cart":false,"bundle_sold_individually_context":"","bundle_item_grouping":"","bundle_min_size":"","bundle_max_size":"","bundle_price":[],"bundled_items":[],"bundle_sell_ids":[],"acf":[],"_links":{"self":[{"href":"https:\/\/www.raschvin.com\/sv\/wp-json\/wp\/v2\/product\/82606","targetHints":{"allow":["GET"]}}],"collection":[{"href":"https:\/\/www.raschvin.com\/sv\/wp-json\/wp\/v2\/product"}],"about":[{"href":"https:\/\/www.raschvin.com\/sv\/wp-json\/wp\/v2\/types\/product"}],"wp:featuredmedia":[{"embeddable":true,"href":"https:\/\/www.raschvin.com\/sv\/wp-json\/wp\/v2\/media\/82630"}],"wp:attachment":[{"href":"https:\/\/www.raschvin.com\/sv\/wp-json\/wp\/v2\/media?parent=82606"}],"wp:term":[{"taxonomy":"product_brand","embeddable":true,"href":"https:\/\/www.raschvin.com\/sv\/wp-json\/wp\/v2\/product_brand?post=82606"},{"taxonomy":"product_cat","embeddable":true,"href":"https:\/\/www.raschvin.com\/sv\/wp-json\/wp\/v2\/product_cat?post=82606"},{"taxonomy":"product_tag","embeddable":true,"href":"https:\/\/www.raschvin.com\/sv\/wp-json\/wp\/v2\/product_tag?post=82606"}],"curies":[{"name":"wp","href":"https:\/\/api.w.org\/{rel}","templated":true}]}}