{"id":82558,"date":"2025-02-13T09:04:44","date_gmt":"2025-02-13T08:04:44","guid":{"rendered":"https:\/\/www.raschvin.com\/produkt\/dr-yannis-magic-foamer-10-cl-18\/"},"modified":"2025-02-13T09:04:44","modified_gmt":"2025-02-13T08:04:44","slug":"dr-yannis-magic-foamer-10-cl-18","status":"publish","type":"product","link":"https:\/\/www.raschvin.com\/sv\/produkt\/dr-yannis-magic-foamer-10-cl-18\/","title":{"rendered":"Dr. Yannis Magic Foamer 10 cl. 18%"},"content":{"rendered":"<p>M\u00e5nga klassiska cocktails anv\u00e4nder \u00e4ggvita f\u00f6r att skapa ett snyggt, kr\u00e4migt skum, och hittills har det mest popul\u00e4ra veganska alternativet varit s\u00e5 kallad aquafaba: kik\u00e4rtsspad. Nackdelen \u00e4r dock att det inte \u00e4r helt neutralt i smaken, och dessutom m\u00e5ste man g\u00f6ra otroligt mycket hummus f\u00f6r att anv\u00e4nda de \u00f6verblivna kik\u00e4rtorna. Nu finns det en annan, mycket mer praktisk l\u00f6sning!<\/p>\n<p>Dr. Yanni\u2019s Magic Foamer kan ers\u00e4tta \u00e4ggvita i whisky sours, pisco sours och alla andra drinkar d\u00e4r du vill ha ett l\u00e4ckert skum. Den kommer i en praktisk flaska med pipett, \u00e4r helt vegansk och fungerar riktigt bra.<\/p>\n","protected":false},"excerpt":{"rendered":"<p>Plant-Based Cocktail Foam <\/p>\n","protected":false},"featured_media":82566,"template":"","meta":{"_acf_changed":false,"rs_blank_template":"","rs_page_bg_color":"","slide_template_v7":""},"product_brand":[],"product_cat":[2394,2743,2405],"product_tag":[],"class_list":{"0":"post-82558","1":"product","2":"type-product","3":"status-publish","4":"has-post-thumbnail","6":"product_cat-bitter-sv","7":"product_cat-brannvin-sv","8":"product_cat-mixers-sv","9":"pa_land-nederlaenderna","10":"pa_procent-18-sv","11":"pa_producent-dr-yannis-magic-foamer-sv","12":"pa_volume-10-sv","14":"first","15":"instock","16":"taxable","17":"shipping-taxable","18":"purchasable","19":"product-type-simple"},"bundled_by":[],"bundle_stock_status":"instock","bundle_stock_quantity":null,"bundle_virtual":false,"bundle_layout":"","bundle_add_to_cart_form_location":"","bundle_editable_in_cart":false,"bundle_sold_individually_context":"","bundle_item_grouping":"","bundle_min_size":"","bundle_max_size":"","bundle_price":[],"bundled_items":[],"bundle_sell_ids":[],"acf":[],"_links":{"self":[{"href":"https:\/\/www.raschvin.com\/sv\/wp-json\/wp\/v2\/product\/82558","targetHints":{"allow":["GET"]}}],"collection":[{"href":"https:\/\/www.raschvin.com\/sv\/wp-json\/wp\/v2\/product"}],"about":[{"href":"https:\/\/www.raschvin.com\/sv\/wp-json\/wp\/v2\/types\/product"}],"wp:featuredmedia":[{"embeddable":true,"href":"https:\/\/www.raschvin.com\/sv\/wp-json\/wp\/v2\/media\/82566"}],"wp:attachment":[{"href":"https:\/\/www.raschvin.com\/sv\/wp-json\/wp\/v2\/media?parent=82558"}],"wp:term":[{"taxonomy":"product_brand","embeddable":true,"href":"https:\/\/www.raschvin.com\/sv\/wp-json\/wp\/v2\/product_brand?post=82558"},{"taxonomy":"product_cat","embeddable":true,"href":"https:\/\/www.raschvin.com\/sv\/wp-json\/wp\/v2\/product_cat?post=82558"},{"taxonomy":"product_tag","embeddable":true,"href":"https:\/\/www.raschvin.com\/sv\/wp-json\/wp\/v2\/product_tag?post=82558"}],"curies":[{"name":"wp","href":"https:\/\/api.w.org\/{rel}","templated":true}]}}