{"id":82457,"date":"2025-02-12T15:22:42","date_gmt":"2025-02-12T14:22:42","guid":{"rendered":"https:\/\/www.raschvin.com\/produkt\/rocky-ridge-zinfandel-75-cl\/"},"modified":"2025-02-12T15:22:42","modified_gmt":"2025-02-12T14:22:42","slug":"rocky-ridge-zinfandel-75-cl","status":"publish","type":"product","link":"https:\/\/www.raschvin.com\/sv\/produkt\/rocky-ridge-zinfandel-75-cl\/","title":{"rendered":"Rocky Ridge Zinfandel 75 cl."},"content":{"rendered":"<p>M\u00f6rk, mogen och intensiv med saftiga fruktnoter och en hint av peppar \u2013 en klassisk Zinfandel. Superfylliga toner av m\u00f6rka b\u00e4r och s\u00f6ta plommon i b\u00e5de smak och doft.<\/p>\n<p>92 PO\u00c4NG<br \/>\nWineWherEver<br \/>\n&#8221;FYLLIG, VARM OCH INBJUDANDE&#8221;<br \/>\nEn kalifornisk Zinfandel precis som vi k\u00e4nner den b\u00e4st. Saftig med s\u00f6t frukt, toner av torkade frukter som fikon och dadlar, amaretto, k\u00f6rsb\u00e4r och en nypa julkryddor. Den h\u00e5lls samman av en precis lagom m\u00e4ngd syra, som skapar en viktig balans. Fyllig, varm och inbjudande.<\/p>\n<p>91 PO\u00c4NG<br \/>\nMad &#038; Monopolet<br \/>\n&#8221;DAGS ATT SP\u00c4NNA FAST S\u00c4KERHETSB\u00c4LTET&#8221;<br \/>\nDags att sp\u00e4nna fast s\u00e4kerhetsb\u00e4ltet \u2013 nu \u00e4r det Zinfandel fr\u00e5n Rocky Ridge i glaset, och den \u00e4r precis som du f\u00f6rv\u00e4ntar dig att en stor Zinfandel fr\u00e5n Kalifornien ska vara \u2013 massor av doft och smak! Den bjuder p\u00e5 en massiv fruktsymfoni \u00f6ver hela spektrat \u2013 svarta vinb\u00e4r, bj\u00f6rnb\u00e4r, boysenb\u00e4rsmarmelad, lakrits, nymalen peppar, m\u00f6rk choklad och varma kryddor. I munnen \u00e4r den fyllig med massor av kraftfull frukt, vilket ger en fin struktur och en explosiv avslutning. Para ihop den med grillad mat, s\u00e5 har du en perfekt kombination.<\/p>\n<p>Vinministeriet<br \/>\n&#8221;RUND OCH MJUK&#8221;<br \/>\nDoften bjuder p\u00e5 mogna r\u00f6da frukter, kokt frukt och en hint av ek. I smaken \u00e5terfinns samma mogna r\u00f6da frukter, plommonmarmelad och ek. Vinet \u00e4r v\u00e4ldigt s\u00f6tt men samtidigt runt och mjukt. Det \u00e4r en mycket klassisk Zinfandel, med en s\u00f6tma som ligger n\u00e5got \u00f6ver genomsnittet f\u00f6r denna vintyp. Det \u00e4r enkelt och okomplicerat och kommer utan tvekan att tilltala m\u00e5nga med sin direkta och l\u00e4ttillg\u00e4ngliga frukts\u00f6tma.<\/p>\n<p>Klassisk, genuint amerikansk Zinfandel, precis som vi \u00e4lskar den. Ett fylligt r\u00f6dvin som f\u00e5ngar essensen av Kaliforniens l\u00e5nga och stolta vintradition. Vinet \u00e4r k\u00e4nt f\u00f6r sin intensiva smakprofil och \u00e4r ett sj\u00e4lvklart val till r\u00e4tter med r\u00f6tt k\u00f6tt \u2013 t\u00e4nk saftiga biffar, grillat lamm eller en klassisk hamburgare med massor av smak. Dess fyllighet och djup g\u00f6r den ocks\u00e5 perfekt till en bred variation av kraftiga grytor, grillad mat, kryddiga korvar eller till och med en viltgryta. Vinets kryddiga komplexitet gifter sig v\u00e4l med r\u00e4tter som har djupa, intensiva smaker, medan dess fruktiga karakt\u00e4r tillf\u00f6r en friskhet som balanserar de tyngre inslagen. Kort sagt, denna Zinfandel \u00e4r en m\u00e5ngsidig f\u00f6ljeslagare till m\u00e5nga m\u00e5ltider, och dess \u00e4kta amerikanska karakt\u00e4r g\u00f6r den till en given succ\u00e9, vare sig den serveras till vardagsmiddagar eller en festlig middag.<\/p>\n","protected":false},"excerpt":{"rendered":"<p>California Red &#8211; USA<\/p>\n","protected":false},"featured_media":82477,"template":"","meta":{"_acf_changed":false,"rs_blank_template":"","rs_page_bg_color":"","slide_template_v7":""},"product_brand":[],"product_cat":[2788,2798],"product_tag":[],"class_list":{"0":"post-82457","1":"product","2":"type-product","3":"status-publish","4":"has-post-thumbnail","6":"product_cat-vin-sv","7":"product_cat-roedvin-sv","8":"pa_drue-zinfandel-sv","9":"pa_land-usa-sv","10":"pa_procent-13-5-sv","11":"pa_region-californien-sv","12":"pa_serveringstemperatur-18-20-sv","13":"pa_volume-75-sv","15":"first","16":"instock","17":"taxable","18":"shipping-taxable","19":"purchasable","20":"product-type-simple"},"bundled_by":[],"bundle_stock_status":"instock","bundle_stock_quantity":null,"bundle_virtual":false,"bundle_layout":"","bundle_add_to_cart_form_location":"","bundle_editable_in_cart":false,"bundle_sold_individually_context":"","bundle_item_grouping":"","bundle_min_size":"","bundle_max_size":"","bundle_price":[],"bundled_items":[],"bundle_sell_ids":[],"acf":[],"_links":{"self":[{"href":"https:\/\/www.raschvin.com\/sv\/wp-json\/wp\/v2\/product\/82457","targetHints":{"allow":["GET"]}}],"collection":[{"href":"https:\/\/www.raschvin.com\/sv\/wp-json\/wp\/v2\/product"}],"about":[{"href":"https:\/\/www.raschvin.com\/sv\/wp-json\/wp\/v2\/types\/product"}],"wp:featuredmedia":[{"embeddable":true,"href":"https:\/\/www.raschvin.com\/sv\/wp-json\/wp\/v2\/media\/82477"}],"wp:attachment":[{"href":"https:\/\/www.raschvin.com\/sv\/wp-json\/wp\/v2\/media?parent=82457"}],"wp:term":[{"taxonomy":"product_brand","embeddable":true,"href":"https:\/\/www.raschvin.com\/sv\/wp-json\/wp\/v2\/product_brand?post=82457"},{"taxonomy":"product_cat","embeddable":true,"href":"https:\/\/www.raschvin.com\/sv\/wp-json\/wp\/v2\/product_cat?post=82457"},{"taxonomy":"product_tag","embeddable":true,"href":"https:\/\/www.raschvin.com\/sv\/wp-json\/wp\/v2\/product_tag?post=82457"}],"curies":[{"name":"wp","href":"https:\/\/api.w.org\/{rel}","templated":true}]}}