{"id":82451,"date":"2025-02-12T15:04:41","date_gmt":"2025-02-12T14:04:41","guid":{"rendered":"https:\/\/www.raschvin.com\/produkt\/quinta-da-fonte-souto-rose-2022-75-cl\/"},"modified":"2025-02-12T15:04:41","modified_gmt":"2025-02-12T14:04:41","slug":"quinta-da-fonte-souto-rose-2022-75-cl","status":"publish","type":"product","link":"https:\/\/www.raschvin.com\/sv\/produkt\/quinta-da-fonte-souto-rose-2022-75-cl\/","title":{"rendered":"Quinta Da Fonte Souto Ros\u00e9 2022 75 cl."},"content":{"rendered":"<p>Frisk och Somrig Ros\u00e9 med Toner av Hibiskus, Apelsinblom och Liljor<br \/>\nEn diskret fyllig ros\u00e9 med friska inslag av aprikos, hallon, litchi, vitpeppar och granat\u00e4pple, balanserad av Aragon\u00eaz-druvans naturliga syra.<\/p>\n<p>P\u00e5 sluttningarna av naturparken Serra de S\u00e3o Mamede, n\u00e4ra staden Portalegre, ligger Fonte Soutos ving\u00e5rdar p\u00e5 en h\u00f6jd mellan 490 och 550 meter \u00f6ver havet. H\u00e4r gynnas de av svalare och fuktigare f\u00f6rh\u00e5llanden \u00e4n de som r\u00e5der p\u00e5 den varma Alentejo-sl\u00e4tten l\u00e4ngre ner. Jordm\u00e5nen, best\u00e5ende av skiffer och granit, skapar en idealisk balans mellan vattenh\u00e5llning och dr\u00e4nering. Vinerna uttrycker den friskhet och balans som h\u00f6jden ger \u2013 \u00e4ven i ett annars varmt klimat.<\/p>\n<p>94 PO\u00c4NG<br \/>\nMad &#038; Monopolet<br \/>\nEn ros\u00e9 i v\u00e4rldsklass!<br \/>\nPortugisiska viner g\u00f6r en stark entr\u00e9! Landet \u00e4r k\u00e4nt f\u00f6r sitt portvin, men producerar faktiskt l\u00e5ngt mer torrt vin. Denna ros\u00e9 \u00e4r gjord p\u00e5 Aragon\u00eaz, en druva besl\u00e4ktad med Tempranillo \u2013 en av mina absoluta favoriter. Doften bjuder p\u00e5 vita blommor, lime, gr\u00f6na jordgubbar, aprikos, persika och apelsinskal. I smaken \u00e4r den mjuk, fylld med elegant frukt, en l\u00e4tt s\u00f6tma och massor av syra. En ros\u00e9 i v\u00e4rldsklass!<\/p>\n<p>Quinta da Fonte Souto<br \/>\nQuinta da Fonte Souto \u00e4r Symington-familjens f\u00f6rsta egendom utanf\u00f6r Douro-regionen. Du kanske har h\u00f6rt talas om Symington tidigare \u2013 de \u00e4ger n\u00e4mligen ocks\u00e5 den fantastiska portvinsproducenten Graham\u2019s. P\u00e5 Quinta da Fonte Souto ligger dock fokus p\u00e5 klassiska viner. Ving\u00e5rden \u00e4r bel\u00e4gen i Portalegre, n\u00e4ra bergskedjan S\u00e3o Mamede, vilket ger vinrankorna ett svalare klimat \u00e4n vad som vanligtvis f\u00f6rv\u00e4ntas i regionens annars varma v\u00e4der. Egendomen omfattar 43 hektar vinmarker, d\u00e4r huvudsakligen Aragon\u00eas, Alfrocheiro, Trincadeira, Alicante Bouschet, Syrah och Cabernet Sauvignon odlas. H\u00e4r v\u00e4xer \u00e4ven en hel del kastanjetr\u00e4d, vilket inspirerat ving\u00e5rdens namn \u2013 \u2019souto\u2019 betyder ett skogsomr\u00e5de planterat just med kastanjetr\u00e4d.<\/p>\n","protected":false},"excerpt":{"rendered":"<p>Symington Family Estate \u2013 Alentejo Portugal<\/p>\n","protected":false},"featured_media":82480,"template":"","meta":{"_acf_changed":false,"rs_blank_template":"","rs_page_bg_color":"","slide_template_v7":""},"product_brand":[],"product_cat":[2788,2796,9212],"product_tag":[],"class_list":{"0":"post-82451","1":"product","2":"type-product","3":"status-publish","4":"has-post-thumbnail","6":"product_cat-vin-sv","7":"product_cat-rosevin-sv","8":"product_cat-andra-viner","9":"pa_aargang-2022-sv","10":"pa_drue-aragonez-sv","11":"pa_land-portugal-sv","12":"pa_procent-14-sv","13":"pa_producent-quinta-da-fonte-souto-sv","14":"pa_region-alentejo-sv","15":"pa_serveringstemperatur-10-12-sv-2","16":"pa_volume-75-sv","18":"first","19":"instock","20":"taxable","21":"shipping-taxable","22":"purchasable","23":"product-type-simple"},"bundled_by":[],"bundle_stock_status":"instock","bundle_stock_quantity":null,"bundle_virtual":false,"bundle_layout":"","bundle_add_to_cart_form_location":"","bundle_editable_in_cart":false,"bundle_sold_individually_context":"","bundle_item_grouping":"","bundle_min_size":"","bundle_max_size":"","bundle_price":[],"bundled_items":[],"bundle_sell_ids":[],"acf":[],"_links":{"self":[{"href":"https:\/\/www.raschvin.com\/sv\/wp-json\/wp\/v2\/product\/82451","targetHints":{"allow":["GET"]}}],"collection":[{"href":"https:\/\/www.raschvin.com\/sv\/wp-json\/wp\/v2\/product"}],"about":[{"href":"https:\/\/www.raschvin.com\/sv\/wp-json\/wp\/v2\/types\/product"}],"wp:featuredmedia":[{"embeddable":true,"href":"https:\/\/www.raschvin.com\/sv\/wp-json\/wp\/v2\/media\/82480"}],"wp:attachment":[{"href":"https:\/\/www.raschvin.com\/sv\/wp-json\/wp\/v2\/media?parent=82451"}],"wp:term":[{"taxonomy":"product_brand","embeddable":true,"href":"https:\/\/www.raschvin.com\/sv\/wp-json\/wp\/v2\/product_brand?post=82451"},{"taxonomy":"product_cat","embeddable":true,"href":"https:\/\/www.raschvin.com\/sv\/wp-json\/wp\/v2\/product_cat?post=82451"},{"taxonomy":"product_tag","embeddable":true,"href":"https:\/\/www.raschvin.com\/sv\/wp-json\/wp\/v2\/product_tag?post=82451"}],"curies":[{"name":"wp","href":"https:\/\/api.w.org\/{rel}","templated":true}]}}