{"id":82364,"date":"2025-02-12T08:47:21","date_gmt":"2025-02-12T07:47:21","guid":{"rendered":"https:\/\/www.raschvin.com\/produkt\/tomatin-decades-ii-70-cl-46\/"},"modified":"2025-02-12T08:47:21","modified_gmt":"2025-02-12T07:47:21","slug":"tomatin-decades-ii-70-cl-46","status":"publish","type":"product","link":"https:\/\/www.raschvin.com\/sv\/produkt\/tomatin-decades-ii-70-cl-46\/","title":{"rendered":"Tomatin Decades II 70 cl. 46%"},"content":{"rendered":"<p>Decades II \u00e4r verkligen ett unikt och uts\u00f6kt uttryck, en sammans\u00e4ttning av 21 fat noggrant utvalda fr\u00e5n de senaste fem decennierna.<\/p>\n<p>Den f\u00f6rsta Decades-utg\u00e5van kom 2011 f\u00f6r att hedra tidigare destillerichef Douglas Campbells arbete p\u00e5 destilleriet.<\/p>\n<p>Decades II \u00e4r en hyllning till alla p\u00e5 Tomatin, b\u00e5de tidigare och nuvarande. Den kombinerar den b\u00e4sta whiskyn fr\u00e5n Tomatins historia, d\u00e4r varje \u00e5rtionde bidrar med en ny smakupplevelse.<\/p>\n<p>Graham Eunson, Distillery Operations Director p\u00e5 Tomatin, sa: &#8221;Att balansera smakprofilerna fr\u00e5n bara n\u00e5gra f\u00e5 fat kan vara en riktig utmaning, s\u00e5 att blanda whisky fr\u00e5n fem decennier p\u00e5 ett s\u00e4tt d\u00e4r varje fat kompletterar n\u00e4sta \u00e4r ett bevis p\u00e5 ett fantastiskt team \u2013 b\u00e5de de som arbetar p\u00e5 Tomatin idag och de som har arbetat d\u00e4r tidigare. Vi har varit f\u00f6rvaltare av exceptionell skotsk whisky i generationer, och den omsorgen lyser verkligen igenom i Decades II.\u201d<\/p>\n<p>1970-talet \u2013 Bourbon hogshead<br \/>\n1980-talet \u2013 First-fill Oloroso sherry butt<br \/>\n1990-talet \u2013 First-fill bourbon<br \/>\n2000-talet \u2013 Verdejo vinfat<br \/>\n2010-talet \u2013 Second-fill franska ekfat<br \/>\nBlandningen av ex-bourbon, ex-sherry, vin och \u00e5terkolad fransk ek fr\u00e5n de senaste 50 \u00e5ren ger Decades II en enast\u00e5ende komplexitet.<\/p>\n<p>Doft<br \/>\nCitrusfrukter, antydan av s\u00f6ta bakverk och tr\u00e4sp\u00e5n. Kokta frukter balanseras med mjuka blommiga toner och kokosn\u00f6t. En k\u00e4nsla av mognad uppst\u00e5r, med torkad frukt, mandlar och exotiska kryddor som tillf\u00f6r djup.<\/p>\n<p>Smak<br \/>\nJulkaka, l\u00f6nnsirap och f\u00e4rska r\u00f6da b\u00e4r. Med tiden framtr\u00e4der tropiska frukter tillsammans med apelsinskal och ingef\u00e4ra.<\/p>\n<p>Eftersmak<br \/>\nL\u00e5ng och vaxartad med tropisk frukt, choklad och kryddor.<\/p>\n","protected":false},"excerpt":{"rendered":"<p>Highland Single Malt Scotch Whisky<\/p>\n","protected":false},"featured_media":82411,"template":"","meta":{"_acf_changed":false,"rs_blank_template":"","rs_page_bg_color":"","slide_template_v7":""},"product_brand":[],"product_cat":[2387,4651,2392],"product_tag":[],"class_list":{"0":"post-82364","1":"product","2":"type-product","3":"status-publish","4":"has-post-thumbnail","6":"product_cat-avec-sv","7":"product_cat-single-malt-sv","8":"product_cat-whisky-sv","9":"pa_land-skottland","10":"pa_procent-46-sv","11":"pa_producent-tomatin-sv","12":"pa_region-highland-sv","13":"pa_volume-70-sv-2","15":"first","16":"instock","17":"taxable","18":"shipping-taxable","19":"purchasable","20":"product-type-simple"},"bundled_by":[],"bundle_stock_status":"instock","bundle_stock_quantity":null,"bundle_virtual":false,"bundle_layout":"","bundle_add_to_cart_form_location":"","bundle_editable_in_cart":false,"bundle_sold_individually_context":"","bundle_item_grouping":"","bundle_min_size":"","bundle_max_size":"","bundle_price":[],"bundled_items":[],"bundle_sell_ids":[],"acf":[],"_links":{"self":[{"href":"https:\/\/www.raschvin.com\/sv\/wp-json\/wp\/v2\/product\/82364","targetHints":{"allow":["GET"]}}],"collection":[{"href":"https:\/\/www.raschvin.com\/sv\/wp-json\/wp\/v2\/product"}],"about":[{"href":"https:\/\/www.raschvin.com\/sv\/wp-json\/wp\/v2\/types\/product"}],"wp:featuredmedia":[{"embeddable":true,"href":"https:\/\/www.raschvin.com\/sv\/wp-json\/wp\/v2\/media\/82411"}],"wp:attachment":[{"href":"https:\/\/www.raschvin.com\/sv\/wp-json\/wp\/v2\/media?parent=82364"}],"wp:term":[{"taxonomy":"product_brand","embeddable":true,"href":"https:\/\/www.raschvin.com\/sv\/wp-json\/wp\/v2\/product_brand?post=82364"},{"taxonomy":"product_cat","embeddable":true,"href":"https:\/\/www.raschvin.com\/sv\/wp-json\/wp\/v2\/product_cat?post=82364"},{"taxonomy":"product_tag","embeddable":true,"href":"https:\/\/www.raschvin.com\/sv\/wp-json\/wp\/v2\/product_tag?post=82364"}],"curies":[{"name":"wp","href":"https:\/\/api.w.org\/{rel}","templated":true}]}}