{"id":82359,"date":"2025-02-12T08:33:44","date_gmt":"2025-02-12T07:33:44","guid":{"rendered":"https:\/\/www.raschvin.com\/produkt\/tomatin-legacy-70-cl-43\/"},"modified":"2025-02-12T08:33:44","modified_gmt":"2025-02-12T07:33:44","slug":"tomatin-legacy-70-cl-43","status":"publish","type":"product","link":"https:\/\/www.raschvin.com\/sv\/produkt\/tomatin-legacy-70-cl-43\/","title":{"rendered":"Tomatin Legacy 70 cl. 43%"},"content":{"rendered":"<p>Tomatin Legacy \u00e4r lagrad i traditionella ex-bourbonfat och, som en extra krydda, i virgin oak-fat. Detta ger Legacy den ber\u00f6mda s\u00f6tma som whiskyn \u00e4r k\u00e4nd f\u00f6r.<\/p>\n<p>Tomatin Distillery \u2013 Ett Highland-destilleri som p\u00e5 1970-talet var Skottlands st\u00f6rsta, med hela 23 pannor i drift. Deras motto var \u201dSt\u00f6rst!\u201d \u00c5r 1984 k\u00f6ptes ett k\u00e4mpande Tomatin upp av japanska investerare, som p\u00e5b\u00f6rjade en transformationsresa med m\u00e5let: fr\u00e5n \u201dSt\u00f6rst\u201d till \u201dB\u00e4st!\u201d<\/p>\n<p>Idag lanserar Tomatin m\u00e5nga olika whiskysorter och s\u00e4ljer p\u00e5 \u00f6ver 50 internationella marknader \u2013 missionen fr\u00e5n st\u00f6rst till b\u00e4st \u00e4r p\u00e5 god v\u00e4g att lyckas!<\/p>\n<p>Doft<br \/>\nVaniljst\u00e4nger, marshmallows, inslag av sockerkaka och f\u00e4rsk ananas, blandat med citrus, citron och karamell.<\/p>\n<p>Smak<br \/>\nL\u00e4tt och delikat med en godisliknande s\u00f6tma, fylld med antydningar av talltr\u00e4. Citronsorbet, ananas, krispiga gr\u00f6na \u00e4pplen och nybakad sockerkaka.<\/p>\n<p>Eftersmak<br \/>\nRen, l\u00e4tt och uppfriskande.<\/p>\n<p>Kommentar<br \/>\nDet finns en mjukare och s\u00f6tare sida av &#8221;The Highlands&#8221; \u2013 och det \u00e4r Tomatin!<\/p>\n","protected":false},"excerpt":{"rendered":"<p>Highland Single Malt Scotch Whisky<\/p>\n","protected":false},"featured_media":82399,"template":"","meta":{"_acf_changed":false,"rs_blank_template":"","rs_page_bg_color":"","slide_template_v7":""},"product_brand":[],"product_cat":[2387,4651,2392],"product_tag":[],"class_list":{"0":"post-82359","1":"product","2":"type-product","3":"status-publish","4":"has-post-thumbnail","6":"product_cat-avec-sv","7":"product_cat-single-malt-sv","8":"product_cat-whisky-sv","9":"pa_land-skottland","10":"pa_procent-43-sv","11":"pa_producent-tomatin-sv","12":"pa_region-highland-sv","13":"pa_volume-70-sv-2","15":"first","16":"instock","17":"taxable","18":"shipping-taxable","19":"purchasable","20":"product-type-simple"},"bundled_by":[],"bundle_stock_status":"instock","bundle_stock_quantity":null,"bundle_virtual":false,"bundle_layout":"","bundle_add_to_cart_form_location":"","bundle_editable_in_cart":false,"bundle_sold_individually_context":"","bundle_item_grouping":"","bundle_min_size":"","bundle_max_size":"","bundle_price":[],"bundled_items":[],"bundle_sell_ids":[],"acf":[],"_links":{"self":[{"href":"https:\/\/www.raschvin.com\/sv\/wp-json\/wp\/v2\/product\/82359","targetHints":{"allow":["GET"]}}],"collection":[{"href":"https:\/\/www.raschvin.com\/sv\/wp-json\/wp\/v2\/product"}],"about":[{"href":"https:\/\/www.raschvin.com\/sv\/wp-json\/wp\/v2\/types\/product"}],"wp:featuredmedia":[{"embeddable":true,"href":"https:\/\/www.raschvin.com\/sv\/wp-json\/wp\/v2\/media\/82399"}],"wp:attachment":[{"href":"https:\/\/www.raschvin.com\/sv\/wp-json\/wp\/v2\/media?parent=82359"}],"wp:term":[{"taxonomy":"product_brand","embeddable":true,"href":"https:\/\/www.raschvin.com\/sv\/wp-json\/wp\/v2\/product_brand?post=82359"},{"taxonomy":"product_cat","embeddable":true,"href":"https:\/\/www.raschvin.com\/sv\/wp-json\/wp\/v2\/product_cat?post=82359"},{"taxonomy":"product_tag","embeddable":true,"href":"https:\/\/www.raschvin.com\/sv\/wp-json\/wp\/v2\/product_tag?post=82359"}],"curies":[{"name":"wp","href":"https:\/\/api.w.org\/{rel}","templated":true}]}}