{"id":82355,"date":"2025-02-12T08:23:23","date_gmt":"2025-02-12T07:23:23","guid":{"rendered":"https:\/\/www.raschvin.com\/produkt\/tomatin-18-years-oloroso-sherry-casks-70-cl-46\/"},"modified":"2025-02-12T08:23:23","modified_gmt":"2025-02-12T07:23:23","slug":"tomatin-18-years-oloroso-sherry-casks-70-cl-46","status":"publish","type":"product","link":"https:\/\/www.raschvin.com\/sv\/produkt\/tomatin-18-years-oloroso-sherry-casks-70-cl-46\/","title":{"rendered":"Tomatin 18 Years Oloroso Sherry Casks 70 cl. 46%"},"content":{"rendered":"<p>Denna fantastiska 18-\u00e5riga utg\u00e5va lades till i sortimentet 2014. Lagrad i en kombination av ex-bourbon- och portvinsfat, en kombination som ger en doft av frukost i ett glas!<\/p>\n<p>Tomatin Distillery \u2013 Ett Highland-destilleri som p\u00e5 1970-talet var Skottlands st\u00f6rsta, med hela 23 pannor i drift. Deras motto var \u201dSt\u00f6rst!\u201d \u00c5r 1984 k\u00f6ptes ett k\u00e4mpande Tomatin upp av japanska investerare, som p\u00e5b\u00f6rjade en transformationsresa med m\u00e5let: fr\u00e5n \u201dSt\u00f6rst\u201d till \u201dB\u00e4st!\u201d<\/p>\n<p>Idag lanserar Tomatin m\u00e5nga olika whiskysorter och s\u00e4ljer p\u00e5 \u00f6ver 50 internationella marknader \u2013 missionen fr\u00e5n st\u00f6rst till b\u00e4st \u00e4r p\u00e5 god v\u00e4g att lyckas!<\/p>\n<p>Doft<br \/>\nFylld av jordgubbssylt, honungsglaserad skinka, honungsmelon och f\u00e4rskpressad apelsinjuice. Samtidigt hittar man inslag av tr\u00e4, gamla m\u00f6bler, br\u00e4nt gummi, romtoner, apelsinskal och tobak.<\/p>\n<p>Smak<br \/>\nS\u00f6t med sm\u00f6riga undertoner, sockervadd, r\u00f6da frukter, eukalyptus, mynta och kokosn\u00f6t, med en behaglig r\u00f6kig twist.<\/p>\n<p>Eftersmak<br \/>\nLite torr, fyllig, fet och komplex, med en v\u00e4rmande s\u00f6tma, mycket malt och m\u00f6rk choklad.<\/p>\n<p>Kommentar<br \/>\nDet finns en mjukare sida av &#8221;The Highlands&#8221; \u2013 och det \u00e4r Tomatin!<\/p>\n","protected":false},"excerpt":{"rendered":"<p>Highland Single Malt Scotch Whisky<\/p>\n","protected":false},"featured_media":82387,"template":"","meta":{"_acf_changed":false,"rs_blank_template":"","rs_page_bg_color":"","slide_template_v7":""},"product_brand":[],"product_cat":[2387,4651,2392],"product_tag":[],"class_list":{"0":"post-82355","1":"product","2":"type-product","3":"status-publish","4":"has-post-thumbnail","6":"product_cat-avec-sv","7":"product_cat-single-malt-sv","8":"product_cat-whisky-sv","9":"pa_land-skottland","10":"pa_procent-46-sv","11":"pa_producent-tomatin-sv","12":"pa_region-highland-sv","13":"pa_volume-70-sv-2","15":"first","16":"instock","17":"taxable","18":"shipping-taxable","19":"purchasable","20":"product-type-simple"},"bundled_by":[],"bundle_stock_status":"instock","bundle_stock_quantity":null,"bundle_virtual":false,"bundle_layout":"","bundle_add_to_cart_form_location":"","bundle_editable_in_cart":false,"bundle_sold_individually_context":"","bundle_item_grouping":"","bundle_min_size":"","bundle_max_size":"","bundle_price":[],"bundled_items":[],"bundle_sell_ids":[],"acf":[],"_links":{"self":[{"href":"https:\/\/www.raschvin.com\/sv\/wp-json\/wp\/v2\/product\/82355","targetHints":{"allow":["GET"]}}],"collection":[{"href":"https:\/\/www.raschvin.com\/sv\/wp-json\/wp\/v2\/product"}],"about":[{"href":"https:\/\/www.raschvin.com\/sv\/wp-json\/wp\/v2\/types\/product"}],"wp:featuredmedia":[{"embeddable":true,"href":"https:\/\/www.raschvin.com\/sv\/wp-json\/wp\/v2\/media\/82387"}],"wp:attachment":[{"href":"https:\/\/www.raschvin.com\/sv\/wp-json\/wp\/v2\/media?parent=82355"}],"wp:term":[{"taxonomy":"product_brand","embeddable":true,"href":"https:\/\/www.raschvin.com\/sv\/wp-json\/wp\/v2\/product_brand?post=82355"},{"taxonomy":"product_cat","embeddable":true,"href":"https:\/\/www.raschvin.com\/sv\/wp-json\/wp\/v2\/product_cat?post=82355"},{"taxonomy":"product_tag","embeddable":true,"href":"https:\/\/www.raschvin.com\/sv\/wp-json\/wp\/v2\/product_tag?post=82355"}],"curies":[{"name":"wp","href":"https:\/\/api.w.org\/{rel}","templated":true}]}}