{"id":82351,"date":"2025-02-12T08:17:06","date_gmt":"2025-02-12T07:17:06","guid":{"rendered":"https:\/\/www.raschvin.com\/produkt\/tomatin-15-years-2008-palo-cortado-sherry-butts-70-cl-46\/"},"modified":"2025-02-12T08:17:06","modified_gmt":"2025-02-12T07:17:06","slug":"tomatin-15-years-2008-palo-cortado-sherry-butts-70-cl-46","status":"publish","type":"product","link":"https:\/\/www.raschvin.com\/sv\/produkt\/tomatin-15-years-2008-palo-cortado-sherry-butts-70-cl-46\/","title":{"rendered":"Tomatin 15 Years 2008 Palo Cortado Sherry Butts 70 cl. 46%"},"content":{"rendered":"<p>Tomatin Sherry Collection 2024 Release<\/p>\n<p>Utg\u00e5va 2 av 3.<\/p>\n<p>Tomatin 2008 Palo Cortado<\/p>\n<p>En 15-\u00e5rig maltwhisky fr\u00e5n Tomatin. Lagrad i 12 \u00e5r p\u00e5 bourbonfat, f\u00f6ljt av 3 \u00e5rs slutlagring p\u00e5 Palo Cortado sherryfat.<br \/>\nButeljerad vid 46 %, ej kylfiltrerad och utan tillsatt f\u00e4rg.<\/p>\n<p>Doft<br \/>\nAromer av honungskaramell och torkade apelsiner. Kanderad frukt, gammalt tr\u00e4 och hasseln\u00f6tter.<\/p>\n<p>Smak<br \/>\nMj\u00f6lkchoklad, rostad frukt och n\u00f6tter\u2026 Sirapss\u00f6tma, l\u00e4tta tanniner och flamberade bj\u00f6rnb\u00e4r.<\/p>\n<p>Eftersmak<br \/>\nKomplex och l\u00e5ngvarig. Svart te, ingef\u00e4ra och karamell (labre larver)\u2026 Med tiden framtr\u00e4der r\u00f6da frukter och l\u00e4tt br\u00e4nd ek.<\/p>\n","protected":false},"excerpt":{"rendered":"<p>Highland Single Malt Scotch Whisky<\/p>\n","protected":false},"featured_media":82417,"template":"","meta":{"_acf_changed":false,"rs_blank_template":"","rs_page_bg_color":"","slide_template_v7":""},"product_brand":[],"product_cat":[2387,4651,2392],"product_tag":[],"class_list":{"0":"post-82351","1":"product","2":"type-product","3":"status-publish","4":"has-post-thumbnail","6":"product_cat-avec-sv","7":"product_cat-single-malt-sv","8":"product_cat-whisky-sv","9":"pa_land-skottland","10":"pa_procent-46-sv","11":"pa_producent-tomatin-sv","12":"pa_region-highland-sv","13":"pa_vintage-2008-sv","14":"pa_volume-70-sv-2","16":"first","17":"instock","18":"taxable","19":"shipping-taxable","20":"purchasable","21":"product-type-simple"},"bundled_by":[],"bundle_stock_status":"instock","bundle_stock_quantity":null,"bundle_virtual":false,"bundle_layout":"","bundle_add_to_cart_form_location":"","bundle_editable_in_cart":false,"bundle_sold_individually_context":"","bundle_item_grouping":"","bundle_min_size":"","bundle_max_size":"","bundle_price":[],"bundled_items":[],"bundle_sell_ids":[],"acf":[],"_links":{"self":[{"href":"https:\/\/www.raschvin.com\/sv\/wp-json\/wp\/v2\/product\/82351","targetHints":{"allow":["GET"]}}],"collection":[{"href":"https:\/\/www.raschvin.com\/sv\/wp-json\/wp\/v2\/product"}],"about":[{"href":"https:\/\/www.raschvin.com\/sv\/wp-json\/wp\/v2\/types\/product"}],"wp:featuredmedia":[{"embeddable":true,"href":"https:\/\/www.raschvin.com\/sv\/wp-json\/wp\/v2\/media\/82417"}],"wp:attachment":[{"href":"https:\/\/www.raschvin.com\/sv\/wp-json\/wp\/v2\/media?parent=82351"}],"wp:term":[{"taxonomy":"product_brand","embeddable":true,"href":"https:\/\/www.raschvin.com\/sv\/wp-json\/wp\/v2\/product_brand?post=82351"},{"taxonomy":"product_cat","embeddable":true,"href":"https:\/\/www.raschvin.com\/sv\/wp-json\/wp\/v2\/product_cat?post=82351"},{"taxonomy":"product_tag","embeddable":true,"href":"https:\/\/www.raschvin.com\/sv\/wp-json\/wp\/v2\/product_tag?post=82351"}],"curies":[{"name":"wp","href":"https:\/\/api.w.org\/{rel}","templated":true}]}}