{"id":82347,"date":"2025-02-12T08:07:48","date_gmt":"2025-02-12T07:07:48","guid":{"rendered":"https:\/\/www.raschvin.com\/produkt\/tomatin-12-years-bourbon-sherry-casks-70-cl-43\/"},"modified":"2025-02-12T08:07:48","modified_gmt":"2025-02-12T07:07:48","slug":"tomatin-12-years-bourbon-sherry-casks-70-cl-43","status":"publish","type":"product","link":"https:\/\/www.raschvin.com\/sv\/produkt\/tomatin-12-years-bourbon-sherry-casks-70-cl-43\/","title":{"rendered":"Tomatin 12 Years Bourbon &#038; Sherry Casks 70 cl. 43%"},"content":{"rendered":"<p>Tomatin 12-\u00e5rig Highland Single Malt Scotch Whisky \u00e4r en mjuk och uts\u00f6kt whisky fr\u00e5n Tomatin Distillery.<\/p>\n<p>Doft<br \/>\nMycket maltig \u2013 med sherrys\u00f6tma, russin och apelsiner.<\/p>\n<p>Smak<br \/>\nFruktig och s\u00f6t \u2013 med ljung, tallbarr, cedertr\u00e4, karamell, \u00e4pplen, p\u00e4ron och mango.<\/p>\n<p>Eftersmak<br \/>\nFyllig och sm\u00f6rig. En mjuk sherrysmak framtr\u00e4der l\u00e4ngst bak p\u00e5 tungan.<\/p>\n<p>Om Produkten<br \/>\nEn genuint klassisk och v\u00e4lbalanserad 12-\u00e5rig single malt. Denna whisky har dock f\u00e5tt en sherryfinish, vilket ger den en liten extra twist som skiljer den fr\u00e5n andra whiskys i samma \u00e5lderskategori.<\/p>\n<p>Tomatin 12-\u00e5rig Highland Single Malt Scotch Whisky \u00e4r lagrad p\u00e5 en kombination av bourbon- och sherryfat och buteljerad vid 43 % ABV.<\/p>\n<p>Smaknoter<br \/>\nSherrys\u00f6tma och maltiga toner fyller n\u00e4san, tillsammans med inslag av russin och apelsiner. Sherrys\u00f6tman finns ocks\u00e5 kvar i smaken, d\u00e4r frukter (s\u00e4rskilt \u00e4pplen, p\u00e4ron och mango) kompletterar upplevelsen. Dessutom kan man urskilja ljung, tallbarr, cedertr\u00e4 och karamell. Slutligen \u00f6verg\u00e5r whiskyn i en l\u00e5ng, fyllig och sm\u00f6rig k\u00e4nsla, som l\u00e4ngst bak p\u00e5 tungan uttrycker sig som en mjuk sherrysmak.<\/p>\n<p>Om Tomatin Distillery<br \/>\nTomatin Distillery s\u00e4gs ha r\u00f6tter \u00e4nda tillbaka till medeltiden, d\u00e5 man bryggde sprit i det omr\u00e5de d\u00e4r destilleriet ligger idag. Officiellt grundades destilleriet dock f\u00f6rst 1897 under namnet &#8221;Tomatin Spey Distillery Co Ltd.&#8221;<\/p>\n<p>\u00c4nda fram till slutet av 1970-talet arbetade f\u00f6retaget under mottot &#8221;St\u00f6rst!&#8221; och hade hela 23 pannor i produktion. Dock s\u00e5ldes st\u00f6rre delen av deras whisky till andra destillerier f\u00f6r anv\u00e4ndning i blends, vilket innebar att kvaliteten inte stod i fr\u00e4msta rummet.<\/p>\n<p>1980-talet var en tuff period f\u00f6r den skotska whiskyindustrin, och Tomatin var inget undantag. 1987 k\u00f6ptes det k\u00e4mpande f\u00f6retaget upp av japanska investerare, vilket innebar en f\u00f6r\u00e4ndring \u2013 mottot byttes fr\u00e5n &#8221;St\u00f6rst!&#8221; till &#8221;B\u00e4st!&#8221;<\/p>\n<p>Missionen verkar vara p\u00e5 r\u00e4tt v\u00e4g \u2013 idag producerar Tomatin ett brett utbud av kvalitetsprodukter, b\u00e5de i form av Single Malt och Blended Whisky, och exporterar till \u00f6ver 50 internationella marknader. Destilleriets whisky kan kort beskrivas som mjuk, uts\u00f6kt och l\u00e4tt att uppskatta!<\/p>\n<p>F\u00f6rutom utg\u00e5vorna under sitt eget varum\u00e4rke producerar Tomatin \u00e4ven f\u00f6ljande m\u00e4rken \u2013 C\u00f9 B\u00f2can, The Antiquary och The Talisman.<\/p>\n","protected":false},"excerpt":{"rendered":"<p>Highland Single Malt Scotch Whisky<\/p>\n","protected":false},"featured_media":82423,"template":"","meta":{"_acf_changed":false,"rs_blank_template":"","rs_page_bg_color":"","slide_template_v7":""},"product_brand":[],"product_cat":[2387,4651,2392],"product_tag":[],"class_list":{"0":"post-82347","1":"product","2":"type-product","3":"status-publish","4":"has-post-thumbnail","6":"product_cat-avec-sv","7":"product_cat-single-malt-sv","8":"product_cat-whisky-sv","9":"pa_land-skottland","10":"pa_procent-43-sv","11":"pa_producent-tomatin-sv","12":"pa_region-highland-sv","13":"pa_volume-70-sv-2","15":"first","16":"instock","17":"taxable","18":"shipping-taxable","19":"purchasable","20":"product-type-simple"},"bundled_by":[],"bundle_stock_status":"instock","bundle_stock_quantity":null,"bundle_virtual":false,"bundle_layout":"","bundle_add_to_cart_form_location":"","bundle_editable_in_cart":false,"bundle_sold_individually_context":"","bundle_item_grouping":"","bundle_min_size":"","bundle_max_size":"","bundle_price":[],"bundled_items":[],"bundle_sell_ids":[],"acf":[],"_links":{"self":[{"href":"https:\/\/www.raschvin.com\/sv\/wp-json\/wp\/v2\/product\/82347","targetHints":{"allow":["GET"]}}],"collection":[{"href":"https:\/\/www.raschvin.com\/sv\/wp-json\/wp\/v2\/product"}],"about":[{"href":"https:\/\/www.raschvin.com\/sv\/wp-json\/wp\/v2\/types\/product"}],"wp:featuredmedia":[{"embeddable":true,"href":"https:\/\/www.raschvin.com\/sv\/wp-json\/wp\/v2\/media\/82423"}],"wp:attachment":[{"href":"https:\/\/www.raschvin.com\/sv\/wp-json\/wp\/v2\/media?parent=82347"}],"wp:term":[{"taxonomy":"product_brand","embeddable":true,"href":"https:\/\/www.raschvin.com\/sv\/wp-json\/wp\/v2\/product_brand?post=82347"},{"taxonomy":"product_cat","embeddable":true,"href":"https:\/\/www.raschvin.com\/sv\/wp-json\/wp\/v2\/product_cat?post=82347"},{"taxonomy":"product_tag","embeddable":true,"href":"https:\/\/www.raschvin.com\/sv\/wp-json\/wp\/v2\/product_tag?post=82347"}],"curies":[{"name":"wp","href":"https:\/\/api.w.org\/{rel}","templated":true}]}}