{"id":82240,"date":"2025-02-10T15:35:07","date_gmt":"2025-02-10T14:35:07","guid":{"rendered":"https:\/\/www.raschvin.com\/produkt\/picon-biere-beer-aperitif-100-cl-18\/"},"modified":"2025-02-10T15:35:07","modified_gmt":"2025-02-10T14:35:07","slug":"picon-biere-beer-aperitif-100-cl-18","status":"publish","type":"product","link":"https:\/\/www.raschvin.com\/sv\/produkt\/picon-biere-beer-aperitif-100-cl-18\/","title":{"rendered":"Picon Bi\u00e8re Beer-Ap\u00e9ritif 100 cl. 18%"},"content":{"rendered":"<p>Picon Bi\u00e8re \u2013 Den Perfekta Bittern till Din \u00d6l<\/p>\n<p>Picon Bi\u00e8re \u00e4r en klassisk fransk bitterlik\u00f6r som \u00e4r skapad f\u00f6r att blandas med \u00f6l. Den har en distinkt smak med toner av apelsinskal, kinin och aromatiska \u00f6rter, vilket skapar en perfekt balans mellan s\u00f6tma och bitterhet.<\/p>\n<p>Ursprung och Produktion<br \/>\nPicon utvecklades ursprungligen 1837 av Ga\u00e9tan Picon i Frankrike och produceras fortfarande idag enligt det ursprungliga receptet. Den tillverkas genom att macerera apelsinskal och olika \u00f6rter i alkohol, varefter blandningen lagras f\u00f6r att utveckla sin komplexa smakprofil.<\/p>\n<p>S\u00e5 Avnjuter du Picon Bi\u00e8re<br \/>\nPicon Bi\u00e8re dricks traditionellt genom att blanda 2-3 cl Picon med en ljus, frisk \u00f6l, helst en fransk pilsner eller lager. Kombinationen ger en unik smakupplevelse d\u00e4r bitterhet och citrusnoter lyfter \u00f6lets fr\u00e4sch\u00f6r. Man kan \u00e4ven experimentera med m\u00f6rkare \u00f6lsorter f\u00f6r en mer intensiv smak.<\/p>\n<p>Perfekt f\u00f6r Alla Tillf\u00e4llen<br \/>\nPicon Bi\u00e8re \u00e4r s\u00e4rskilt popul\u00e4r i norra Frankrike och Belgien, d\u00e4r den ofta serveras som aperitif. Den \u00e4r perfekt f\u00f6r trevliga stunder med v\u00e4nner, som en f\u00f6ljeslagare till rustika m\u00e5ltider eller bara som en smakrik variation p\u00e5 en klassisk \u00f6l.<\/p>\n<p>\u00c4r du redo att uppleva den autentiska franska smaken? Prova Picon Bi\u00e8re n\u00e4sta g\u00e5ng du njuter av en kall \u00f6l! \ud83c\udf7b<\/p>\n","protected":false},"excerpt":{"rendered":"<p>French Orange Bitter Liqueur<\/p>\n","protected":false},"featured_media":82247,"template":"","meta":{"_acf_changed":false,"rs_blank_template":"","rs_page_bg_color":"","slide_template_v7":""},"product_brand":[],"product_cat":[2390,2394,2402,2774,4716,9388,9392,9395],"product_tag":[],"class_list":{"0":"post-82240","1":"product","2":"type-product","3":"status-publish","4":"has-post-thumbnail","6":"product_cat-sprit","7":"product_cat-bitter-sv","8":"product_cat-sprit-sv","9":"product_cat-vermouth-sv","10":"product_cat-andra-likorer","11":"product_cat-annan-sprit","12":"product_cat-likor-och-ol","13":"product_cat-likortyper","14":"pa_land-frankrike","15":"pa_procent-18-sv","16":"pa_producent-campari-group-sv","17":"pa_serveringstemperatur-10-12-sv-2","18":"pa_volume-100-sv","20":"first","21":"instock","22":"taxable","23":"shipping-taxable","24":"purchasable","25":"product-type-simple"},"bundled_by":[],"bundle_stock_status":"instock","bundle_stock_quantity":null,"bundle_virtual":false,"bundle_layout":"","bundle_add_to_cart_form_location":"","bundle_editable_in_cart":false,"bundle_sold_individually_context":"","bundle_item_grouping":"","bundle_min_size":"","bundle_max_size":"","bundle_price":[],"bundled_items":[],"bundle_sell_ids":[],"acf":[],"_links":{"self":[{"href":"https:\/\/www.raschvin.com\/sv\/wp-json\/wp\/v2\/product\/82240","targetHints":{"allow":["GET"]}}],"collection":[{"href":"https:\/\/www.raschvin.com\/sv\/wp-json\/wp\/v2\/product"}],"about":[{"href":"https:\/\/www.raschvin.com\/sv\/wp-json\/wp\/v2\/types\/product"}],"wp:featuredmedia":[{"embeddable":true,"href":"https:\/\/www.raschvin.com\/sv\/wp-json\/wp\/v2\/media\/82247"}],"wp:attachment":[{"href":"https:\/\/www.raschvin.com\/sv\/wp-json\/wp\/v2\/media?parent=82240"}],"wp:term":[{"taxonomy":"product_brand","embeddable":true,"href":"https:\/\/www.raschvin.com\/sv\/wp-json\/wp\/v2\/product_brand?post=82240"},{"taxonomy":"product_cat","embeddable":true,"href":"https:\/\/www.raschvin.com\/sv\/wp-json\/wp\/v2\/product_cat?post=82240"},{"taxonomy":"product_tag","embeddable":true,"href":"https:\/\/www.raschvin.com\/sv\/wp-json\/wp\/v2\/product_tag?post=82240"}],"curies":[{"name":"wp","href":"https:\/\/api.w.org\/{rel}","templated":true}]}}