{"id":81990,"date":"2025-02-18T11:20:43","date_gmt":"2025-02-18T10:20:43","guid":{"rendered":"https:\/\/www.raschvin.com\/produkt\/yamazaki-distillers-reserve-70-cl-43\/"},"modified":"2025-02-07T09:27:12","modified_gmt":"2025-02-07T08:27:12","slug":"yamazaki-distillers-reserve-70-cl-43","status":"publish","type":"product","link":"https:\/\/www.raschvin.com\/sv\/produkt\/yamazaki-distillers-reserve-70-cl-43\/","title":{"rendered":"Yamazaki Distillers Reserve 70 cl. 43%"},"content":{"rendered":"<p>Yamazaki Distiller&#8217;s Reserve \u00e4r en uts\u00f6kt single malt whisky fr\u00e5n Japans \u00e4ldsta destilleri, Yamazaki, som grundades 1923 av Shinjiro Torii. Denna whisky \u00e4r ett m\u00e4sterverk som harmoniskt kombinerar tradition och innovation.<\/p>\n<p>Mognad och Fad: Distiller&#8217;s Reserve \u00e4r noggrant sammansatt med whisky som mognat i tre olika typer av fat:<\/p>\n<p>Bordeaux-vinfat: Tillf\u00f6r rika r\u00f6da b\u00e4rtoner.<br \/>\nSherryfat: Bidrar med djup och s\u00f6tma.<br \/>\nMizunara (japanskt ek) fat: Ger subtila, aromatiska toner av sandeltr\u00e4 och vanilj.<br \/>\nSmaksnoter:<\/p>\n<p>Doft: En inbjudande arom av jordgubbar och k\u00f6rsb\u00e4r, med en aning av Mizunara-ekens signaturdoft.<br \/>\nSmak: En symfoni av hallon, vit persika och ett inslag av kokosn\u00f6t som elegant dansar p\u00e5 tungan.<br \/>\nAvslutning: En s\u00f6t vaniljavslutning med ett subtilt sp\u00e5r av kanel, som l\u00e4mnar en ren och tillfredsst\u00e4llande eftersmak.<br \/>\nMed en alkoholhalt p\u00e5 43% erbjuder Yamazaki Distiller&#8217;s Reserve en komplex och flerradig smakupplevelse som har hyllats av whiskyentusiaster v\u00e4rlden \u00f6ver. Denna whisky \u00e4r ett bevis p\u00e5 Yamazaki-destilleriets engagemang f\u00f6r hantverk och kvalitet.<\/p>\n<p>Oavsett om du \u00e4r en erfaren whisky\u00e4lskare eller nyb\u00f6rjare i den japanska whiskyv\u00e4rlden, kommer Yamazaki Distiller&#8217;s Reserve utan tvekan att imponera med sin raffinerade smakprofil och rika historia.<\/p>\n","protected":false},"excerpt":{"rendered":"<p>Single Malt Japanese Whisky<\/p>\n","protected":false},"featured_media":82114,"template":"","meta":{"_acf_changed":false,"rs_blank_template":"","rs_page_bg_color":"","slide_template_v7":""},"product_brand":[],"product_cat":[2392,9263,9266],"product_tag":[],"class_list":{"0":"post-81990","1":"product","2":"type-product","3":"status-publish","4":"has-post-thumbnail","6":"product_cat-whisky-sv","7":"product_cat-world-whisky","8":"product_cat-japanese-whisky","9":"pa_land-japan-sv","10":"pa_procent-43-sv","11":"pa_producent-yamazaki-sv","12":"pa_region-osaka-sv","13":"pa_volume-70-sv-2","15":"first","16":"instock","17":"sale","18":"taxable","19":"shipping-taxable","20":"purchasable","21":"product-type-simple"},"bundled_by":[],"bundle_stock_status":"instock","bundle_stock_quantity":null,"bundle_virtual":false,"bundle_layout":"","bundle_add_to_cart_form_location":"","bundle_editable_in_cart":false,"bundle_sold_individually_context":"","bundle_item_grouping":"","bundle_min_size":"","bundle_max_size":"","bundle_price":[],"bundled_items":[],"bundle_sell_ids":[],"acf":[],"_links":{"self":[{"href":"https:\/\/www.raschvin.com\/sv\/wp-json\/wp\/v2\/product\/81990","targetHints":{"allow":["GET"]}}],"collection":[{"href":"https:\/\/www.raschvin.com\/sv\/wp-json\/wp\/v2\/product"}],"about":[{"href":"https:\/\/www.raschvin.com\/sv\/wp-json\/wp\/v2\/types\/product"}],"wp:featuredmedia":[{"embeddable":true,"href":"https:\/\/www.raschvin.com\/sv\/wp-json\/wp\/v2\/media\/82114"}],"wp:attachment":[{"href":"https:\/\/www.raschvin.com\/sv\/wp-json\/wp\/v2\/media?parent=81990"}],"wp:term":[{"taxonomy":"product_brand","embeddable":true,"href":"https:\/\/www.raschvin.com\/sv\/wp-json\/wp\/v2\/product_brand?post=81990"},{"taxonomy":"product_cat","embeddable":true,"href":"https:\/\/www.raschvin.com\/sv\/wp-json\/wp\/v2\/product_cat?post=81990"},{"taxonomy":"product_tag","embeddable":true,"href":"https:\/\/www.raschvin.com\/sv\/wp-json\/wp\/v2\/product_tag?post=81990"}],"curies":[{"name":"wp","href":"https:\/\/api.w.org\/{rel}","templated":true}]}}