{"id":81987,"date":"2025-02-07T09:13:49","date_gmt":"2025-02-07T08:13:49","guid":{"rendered":"https:\/\/www.raschvin.com\/produkt\/pallini-peachcello-50-cl-26\/"},"modified":"2025-02-07T09:13:49","modified_gmt":"2025-02-07T08:13:49","slug":"pallini-peachcello-50-cl-26","status":"publish","type":"product","link":"https:\/\/www.raschvin.com\/sv\/produkt\/pallini-peachcello-50-cl-26\/","title":{"rendered":"Pallini Peachcello 50 cl. 26%"},"content":{"rendered":"<p>Pallini \u00e4r v\u00e4rldsk\u00e4nt f\u00f6r vad som kanske \u00e4r den b\u00e4sta limoncellon som finns. Och lyckligtvis faller persikan inte l\u00e5ngt fr\u00e5n tr\u00e4det.<\/p>\n<p>Deras Peachcello har \u00e4ntligen kommit till Sverige, och vi kan knappt h\u00e5lla tillbaka v\u00e5r entusiasm \u2013 f\u00f6r vi beh\u00f6ver h\u00e4nderna fria f\u00f6r att blanda en Bellini!<\/p>\n<p>Peachcello \u00e4r inspirerad av Virgilio Pallini Seniors k\u00e4rlek till persikor och den hemlagade lik\u00f6r som hans fru gjorde till honom. Den \u00e4r tillverkad av vita persikor fr\u00e5n Emilia-Romagna, plockade vid perfekt mognad.<\/p>\n<p>F\u00e4rg: Gyllene orange.<br \/>\nDoft: Intensiv doft av mogen, saftig persika.<br \/>\nSmaknoter: Mycket stenfrukt och en frisk touch av syrlig citrus som balanserar perfekt.<br \/>\nServeringsf\u00f6rslag: Njut den ren, g\u00e4rna kyld, eller i cocktails. Blanda den 1:3 med mousserande vin f\u00f6r en fantastisk Bellini!<\/p>\n","protected":false},"excerpt":{"rendered":"<p>Italian White Peach Liqueur<\/p>\n","protected":false},"featured_media":82030,"template":"","meta":{"_acf_changed":false,"rs_blank_template":"","rs_page_bg_color":"","slide_template_v7":""},"product_brand":[],"product_cat":[2387,4670,2390],"product_tag":[],"class_list":{"0":"post-81987","1":"product","2":"type-product","3":"status-publish","4":"has-post-thumbnail","6":"product_cat-avec-sv","7":"product_cat-frukt","8":"product_cat-sprit","9":"pa_land-italien-sv","10":"pa_procent-26-sv","11":"pa_producent-pallini-sv","12":"pa_serveringstemperatur-8-10-sv","13":"pa_volume-50-sv","15":"first","16":"instock","17":"sale","18":"taxable","19":"shipping-taxable","20":"purchasable","21":"product-type-simple"},"bundled_by":["117580"],"bundle_stock_status":"instock","bundle_stock_quantity":null,"bundle_virtual":false,"bundle_layout":"","bundle_add_to_cart_form_location":"","bundle_editable_in_cart":false,"bundle_sold_individually_context":"","bundle_item_grouping":"","bundle_min_size":"","bundle_max_size":"","bundle_price":[],"bundled_items":[],"bundle_sell_ids":[],"acf":[],"_links":{"self":[{"href":"https:\/\/www.raschvin.com\/sv\/wp-json\/wp\/v2\/product\/81987","targetHints":{"allow":["GET"]}}],"collection":[{"href":"https:\/\/www.raschvin.com\/sv\/wp-json\/wp\/v2\/product"}],"about":[{"href":"https:\/\/www.raschvin.com\/sv\/wp-json\/wp\/v2\/types\/product"}],"wp:featuredmedia":[{"embeddable":true,"href":"https:\/\/www.raschvin.com\/sv\/wp-json\/wp\/v2\/media\/82030"}],"wp:attachment":[{"href":"https:\/\/www.raschvin.com\/sv\/wp-json\/wp\/v2\/media?parent=81987"}],"wp:term":[{"taxonomy":"product_brand","embeddable":true,"href":"https:\/\/www.raschvin.com\/sv\/wp-json\/wp\/v2\/product_brand?post=81987"},{"taxonomy":"product_cat","embeddable":true,"href":"https:\/\/www.raschvin.com\/sv\/wp-json\/wp\/v2\/product_cat?post=81987"},{"taxonomy":"product_tag","embeddable":true,"href":"https:\/\/www.raschvin.com\/sv\/wp-json\/wp\/v2\/product_tag?post=81987"}],"curies":[{"name":"wp","href":"https:\/\/api.w.org\/{rel}","templated":true}]}}