{"id":81981,"date":"2025-02-07T08:55:26","date_gmt":"2025-02-07T07:55:26","guid":{"rendered":"https:\/\/www.raschvin.com\/produkt\/sacred-sloe-gin-eco-70-cl-288\/"},"modified":"2025-02-07T08:55:26","modified_gmt":"2025-02-07T07:55:26","slug":"sacred-sloe-gin-eco-70-cl-288","status":"publish","type":"product","link":"https:\/\/www.raschvin.com\/sv\/produkt\/sacred-sloe-gin-eco-70-cl-288\/","title":{"rendered":"Sacred Sloe Gin (ECO) 70 cl. 28,8%"},"content":{"rendered":"<p>Sacred Organic Sloe Gin 28,8% \u00e4r skapad med enast\u00e5ende precision och omsorg, till skillnad fr\u00e5n m\u00e5nga andra sl\u00e5enginer. Sl\u00e5nb\u00e4r beh\u00f6ver normalt frost f\u00f6r att utveckla sin fulla smak. D\u00e4rf\u00f6r sk\u00f6rdas de ibland tidigt och fryses, s\u00e5 att de kan l\u00e4ggas i gin och buteljeras i slutet av oktober eller b\u00f6rjan av november f\u00f6r att s\u00e4ljas inf\u00f6r jul.<\/p>\n<p>Som tur \u00e4r g\u00f6r Ian Hart inte p\u00e5 det s\u00e4ttet. Hans sl\u00e5nb\u00e4r sk\u00f6rdas f\u00f6rst n\u00e4r de \u00e4r helt mogna och har frusit naturligt p\u00e5 grenen, vilket inneb\u00e4r att de plockas sent p\u00e5 \u00e5ret. Ian macererar sedan b\u00e4ren i en superstark enb\u00e4rsgin\u2014en gin s\u00e5 intensiv att om den buteljerades ensam, skulle den vara den mest enb\u00e4rsdrivna ginen i v\u00e4rlden, med n\u00e4stan fyra g\u00e5nger s\u00e5 mycket enb\u00e4r som den mest intensiva traditionella ginen. Sl\u00e5nb\u00e4ren f\u00e5r sedan dra i denna kraftiga enb\u00e4rsgin i 30 m\u00e5nader (2,5 \u00e5r). Resultatet? En sl\u00e5engin som verkligen smakar b\u00e5de sl\u00e5nb\u00e4r och gin (enb\u00e4r).<\/p>\n<p>Absolut inget f\u00f6r den som \u00e4lskar s\u00f6ta drycker! Denna sl\u00e5engin \u00e4r utan tvekan en av de mest fantastiska vi har smakat p\u00e5 l\u00e4nge. Prova den med citronl\u00e4sk eller Fever-Tree Lemon Tonic, eller blanda den med ett torrt mousserande vin f\u00f6r att skapa en \u201cSloe Gin Fizz.\u201d Garnera med en citronskiva.<\/p>\n<p>Sacred Spirits ligger i Highgate, London, d\u00e4r Ian Hart destillerar vodka, gin, vermouth och bitter. Efter sin kemiutbildning arbetade Ian som m\u00e4klare p\u00e5 Wall Street, men ville anv\u00e4nda sin utbildning p\u00e5 ett mer praktiskt s\u00e4tt. Han hade i flera \u00e5r samlat p\u00e5 Bordeauxviner och ville f\u00f6rst bevara vinernas kvalitet. Med tiden &#8221;uppfann&#8221; han en gin, som han tog med till sin lokala pub. Den blev en stor succ\u00e9, och snart drogs hela hans lilla entrepren\u00f6rsfamilj, inklusive hans fru Hilary, in i verksamheten.<\/p>\n<p>Det som g\u00f6r Sacred unikt \u00e4r att den destilleras under vakuum vid l\u00e5ga temperaturer. Senare blev Ian kontaktad av barchefen p\u00e5 The Dukes Hotel i London, som hade smakat hans gin. Pl\u00f6tsligt sprang Ian runt i Londons tunnelbana med ginleveranser till hela staden. Till slut var han tvungen att g\u00e5 \u00f6ver till en professionell distribut\u00f6r \u2013 och resten \u00e4r historia.<\/p>\n<p>Den exceptionella kvaliteten hos Sacred Gin gjorde att produkten snabbt spreds\u2014f\u00f6rst i Storbritannien och sedan internationellt. 2013 vann Sacred Gin dubbelguld vid San Francisco World Spirits Competition.<\/p>\n<p>Vi \u00e4r mycket stolta \u00f6ver att f\u00e5 introducera Danmark till Sacred Spirits mycket begr\u00e4nsade produktion p\u00e5 under 30 000 flaskor \u00e5rligen\u2014en fenomenal ginproducent.<\/p>\n","protected":false},"excerpt":{"rendered":"<p>Sacred Spirits \u2013 Great Britain<\/p>\n","protected":false},"featured_media":82033,"template":"","meta":{"_acf_changed":false,"rs_blank_template":"","rs_page_bg_color":"","slide_template_v7":""},"product_brand":[],"product_cat":[2404,4691,2402],"product_tag":[],"class_list":{"0":"post-81981","1":"product","2":"type-product","3":"status-publish","4":"has-post-thumbnail","6":"product_cat-gin-sv","7":"product_cat-sloe-gin-sv","8":"product_cat-sprit-sv","9":"pa_land-england-sv","10":"pa_oekologisk-yes-sv","11":"pa_procent-28-8-sv","12":"pa_producent-sacred-sv","13":"pa_volume-70-sv-2","15":"first","16":"instock","17":"taxable","18":"shipping-taxable","19":"purchasable","20":"product-type-simple"},"bundled_by":[],"bundle_stock_status":"instock","bundle_stock_quantity":null,"bundle_virtual":false,"bundle_layout":"","bundle_add_to_cart_form_location":"","bundle_editable_in_cart":false,"bundle_sold_individually_context":"","bundle_item_grouping":"","bundle_min_size":"","bundle_max_size":"","bundle_price":[],"bundled_items":[],"bundle_sell_ids":[],"acf":[],"_links":{"self":[{"href":"https:\/\/www.raschvin.com\/sv\/wp-json\/wp\/v2\/product\/81981","targetHints":{"allow":["GET"]}}],"collection":[{"href":"https:\/\/www.raschvin.com\/sv\/wp-json\/wp\/v2\/product"}],"about":[{"href":"https:\/\/www.raschvin.com\/sv\/wp-json\/wp\/v2\/types\/product"}],"wp:featuredmedia":[{"embeddable":true,"href":"https:\/\/www.raschvin.com\/sv\/wp-json\/wp\/v2\/media\/82033"}],"wp:attachment":[{"href":"https:\/\/www.raschvin.com\/sv\/wp-json\/wp\/v2\/media?parent=81981"}],"wp:term":[{"taxonomy":"product_brand","embeddable":true,"href":"https:\/\/www.raschvin.com\/sv\/wp-json\/wp\/v2\/product_brand?post=81981"},{"taxonomy":"product_cat","embeddable":true,"href":"https:\/\/www.raschvin.com\/sv\/wp-json\/wp\/v2\/product_cat?post=81981"},{"taxonomy":"product_tag","embeddable":true,"href":"https:\/\/www.raschvin.com\/sv\/wp-json\/wp\/v2\/product_tag?post=81981"}],"curies":[{"name":"wp","href":"https:\/\/api.w.org\/{rel}","templated":true}]}}