{"id":81976,"date":"2025-02-07T08:39:53","date_gmt":"2025-02-07T07:39:53","guid":{"rendered":"https:\/\/www.raschvin.com\/produkt\/sacred-organic-gin-eco-70-cl-438\/"},"modified":"2025-02-07T08:39:53","modified_gmt":"2025-02-07T07:39:53","slug":"sacred-organic-gin-eco-70-cl-438","status":"publish","type":"product","link":"https:\/\/www.raschvin.com\/sv\/produkt\/sacred-organic-gin-eco-70-cl-438\/","title":{"rendered":"Sacred Organic Gin (ECO) 70 cl. 43,8%"},"content":{"rendered":"<p>Sacred Organic Gin \u00e4r Sacred Spirits certifierade ekologiska gin. Ginen \u00e4r gjord p\u00e5 en blandning av 12 olika \u00f6rter, d\u00e4r enb\u00e4r \u00e4r den dominerande smaken. Ian destillerar alla sina \u00f6rter var f\u00f6r sig och blandar sedan ginen hemma i sitt vardagsrum i Highgate, London.<\/p>\n<p>Sacred Organic Gin \u00e4r en London Dry Gin, vilket inneb\u00e4r att den har en tydlig enb\u00e4rssmak. Andelen enb\u00e4r \u00e4r h\u00f6gre \u00e4n i Sacred Gin (som inneh\u00e5ller 65 % enb\u00e4r), och den har \u00e4ven en h\u00f6gre halt av destillat fr\u00e5n rosa grapefrukt. Sacred Organic Gin \u00e4r helt fri fr\u00e5n konstgjorda smak\u00e4mnen och alla ingredienser \u00e4r ekologiska.<\/p>\n<p>Sacred Organic Gin \u00e4r fantastisk i en Dry Martini och passar perfekt i en Gin &#038; Tonic.<\/p>\n<p>Sacred Spirits ligger i Highgate, London, d\u00e4r Ian Hart destillerar vodka, gin, vermouth och bitter. Efter sin kemiutbildning arbetade Ian som m\u00e4klare p\u00e5 Wall Street, men ville hellre anv\u00e4nda sin utbildning p\u00e5 ett mer praktiskt s\u00e4tt. Han hade i flera \u00e5r samlat p\u00e5 Bordeauxviner och ville f\u00f6rst bevara vinernas kvalitet. Med tiden &#8221;uppfann&#8221; han en gin, som han tog med till sin lokala pub. Den blev en stor succ\u00e9, och snart drogs hela hans lilla entrepren\u00f6rsfamilj, inklusive hans fru Hilary, in i verksamheten.<\/p>\n<p>Det som g\u00f6r Sacred unikt \u00e4r att den destilleras under vakuum vid l\u00e5ga temperaturer. Senare blev Ian kontaktad av barchefen p\u00e5 The Dukes Hotel i London, som hade smakat hans gin. Pl\u00f6tsligt fann sig Ian springa runt i Londons tunnelbana med ginleveranser till hela staden. Till slut var han tvungen att g\u00e5 \u00f6ver till en professionell distribut\u00f6r \u2013 och resten \u00e4r historia.<\/p>\n<p>Den exceptionella kvaliteten hos Sacred Gin gjorde att produkten snabbt spreds \u2013 f\u00f6rst i Storbritannien och sedan internationellt. 2013 vann Sacred Gin dubbelguld vid San Francisco World Spirits Competition.<\/p>\n<p>Vi \u00e4r mycket stolta \u00f6ver att f\u00e5 introducera Danmark till Sacred Spirits mycket begr\u00e4nsade produktion p\u00e5 under 30 000 flaskor \u00e5rligen \u2013 en fenomenal producent av gin.<\/p>\n","protected":false},"excerpt":{"rendered":"<p>Sacred Spirits \u2013 Great Britain<\/p>\n","protected":false},"featured_media":82036,"template":"","meta":{"_acf_changed":false,"rs_blank_template":"","rs_page_bg_color":"","slide_template_v7":""},"product_brand":[],"product_cat":[2404,4688,9479],"product_tag":[],"class_list":{"0":"post-81976","1":"product","2":"type-product","3":"status-publish","4":"has-post-thumbnail","6":"product_cat-gin-sv","7":"product_cat-london-dry-sv","8":"product_cat-gintyper","9":"pa_land-england-sv","10":"pa_oekologisk-yes-sv","11":"pa_procent-43-8-sv","12":"pa_producent-sacred-sv","13":"pa_volume-70-sv-2","15":"first","16":"outofstock","17":"taxable","18":"shipping-taxable","19":"purchasable","20":"product-type-simple"},"bundled_by":[],"bundle_stock_status":"outofstock","bundle_stock_quantity":null,"bundle_virtual":false,"bundle_layout":"","bundle_add_to_cart_form_location":"","bundle_editable_in_cart":false,"bundle_sold_individually_context":"","bundle_item_grouping":"","bundle_min_size":"","bundle_max_size":"","bundle_price":[],"bundled_items":[],"bundle_sell_ids":[],"acf":[],"_links":{"self":[{"href":"https:\/\/www.raschvin.com\/sv\/wp-json\/wp\/v2\/product\/81976","targetHints":{"allow":["GET"]}}],"collection":[{"href":"https:\/\/www.raschvin.com\/sv\/wp-json\/wp\/v2\/product"}],"about":[{"href":"https:\/\/www.raschvin.com\/sv\/wp-json\/wp\/v2\/types\/product"}],"wp:featuredmedia":[{"embeddable":true,"href":"https:\/\/www.raschvin.com\/sv\/wp-json\/wp\/v2\/media\/82036"}],"wp:attachment":[{"href":"https:\/\/www.raschvin.com\/sv\/wp-json\/wp\/v2\/media?parent=81976"}],"wp:term":[{"taxonomy":"product_brand","embeddable":true,"href":"https:\/\/www.raschvin.com\/sv\/wp-json\/wp\/v2\/product_brand?post=81976"},{"taxonomy":"product_cat","embeddable":true,"href":"https:\/\/www.raschvin.com\/sv\/wp-json\/wp\/v2\/product_cat?post=81976"},{"taxonomy":"product_tag","embeddable":true,"href":"https:\/\/www.raschvin.com\/sv\/wp-json\/wp\/v2\/product_tag?post=81976"}],"curies":[{"name":"wp","href":"https:\/\/api.w.org\/{rel}","templated":true}]}}