{"id":81972,"date":"2025-02-07T08:35:09","date_gmt":"2025-02-07T07:35:09","guid":{"rendered":"https:\/\/www.raschvin.com\/produkt\/sacred-organic-vodka-eco-70-cl-40\/"},"modified":"2025-02-07T08:35:09","modified_gmt":"2025-02-07T07:35:09","slug":"sacred-organic-vodka-eco-70-cl-40","status":"publish","type":"product","link":"https:\/\/www.raschvin.com\/sv\/produkt\/sacred-organic-vodka-eco-70-cl-40\/","title":{"rendered":"Sacred Organic Vodka (ECO) 70 cl. 40%"},"content":{"rendered":"<p>Sacred Organic Vodka \u00e4r en ekologisk vodka, precis som namnet antyder. Den \u00e4r gjord p\u00e5 engelsk ekologisk vete och engelsk ekologisk r\u00e5g, vilket ger en v\u00e4lbalanserad och otroligt ren smak. Denna vodka har mycket f\u00e5 orenheter, vilket g\u00f6r att den rena smaken framtr\u00e4der tydligt. Dessutom \u00e4r den mycket l\u00e4tt och elegant, och tack vare sin renhet ger den inte lika sv\u00e5ra baksm\u00e4llor.<\/p>\n<p>Denna vodka passar utm\u00e4rkt i en \u2018Dry Martini\u2019\u2014med n\u00e5gra droppar torr vermouth i ett fruset glas, tillsammans med tv\u00e5 shots frusen Sacred Organic Vodka. Garnera med en citronskalstvist. Alternativt kan den avnjutas ren eller med is.<\/p>\n<p>Sacred Spirits ligger i Highgate, London, d\u00e4r Ian Hart destillerar vodka, gin, vermouth och bitters. Efter att ha utbildat sig till kemist arbetade Ian som m\u00e4klare p\u00e5 Wall Street, men han ville hellre anv\u00e4nda sin kunskap p\u00e5 ett mer konkret s\u00e4tt. Han hade i flera \u00e5r samlat p\u00e5 Bordeauxviner och b\u00f6rjade med att f\u00f6rs\u00f6ka bevara deras kvalitet. Med tiden \u201duppfann\u201d han en gin, som han tog med till sin lokala pub. Den blev en stor succ\u00e9, och hans fru Hilary blev snart en del av verksamheten.<\/p>\n<p>Det som g\u00f6r Sacred unikt \u00e4r att den destilleras under vakuum vid l\u00e5ga temperaturer. Senare blev Ian kontaktad av barchefen p\u00e5 The Dukes Hotel i London, som hade smakat hans gin. Pl\u00f6tsligt fann sig Ian med att \u00e5ka runt i Londons tunnelbana och leverera gin \u00f6ver hela staden. Han var till slut tvungen att byta till en professionell distribut\u00f6r, och resten \u00e4r historia.<\/p>\n<p>Tack vare sin exceptionella kvalitet spred sig Sacred Gin f\u00f6rst \u00f6ver Storbritannien och sedan utanf\u00f6r landets gr\u00e4nser. \u00c5r 2013 vann Sacred Gin dubbelt guld vid San Francisco World Spirits Competition. Vi \u00e4r mycket stolta \u00f6ver att kunna introducera Sacred Spirits till den svenska marknaden med en mycket begr\u00e4nsad produktion p\u00e5 under 30 000 flaskor per \u00e5r\u2014en helt fenomenal producent av gin.<\/p>\n","protected":false},"excerpt":{"rendered":"<p>Sacred Spirits \u2013 Great Britain<\/p>\n","protected":false},"featured_media":82125,"template":"","meta":{"_acf_changed":false,"rs_blank_template":"","rs_page_bg_color":"","slide_template_v7":""},"product_brand":[],"product_cat":[2402,2409,4609],"product_tag":[],"class_list":{"0":"post-81972","1":"product","2":"type-product","3":"status-publish","4":"has-post-thumbnail","6":"product_cat-sprit-sv","7":"product_cat-vodka-sv","8":"product_cat-plain-sv","9":"pa_land-england-sv","10":"pa_oekologisk-yes-sv","11":"pa_procent-40-sv-2","12":"pa_producent-sacred-sv","13":"pa_volume-70-sv-2","15":"first","16":"instock","17":"taxable","18":"shipping-taxable","19":"purchasable","20":"product-type-simple"},"bundled_by":[],"bundle_stock_status":"instock","bundle_stock_quantity":null,"bundle_virtual":false,"bundle_layout":"","bundle_add_to_cart_form_location":"","bundle_editable_in_cart":false,"bundle_sold_individually_context":"","bundle_item_grouping":"","bundle_min_size":"","bundle_max_size":"","bundle_price":[],"bundled_items":[],"bundle_sell_ids":[],"acf":[],"_links":{"self":[{"href":"https:\/\/www.raschvin.com\/sv\/wp-json\/wp\/v2\/product\/81972","targetHints":{"allow":["GET"]}}],"collection":[{"href":"https:\/\/www.raschvin.com\/sv\/wp-json\/wp\/v2\/product"}],"about":[{"href":"https:\/\/www.raschvin.com\/sv\/wp-json\/wp\/v2\/types\/product"}],"wp:featuredmedia":[{"embeddable":true,"href":"https:\/\/www.raschvin.com\/sv\/wp-json\/wp\/v2\/media\/82125"}],"wp:attachment":[{"href":"https:\/\/www.raschvin.com\/sv\/wp-json\/wp\/v2\/media?parent=81972"}],"wp:term":[{"taxonomy":"product_brand","embeddable":true,"href":"https:\/\/www.raschvin.com\/sv\/wp-json\/wp\/v2\/product_brand?post=81972"},{"taxonomy":"product_cat","embeddable":true,"href":"https:\/\/www.raschvin.com\/sv\/wp-json\/wp\/v2\/product_cat?post=81972"},{"taxonomy":"product_tag","embeddable":true,"href":"https:\/\/www.raschvin.com\/sv\/wp-json\/wp\/v2\/product_tag?post=81972"}],"curies":[{"name":"wp","href":"https:\/\/api.w.org\/{rel}","templated":true}]}}