{"id":81970,"date":"2025-02-07T08:30:04","date_gmt":"2025-02-07T07:30:04","guid":{"rendered":"https:\/\/www.raschvin.com\/produkt\/sacred-coriander-gin-70-cl-438\/"},"modified":"2025-02-07T08:30:04","modified_gmt":"2025-02-07T07:30:04","slug":"sacred-coriander-gin-70-cl-438","status":"publish","type":"product","link":"https:\/\/www.raschvin.com\/sv\/produkt\/sacred-coriander-gin-70-cl-438\/","title":{"rendered":"Sacred Coriander Gin 70 cl. 43,8%"},"content":{"rendered":"<p>Sacred Coriander Gin \u00e4r gjord p\u00e5 100 % ekologiska korianderfr\u00f6n, som destilleras under vakuum vid l\u00e5g temperatur. N\u00e4r destillatet \u00e4r klart blandas det till Coriander Gin. Till skillnad fr\u00e5n f\u00e4rsk koriander har korianderfr\u00f6n en smak som liknar enb\u00e4r, vilket g\u00f6r denna gin \u00f6verraskande ren i smaken.<\/p>\n<p>Denna gin best\u00e5r av cirka 90 % rent korianderfr\u00f6destillat, medan de \u00e5terst\u00e5ende 10 % utg\u00f6rs fr\u00e4mst av enb\u00e4r samt andra ingredienser fr\u00e5n Sacred Gin, s\u00e5som Boswellia Sacra, en sorts harts som anv\u00e4nds till r\u00f6kelse. Det latinska namnet Sacra \u00e4r vad som inspirerade namnet Sacred.<\/p>\n<p>Njut av den ren eller i en gin och tonic.<\/p>\n<p>Sacred Spirits ligger i Highgate, London, d\u00e4r Ian Hart destillerar vodka, gin, vermouth och bitters. Efter att ha utbildat sig till kemist arbetade Ian som m\u00e4klare p\u00e5 Wall Street, men han ville hellre anv\u00e4nda sin kunskap p\u00e5 ett mer konkret s\u00e4tt. Han hade i flera \u00e5r samlat p\u00e5 Bordeauxviner och b\u00f6rjade med att f\u00f6rs\u00f6ka bevara deras kvalitet. Med tiden \u201duppfann\u201d han en gin, som han tog med till sin lokala pub. Den blev en stor succ\u00e9, och hans fru Hilary blev snart en del av verksamheten.<\/p>\n<p>Det som g\u00f6r Sacred unikt \u00e4r att den destilleras under vakuum vid l\u00e5ga temperaturer. Senare blev Ian kontaktad av barchefen p\u00e5 The Dukes Hotel i London, som hade smakat hans gin. Pl\u00f6tsligt fann sig Ian med att \u00e5ka runt i Londons tunnelbana och leverera gin \u00f6ver hela staden. Han var till slut tvungen att byta till en professionell distribut\u00f6r, och resten \u00e4r historia.<\/p>\n<p>Tack vare sin exceptionella kvalitet spred sig Sacred Gin f\u00f6rst \u00f6ver Storbritannien och sedan utanf\u00f6r landets gr\u00e4nser. \u00c5r 2013 vann Sacred Gin dubbelt guld vid San Francisco World Spirits Competition. Vi \u00e4r mycket stolta \u00f6ver att kunna introducera Sacred Spirits till den svenska marknaden med en mycket begr\u00e4nsad produktion p\u00e5 under 30 000 flaskor per \u00e5r\u2014en helt fenomenal producent av gin.<\/p>\n","protected":false},"excerpt":{"rendered":"<p>Sacred Spirits \u2013 Great Britain<\/p>\n","protected":false},"featured_media":82039,"template":"","meta":{"_acf_changed":false,"rs_blank_template":"","rs_page_bg_color":"","slide_template_v7":""},"product_brand":[],"product_cat":[2404,4700,9290,9479],"product_tag":[],"class_list":{"0":"post-81970","1":"product","2":"type-product","3":"status-publish","4":"has-post-thumbnail","6":"product_cat-gin-sv","7":"product_cat-flavoured-gin-sv","8":"product_cat-distilled-gin","9":"product_cat-gintyper","10":"pa_land-england-sv","11":"pa_procent-43-8-sv","12":"pa_producent-sacred-sv","13":"pa_volume-70-sv-2","15":"first","16":"instock","17":"taxable","18":"shipping-taxable","19":"purchasable","20":"product-type-simple"},"bundled_by":[],"bundle_stock_status":"instock","bundle_stock_quantity":null,"bundle_virtual":false,"bundle_layout":"","bundle_add_to_cart_form_location":"","bundle_editable_in_cart":false,"bundle_sold_individually_context":"","bundle_item_grouping":"","bundle_min_size":"","bundle_max_size":"","bundle_price":[],"bundled_items":[],"bundle_sell_ids":[],"acf":[],"_links":{"self":[{"href":"https:\/\/www.raschvin.com\/sv\/wp-json\/wp\/v2\/product\/81970","targetHints":{"allow":["GET"]}}],"collection":[{"href":"https:\/\/www.raschvin.com\/sv\/wp-json\/wp\/v2\/product"}],"about":[{"href":"https:\/\/www.raschvin.com\/sv\/wp-json\/wp\/v2\/types\/product"}],"wp:featuredmedia":[{"embeddable":true,"href":"https:\/\/www.raschvin.com\/sv\/wp-json\/wp\/v2\/media\/82039"}],"wp:attachment":[{"href":"https:\/\/www.raschvin.com\/sv\/wp-json\/wp\/v2\/media?parent=81970"}],"wp:term":[{"taxonomy":"product_brand","embeddable":true,"href":"https:\/\/www.raschvin.com\/sv\/wp-json\/wp\/v2\/product_brand?post=81970"},{"taxonomy":"product_cat","embeddable":true,"href":"https:\/\/www.raschvin.com\/sv\/wp-json\/wp\/v2\/product_cat?post=81970"},{"taxonomy":"product_tag","embeddable":true,"href":"https:\/\/www.raschvin.com\/sv\/wp-json\/wp\/v2\/product_tag?post=81970"}],"curies":[{"name":"wp","href":"https:\/\/api.w.org\/{rel}","templated":true}]}}