{"id":81961,"date":"2025-02-07T08:17:28","date_gmt":"2025-02-07T07:17:28","guid":{"rendered":"https:\/\/www.raschvin.com\/produkt\/sacred-rosehip-cup-bitter-liqueur-75-cl-18\/"},"modified":"2025-02-07T08:17:28","modified_gmt":"2025-02-07T07:17:28","slug":"sacred-rosehip-cup-bitter-liqueur-75-cl-18","status":"publish","type":"product","link":"https:\/\/www.raschvin.com\/sv\/produkt\/sacred-rosehip-cup-bitter-liqueur-75-cl-18\/","title":{"rendered":"Sacred Rosehip Cup Bitter Liqueur 75 cl. 18%"},"content":{"rendered":"<p>Sacred Rosehip Cup Vermouth \u00e4r en bitter eller aperitivo i stil med Campari. Den har en fylligare kropp och \u00e4r mycket fruktigare \u00e4n Campari, men beh\u00e5ller \u00e4nd\u00e5 en vacker balans med bitterheten. Den \u00e4r gjord p\u00e5 32 olika \u00f6rter, d\u00e4r merparten \u00e4r certifierat ekologiska. F\u00e4rgen \u00e4r naturlig, och de prim\u00e4ra smakerna kommer fr\u00e5n nypon och rabarber.<\/p>\n<p>Sacred Rosehip Cup \u00e4r perfekt f\u00f6r cocktails\u2014prova den med champagne eller blanda den med gin och vermouth f\u00f6r en Negroni.<\/p>\n<p>Sacred Spirits ligger i Highgate, London. H\u00e4r destillerar Ian Hart vodka, gin, vermouth och bitters. Efter att ha utbildat sig till kemist arbetade Ian som m\u00e4klare p\u00e5 Wall Street, men han ville hellre anv\u00e4nda sin kunskap p\u00e5 ett mer konkret s\u00e4tt. Han hade i flera \u00e5r samlat p\u00e5 Bordeauxviner och b\u00f6rjade med att f\u00f6rs\u00f6ka bevara deras kvalitet. Med tiden \u201duppfann\u201d han en gin, som han tog med till sin lokala pub. Den blev en stor succ\u00e9, och hans fru Hilary blev snart en del av verksamheten.<\/p>\n<p>Det som g\u00f6r Sacred unikt \u00e4r att den destilleras under vakuum vid l\u00e5ga temperaturer. Senare blev Ian kontaktad av barchefen p\u00e5 The Dukes Hotel i London, som hade smakat hans gin. Pl\u00f6tsligt fann sig Ian med att \u00e5ka runt i Londons tunnelbana och leverera gin \u00f6ver hela staden. Han var till slut tvungen att byta till en professionell distribut\u00f6r, och resten \u00e4r historia.<\/p>\n<p>Tack vare sin exceptionella kvalitet spred sig Sacred Gin f\u00f6rst \u00f6ver Storbritannien och sedan utanf\u00f6r landets gr\u00e4nser. \u00c5r 2013 vann Sacred Gin dubbelt guld vid San Francisco World Spirits Competition. Vi \u00e4r mycket stolta \u00f6ver att kunna introducera Sacred Spirits till den svenska marknaden med en mycket begr\u00e4nsad produktion p\u00e5 under 30 000 flaskor per \u00e5r\u2014en helt fenomenal producent av gin.<\/p>\n","protected":false},"excerpt":{"rendered":"<p>Sacred Spirits \u2013 Great Britain<\/p>\n","protected":false},"featured_media":82042,"template":"","meta":{"_acf_changed":false,"rs_blank_template":"","rs_page_bg_color":"","slide_template_v7":""},"product_brand":[],"product_cat":[2394,2402,4708,4714,4716,9388,9392,9395,9398],"product_tag":[],"class_list":{"0":"post-81961","1":"product","2":"type-product","3":"status-publish","4":"has-post-thumbnail","6":"product_cat-bitter-sv","7":"product_cat-sprit-sv","8":"product_cat-ginlikor","9":"product_cat-ort","10":"product_cat-andra-likorer","11":"product_cat-annan-sprit","12":"product_cat-likor-och-ol","13":"product_cat-likortyper","14":"product_cat-likor-efter-bas","15":"pa_land-england-sv","16":"pa_procent-18-sv","17":"pa_producent-sacred-sv","18":"pa_volume-75-sv","20":"first","21":"instock","22":"taxable","23":"shipping-taxable","24":"purchasable","25":"product-type-simple"},"bundled_by":[],"bundle_stock_status":"instock","bundle_stock_quantity":null,"bundle_virtual":false,"bundle_layout":"","bundle_add_to_cart_form_location":"","bundle_editable_in_cart":false,"bundle_sold_individually_context":"","bundle_item_grouping":"","bundle_min_size":"","bundle_max_size":"","bundle_price":[],"bundled_items":[],"bundle_sell_ids":[],"acf":[],"_links":{"self":[{"href":"https:\/\/www.raschvin.com\/sv\/wp-json\/wp\/v2\/product\/81961","targetHints":{"allow":["GET"]}}],"collection":[{"href":"https:\/\/www.raschvin.com\/sv\/wp-json\/wp\/v2\/product"}],"about":[{"href":"https:\/\/www.raschvin.com\/sv\/wp-json\/wp\/v2\/types\/product"}],"wp:featuredmedia":[{"embeddable":true,"href":"https:\/\/www.raschvin.com\/sv\/wp-json\/wp\/v2\/media\/82042"}],"wp:attachment":[{"href":"https:\/\/www.raschvin.com\/sv\/wp-json\/wp\/v2\/media?parent=81961"}],"wp:term":[{"taxonomy":"product_brand","embeddable":true,"href":"https:\/\/www.raschvin.com\/sv\/wp-json\/wp\/v2\/product_brand?post=81961"},{"taxonomy":"product_cat","embeddable":true,"href":"https:\/\/www.raschvin.com\/sv\/wp-json\/wp\/v2\/product_cat?post=81961"},{"taxonomy":"product_tag","embeddable":true,"href":"https:\/\/www.raschvin.com\/sv\/wp-json\/wp\/v2\/product_tag?post=81961"}],"curies":[{"name":"wp","href":"https:\/\/api.w.org\/{rel}","templated":true}]}}