{"id":81857,"date":"2025-02-06T15:26:51","date_gmt":"2025-02-06T14:26:51","guid":{"rendered":"https:\/\/www.raschvin.com\/produkt\/buffalo-barrel-zinfandel-whisky-barrels-75-cl\/"},"modified":"2025-02-06T15:26:51","modified_gmt":"2025-02-06T14:26:51","slug":"buffalo-barrel-zinfandel-whisky-barrels-75-cl","status":"publish","type":"product","link":"https:\/\/www.raschvin.com\/sv\/produkt\/buffalo-barrel-zinfandel-whisky-barrels-75-cl\/","title":{"rendered":"Buffalo Barrel Zinfandel Whisky Barrels 75 cl."},"content":{"rendered":"<p>Buffalo Barrel Zinfandel \u00e4r en fyllig och anv\u00e4ndarv\u00e4nlig kalifornisk Zinfandel med saft och kraft men utan skarpa kanter.<\/p>\n<p>Den ovanliga lagringen p\u00e5 anv\u00e4nda amerikanska whiskeyfat i tre m\u00e5nader ger vinet en antydan till den r\u00f6kiga karakt\u00e4r som \u00e4r en integrerad del av whiskeyns aromprofil.<\/p>\n<p>Men i grund och botten \u00e4r detta ett fruktigt, avrundat och fylligt vin med behaglig m\u00f6rk b\u00e4rfrukt, med lite kaffeyoghurt och vaniljnoter som tillsammans ger en s\u00f6ml\u00f6s drickupplevelse.<\/p>\n<p>Njut av den tillsammans med en gourmet-burgare, br\u00e4serat eller grillat k\u00f6tt, en nyss skuren stek, eller som vinet p\u00e5 soffbordet n\u00e4r TV:n saknar s\u00e4llskap.<\/p>\n<p>Vi rekommenderar en serveringstemperatur p\u00e5 omkring 15-18\u00b0C.<\/p>\n","protected":false},"excerpt":{"rendered":"<p>California Red &#8211; USA<\/p>\n","protected":false},"featured_media":81899,"template":"","meta":{"_acf_changed":false,"rs_blank_template":"","rs_page_bg_color":"","slide_template_v7":""},"product_brand":[],"product_cat":[2788,2798],"product_tag":[],"class_list":{"0":"post-81857","1":"product","2":"type-product","3":"status-publish","4":"has-post-thumbnail","6":"product_cat-vin-sv","7":"product_cat-roedvin-sv","8":"pa_drue-zinfandel-sv","9":"pa_land-usa-sv","10":"pa_procent-14-sv","11":"pa_region-californien-sv","12":"pa_serveringstemperatur-15-18-sv","13":"pa_volume-75-sv","15":"first","16":"instock","17":"taxable","18":"shipping-taxable","19":"purchasable","20":"product-type-simple"},"bundled_by":["119768"],"bundle_stock_status":"instock","bundle_stock_quantity":null,"bundle_virtual":false,"bundle_layout":"","bundle_add_to_cart_form_location":"","bundle_editable_in_cart":false,"bundle_sold_individually_context":"","bundle_item_grouping":"","bundle_min_size":"","bundle_max_size":"","bundle_price":[],"bundled_items":[],"bundle_sell_ids":[],"acf":[],"_links":{"self":[{"href":"https:\/\/www.raschvin.com\/sv\/wp-json\/wp\/v2\/product\/81857","targetHints":{"allow":["GET"]}}],"collection":[{"href":"https:\/\/www.raschvin.com\/sv\/wp-json\/wp\/v2\/product"}],"about":[{"href":"https:\/\/www.raschvin.com\/sv\/wp-json\/wp\/v2\/types\/product"}],"wp:featuredmedia":[{"embeddable":true,"href":"https:\/\/www.raschvin.com\/sv\/wp-json\/wp\/v2\/media\/81899"}],"wp:attachment":[{"href":"https:\/\/www.raschvin.com\/sv\/wp-json\/wp\/v2\/media?parent=81857"}],"wp:term":[{"taxonomy":"product_brand","embeddable":true,"href":"https:\/\/www.raschvin.com\/sv\/wp-json\/wp\/v2\/product_brand?post=81857"},{"taxonomy":"product_cat","embeddable":true,"href":"https:\/\/www.raschvin.com\/sv\/wp-json\/wp\/v2\/product_cat?post=81857"},{"taxonomy":"product_tag","embeddable":true,"href":"https:\/\/www.raschvin.com\/sv\/wp-json\/wp\/v2\/product_tag?post=81857"}],"curies":[{"name":"wp","href":"https:\/\/api.w.org\/{rel}","templated":true}]}}