{"id":81842,"date":"2025-02-06T14:40:31","date_gmt":"2025-02-06T13:40:31","guid":{"rendered":"https:\/\/www.raschvin.com\/produkt\/la-villaudiere-sancerre-2023-75-cl\/"},"modified":"2025-11-14T07:35:20","modified_gmt":"2025-11-14T06:35:20","slug":"la-villaudiere-sancerre-2023-75-cl","status":"publish","type":"product","link":"https:\/\/www.raschvin.com\/sv\/produkt\/la-villaudiere-sancerre-2023-75-cl\/","title":{"rendered":"La Villaudiere Sancerre 2024 75 cl."},"content":{"rendered":"<p>I glaset framst\u00e5r vinet ljust och \u00e5terh\u00e5llsamt med subtila gyllene nyanser. Doften \u00e4r d\u00e4remot mycket uttrycksfull och bjuder p\u00e5 ljuvliga toner av vita blommor, fl\u00e4der, citrus, persika och en hint av tropisk frukt s\u00e5som ananas och passionsfrukt.<\/p>\n<p>Sancerre \u00e4r omr\u00e5det som alla Sauvignon Blanc-viner i v\u00e4rlden j\u00e4mf\u00f6rs med. Med detta vin i \u00e5tanke \u00e4r det l\u00e4tt att f\u00f6rst\u00e5 varf\u00f6r just denna region \u00e4r s\u00e5 beundrad och eftertraktad v\u00e4rlden \u00f6ver.<\/p>\n<p>En n\u00e4stintill perfekt vin till skaldjur och fisk i allm\u00e4nhet, som erbjuder en otroligt balanserad och krispig vitvin med frisk och ren syra, elegant mineralitet och lager p\u00e5 lager av komplexitet.<\/p>\n","protected":false},"excerpt":{"rendered":"<p>Domaine Jean Marie Reverdy &#8211; France<\/p>\n","protected":false},"featured_media":121766,"template":"","meta":{"_acf_changed":false,"rs_blank_template":"","rs_page_bg_color":"","slide_template_v7":""},"product_brand":[],"product_cat":[2788,2792],"product_tag":[],"class_list":{"0":"post-81842","1":"product","2":"type-product","3":"status-publish","4":"has-post-thumbnail","6":"product_cat-vin-sv","7":"product_cat-vitt-vin","8":"pa_aargang-2024-sv","9":"pa_drue-sauvignon-blanc-sv","10":"pa_land-frankrike","11":"pa_procent-13-5-sv","12":"pa_producent-domaine-jean-marie-reverdy-sv","13":"pa_region-sancerre-sv","14":"pa_serveringstemperatur-10-14-sv","15":"pa_volume-75-sv","17":"first","18":"instock","19":"taxable","20":"shipping-taxable","21":"purchasable","22":"product-type-simple"},"bundled_by":[],"bundle_stock_status":"instock","bundle_stock_quantity":null,"bundle_virtual":false,"bundle_layout":"","bundle_add_to_cart_form_location":"","bundle_editable_in_cart":false,"bundle_sold_individually_context":"","bundle_item_grouping":"","bundle_min_size":"","bundle_max_size":"","bundle_price":[],"bundled_items":[],"bundle_sell_ids":[],"acf":[],"_links":{"self":[{"href":"https:\/\/www.raschvin.com\/sv\/wp-json\/wp\/v2\/product\/81842","targetHints":{"allow":["GET"]}}],"collection":[{"href":"https:\/\/www.raschvin.com\/sv\/wp-json\/wp\/v2\/product"}],"about":[{"href":"https:\/\/www.raschvin.com\/sv\/wp-json\/wp\/v2\/types\/product"}],"wp:featuredmedia":[{"embeddable":true,"href":"https:\/\/www.raschvin.com\/sv\/wp-json\/wp\/v2\/media\/121766"}],"wp:attachment":[{"href":"https:\/\/www.raschvin.com\/sv\/wp-json\/wp\/v2\/media?parent=81842"}],"wp:term":[{"taxonomy":"product_brand","embeddable":true,"href":"https:\/\/www.raschvin.com\/sv\/wp-json\/wp\/v2\/product_brand?post=81842"},{"taxonomy":"product_cat","embeddable":true,"href":"https:\/\/www.raschvin.com\/sv\/wp-json\/wp\/v2\/product_cat?post=81842"},{"taxonomy":"product_tag","embeddable":true,"href":"https:\/\/www.raschvin.com\/sv\/wp-json\/wp\/v2\/product_tag?post=81842"}],"curies":[{"name":"wp","href":"https:\/\/api.w.org\/{rel}","templated":true}]}}