{"id":81839,"date":"2025-02-06T14:32:24","date_gmt":"2025-02-06T13:32:24","guid":{"rendered":"https:\/\/www.raschvin.com\/produkt\/domaine-de-la-garenne-sancerre-les-bouffants-2023-75-cl\/"},"modified":"2025-11-14T08:44:15","modified_gmt":"2025-11-14T07:44:15","slug":"domaine-de-la-garenne-sancerre-les-bouffants-2023-75-cl","status":"publish","type":"product","link":"https:\/\/www.raschvin.com\/sv\/produkt\/domaine-de-la-garenne-sancerre-les-bouffants-2023-75-cl\/","title":{"rendered":"Domaine de la Garenne Sancerre Les Bouffants 2024 75 cl."},"content":{"rendered":"<p>Klassisk, Stilfull och Livlig Sauvignon Blanc.<br \/>\nFrisk och fruktig med eleganta toner av flinta, krusb\u00e4r, \u00e4pplen och p\u00e4ron.<\/p>\n<p>93 PO\u00c4NG \u2013 WineWherEver<br \/>\n&#8221;V\u00e4nlig och inbjudande p\u00e5 alla s\u00e4tt och vis&#8221;<br \/>\nEn relativt fruktig och l\u00e4tt s\u00f6t Sancerre med toner av fl\u00e4derblommor, saftiga persikor och citronlemonad. Den har en fin fyllighet och en frisk, n\u00e4stan spritsig syra som ger vinet en livlig karakt\u00e4r. Avslutningen har en subtil mineralisk och fenolisk touch som sk\u00e4nker extra djup. Ett vin som \u00e4r v\u00e4nligt och inbjudande p\u00e5 alla plan.<\/p>\n<p>Om Domaine de la Garenne<\/p>\n<p>Enast\u00e5ende friskhet fr\u00e5n Frankrike. Domaine de la Garenne drivs av Bernard No\u00ebl Reverdy, som tillsammans med sin familj sk\u00f6ter allt fr\u00e5n ving\u00e5rdsarbete till vinifiering, lagring och buteljering. Detta engagemang s\u00e4kerst\u00e4ller den genomg\u00e5ende h\u00f6ga kvalitet som gjort egendomen k\u00e4nd och respekterad.<\/p>\n<p>Domaine de la Garenne producerar en klassisk vit Sancerre med frisk doft av \u00e4pple, krusb\u00e4r och lime. Dessutom tillverkas sm\u00e5 m\u00e4ngder ros\u00e9- och r\u00f6dvin.<\/p>\n","protected":false},"excerpt":{"rendered":"<p>Godon-Reverdy \u2013 France<\/p>\n","protected":false},"featured_media":81875,"template":"","meta":{"_acf_changed":false,"rs_blank_template":"","rs_page_bg_color":"","slide_template_v7":""},"product_brand":[],"product_cat":[2788,2792],"product_tag":[],"class_list":{"0":"post-81839","1":"product","2":"type-product","3":"status-publish","4":"has-post-thumbnail","6":"product_cat-vin-sv","7":"product_cat-vitt-vin","8":"pa_aargang-2024-sv","9":"pa_drue-sauvignon-blanc-sv","10":"pa_land-frankrike","11":"pa_procent-13-5-sv","12":"pa_producent-domaine-de-la-garenne-sv","13":"pa_region-sancerre-sv","14":"pa_serveringstemperatur-10-14-sv","15":"pa_volume-75-sv","17":"first","18":"instock","19":"taxable","20":"shipping-taxable","21":"purchasable","22":"product-type-simple"},"bundled_by":[],"bundle_stock_status":"instock","bundle_stock_quantity":null,"bundle_virtual":false,"bundle_layout":"","bundle_add_to_cart_form_location":"","bundle_editable_in_cart":false,"bundle_sold_individually_context":"","bundle_item_grouping":"","bundle_min_size":"","bundle_max_size":"","bundle_price":[],"bundled_items":[],"bundle_sell_ids":[],"acf":[],"_links":{"self":[{"href":"https:\/\/www.raschvin.com\/sv\/wp-json\/wp\/v2\/product\/81839","targetHints":{"allow":["GET"]}}],"collection":[{"href":"https:\/\/www.raschvin.com\/sv\/wp-json\/wp\/v2\/product"}],"about":[{"href":"https:\/\/www.raschvin.com\/sv\/wp-json\/wp\/v2\/types\/product"}],"wp:featuredmedia":[{"embeddable":true,"href":"https:\/\/www.raschvin.com\/sv\/wp-json\/wp\/v2\/media\/81875"}],"wp:attachment":[{"href":"https:\/\/www.raschvin.com\/sv\/wp-json\/wp\/v2\/media?parent=81839"}],"wp:term":[{"taxonomy":"product_brand","embeddable":true,"href":"https:\/\/www.raschvin.com\/sv\/wp-json\/wp\/v2\/product_brand?post=81839"},{"taxonomy":"product_cat","embeddable":true,"href":"https:\/\/www.raschvin.com\/sv\/wp-json\/wp\/v2\/product_cat?post=81839"},{"taxonomy":"product_tag","embeddable":true,"href":"https:\/\/www.raschvin.com\/sv\/wp-json\/wp\/v2\/product_tag?post=81839"}],"curies":[{"name":"wp","href":"https:\/\/api.w.org\/{rel}","templated":true}]}}